{"id":97,"date":"2020-05-10T17:28:18","date_gmt":"2020-05-10T16:28:18","guid":{"rendered":"https:\/\/jakttokig.se\/?post_type=product&#038;p=97"},"modified":"2020-06-11T22:10:09","modified_gmt":"2020-06-11T21:10:09","slug":"22-250-piplaser","status":"publish","type":"product","link":"https:\/\/jakttokig.se\/?product=22-250-piplaser","title":{"rendered":".22-250 piplaser"},"content":{"rendered":"<p>Tr\u00f6tt p\u00e5 att beh\u00f6va skjuta mer \u00e4n n\u00f6dv\u00e4ndigt f\u00f6r att justera in siktet?<\/p>\n<p>Med denna &#8221;laserpatron&#8221; ser du p\u00e5 ett ungef\u00e4r vart f\u00f6rst skottet kommer ta vid inskjutning av ditt sikte, och du kan justera h\u00e5rkorset s\u00e5 det st\u00e4mmer \u00f6verens med ljusfl\u00e4cken p\u00e5 m\u00e5ltavlan.\u00a0 Den fungerar ocks\u00e5 utm\u00e4rkt f\u00f6r att bekr\u00e4fta att siktet inte st\u00e4llt om sig under transport, om man vet att laserpricken och h\u00e5rkorset samanfaller p\u00e5 ett givet avst\u00e5nd. Drivs med knappcellsbatterier, 3 st, medf\u00f6ljer ej.<\/p>\n<p><a href=\"https:\/\/jakttokig.se\/wp-content\/uploads\/2020\/04\/22-250borelaserr.jpg\">OBS! Produkten s\u00e4nder ut laser-ljus p\u00e5 en synlig v\u00e5gl\u00e4ngd, men ljuset kan vara skadligt om man riktar mot \u00f6gat!<br \/>\n<img loading=\"lazy\" decoding=\"async\" class=\"alignnone size-medium wp-image-88\" src=\"https:\/\/jakttokig.se\/wp-content\/uploads\/2020\/04\/22-250borelaserr-167x300.jpg\" alt=\"\" width=\"167\" height=\"300\" srcset=\"https:\/\/jakttokig.se\/wp-content\/uploads\/2020\/04\/22-250borelaserr-167x300.jpg 167w, https:\/\/jakttokig.se\/wp-content\/uploads\/2020\/04\/22-250borelaserr.jpg 236w\" sizes=\"auto, (max-width: 167px) 100vw, 167px\" \/><\/a><\/p>\n","protected":false},"excerpt":{"rendered":"<p><a href=\"https:\/\/jakttokig.se\/wp-content\/uploads\/2020\/04\/22-250borelaser_liggande.jpg\"><img loading=\"lazy\" decoding=\"async\" class=\"alignnone size-medium wp-image-87\" src=\"https:\/\/jakttokig.se\/wp-content\/uploads\/2020\/04\/22-250borelaser_liggande-300x184.jpg\" alt=\"\" width=\"300\" height=\"184\" srcset=\"https:\/\/jakttokig.se\/wp-content\/uploads\/2020\/04\/22-250borelaser_liggande-300x184.jpg 300w, https:\/\/jakttokig.se\/wp-content\/uploads\/2020\/04\/22-250borelaser_liggande-416x254.jpg 416w, https:\/\/jakttokig.se\/wp-content\/uploads\/2020\/04\/22-250borelaser_liggande.jpg 425w\" sizes=\"auto, (max-width: 300px) 100vw, 300px\" \/><\/a><a href=\"https:\/\/jakttokig.se\/wp-content\/uploads\/2020\/04\/22-250borelaserr.jpg\"><img loading=\"lazy\" decoding=\"async\" class=\"alignnone size-medium wp-image-88\" src=\"https:\/\/jakttokig.se\/wp-content\/uploads\/2020\/04\/22-250borelaserr-167x300.jpg\" alt=\"\" width=\"167\" height=\"300\" srcset=\"https:\/\/jakttokig.se\/wp-content\/uploads\/2020\/04\/22-250borelaserr-167x300.jpg 167w, https:\/\/jakttokig.se\/wp-content\/uploads\/2020\/04\/22-250borelaserr.jpg 236w\" sizes=\"auto, (max-width: 167px) 100vw, 167px\" \/><\/a><\/p>\n","protected":false},"featured_media":88,"comment_status":"open","ping_status":"closed","template":"","meta":[],"product_brand":[],"product_cat":[22],"product_tag":[],"class_list":{"0":"post-97","1":"product","2":"type-product","3":"status-publish","4":"has-post-thumbnail","6":"product_cat-vapenvard","8":"first","9":"instock","10":"taxable","11":"shipping-taxable","12":"purchasable","13":"product-type-simple"},"jetpack_sharing_enabled":true,"_links":{"self":[{"href":"https:\/\/jakttokig.se\/index.php?rest_route=\/wp\/v2\/product\/97","targetHints":{"allow":["GET"]}}],"collection":[{"href":"https:\/\/jakttokig.se\/index.php?rest_route=\/wp\/v2\/product"}],"about":[{"href":"https:\/\/jakttokig.se\/index.php?rest_route=\/wp\/v2\/types\/product"}],"replies":[{"embeddable":true,"href":"https:\/\/jakttokig.se\/index.php?rest_route=%2Fwp%2Fv2%2Fcomments&post=97"}],"wp:featuredmedia":[{"embeddable":true,"href":"https:\/\/jakttokig.se\/index.php?rest_route=\/wp\/v2\/media\/88"}],"wp:attachment":[{"href":"https:\/\/jakttokig.se\/index.php?rest_route=%2Fwp%2Fv2%2Fmedia&parent=97"}],"wp:term":[{"taxonomy":"product_brand","embeddable":true,"href":"https:\/\/jakttokig.se\/index.php?rest_route=%2Fwp%2Fv2%2Fproduct_brand&post=97"},{"taxonomy":"product_cat","embeddable":true,"href":"https:\/\/jakttokig.se\/index.php?rest_route=%2Fwp%2Fv2%2Fproduct_cat&post=97"},{"taxonomy":"product_tag","embeddable":true,"href":"https:\/\/jakttokig.se\/index.php?rest_route=%2Fwp%2Fv2%2Fproduct_tag&post=97"}],"curies":[{"name":"wp","href":"https:\/\/api.w.org\/{rel}","templated":true}]}}