{"id":95,"date":"2020-05-10T17:09:28","date_gmt":"2020-05-10T16:09:28","guid":{"rendered":"https:\/\/jakttokig.se\/?post_type=product&#038;p=95"},"modified":"2022-03-02T11:40:32","modified_gmt":"2022-03-02T10:40:32","slug":"pip-orm-kaliber-30","status":"publish","type":"product","link":"https:\/\/jakttokig.se\/?product=pip-orm-kaliber-30","title":{"rendered":"Pip-orm, kaliber 30"},"content":{"rendered":"<blockquote><p><a href=\"https:\/\/jakttokig.se\/wp-content\/uploads\/2020\/04\/pip-orm30.jpg\"><img loading=\"lazy\" decoding=\"async\" class=\"alignnone wp-image-85 size-medium\" src=\"https:\/\/jakttokig.se\/wp-content\/uploads\/2020\/04\/pip-orm30-300x210.jpg\" alt=\"\" width=\"300\" height=\"210\" srcset=\"https:\/\/jakttokig.se\/wp-content\/uploads\/2020\/04\/pip-orm30-300x210.jpg 300w, https:\/\/jakttokig.se\/wp-content\/uploads\/2020\/04\/pip-orm30-416x292.jpg 416w, https:\/\/jakttokig.se\/wp-content\/uploads\/2020\/04\/pip-orm30.jpg 425w\" sizes=\"auto, (max-width: 300px) 100vw, 300px\" \/><\/a>Pip-orm, ett mycket enkelt s\u00e4tt att g\u00f6ra ren pipan i skogen! Perfekt att ha med i benfickan eller ryggs\u00e4cken, och efter avslutad jakt eller tr\u00e4ning dra igenom pipan en g\u00e5ng eller tv\u00e5, och ha vapenv\u00e5rden klar n\u00e4r man kommer hem. Ett litet tips: spraya sista 5 cm p\u00e5 pip-ormen med vapenolja, och f\u00f6rvara den ihoprullad i p\u00e5sen. d\u00e5 l\u00e4mnar den en tunn oljefilm i pipan n\u00e4r du drar igenom n\u00e4sta g\u00e5ng!<\/p><\/blockquote>\n<p>Kaliber .30, 7,6-8mm. En m\u00e4ssingsborste inv\u00e4vd i materialet. Paracord draglina med m\u00e4ssings\u00e4nde.<\/p>\n<p><a href=\"https:\/\/jakttokig.se\/wp-content\/uploads\/2020\/04\/pip-orm22_2.jpg\"><br \/>\n<\/a><a href=\"https:\/\/jakttokig.se\/wp-content\/uploads\/2020\/04\/pip-orm30.jpg\"><img loading=\"lazy\" decoding=\"async\" class=\"alignnone wp-image-85 size-medium\" src=\"https:\/\/jakttokig.se\/wp-content\/uploads\/2020\/04\/pip-orm30-300x210.jpg\" alt=\"\" width=\"300\" height=\"210\" srcset=\"https:\/\/jakttokig.se\/wp-content\/uploads\/2020\/04\/pip-orm30-300x210.jpg 300w, https:\/\/jakttokig.se\/wp-content\/uploads\/2020\/04\/pip-orm30-416x292.jpg 416w, https:\/\/jakttokig.se\/wp-content\/uploads\/2020\/04\/pip-orm30.jpg 425w\" sizes=\"auto, (max-width: 300px) 100vw, 300px\" \/><\/a><\/p>\n","protected":false},"excerpt":{"rendered":"<p><a href=\"https:\/\/jakttokig.se\/wp-content\/uploads\/2020\/04\/pip-orm30.jpg\"><img loading=\"lazy\" decoding=\"async\" class=\"alignnone wp-image-85 size-medium\" src=\"https:\/\/jakttokig.se\/wp-content\/uploads\/2020\/04\/pip-orm30-300x210.jpg\" alt=\"\" width=\"300\" height=\"210\" srcset=\"https:\/\/jakttokig.se\/wp-content\/uploads\/2020\/04\/pip-orm30-300x210.jpg 300w, https:\/\/jakttokig.se\/wp-content\/uploads\/2020\/04\/pip-orm30-416x292.jpg 416w, https:\/\/jakttokig.se\/wp-content\/uploads\/2020\/04\/pip-orm30.jpg 425w\" sizes=\"auto, (max-width: 300px) 100vw, 300px\" \/><\/a><\/p>\n","protected":false},"featured_media":85,"comment_status":"open","ping_status":"closed","template":"","meta":[],"product_brand":[],"product_cat":[22],"product_tag":[],"class_list":{"0":"post-95","1":"product","2":"type-product","3":"status-publish","4":"has-post-thumbnail","6":"product_cat-vapenvard","8":"first","9":"instock","10":"sale","11":"taxable","12":"shipping-taxable","13":"purchasable","14":"product-type-simple"},"jetpack_sharing_enabled":true,"_links":{"self":[{"href":"https:\/\/jakttokig.se\/index.php?rest_route=\/wp\/v2\/product\/95","targetHints":{"allow":["GET"]}}],"collection":[{"href":"https:\/\/jakttokig.se\/index.php?rest_route=\/wp\/v2\/product"}],"about":[{"href":"https:\/\/jakttokig.se\/index.php?rest_route=\/wp\/v2\/types\/product"}],"replies":[{"embeddable":true,"href":"https:\/\/jakttokig.se\/index.php?rest_route=%2Fwp%2Fv2%2Fcomments&post=95"}],"wp:featuredmedia":[{"embeddable":true,"href":"https:\/\/jakttokig.se\/index.php?rest_route=\/wp\/v2\/media\/85"}],"wp:attachment":[{"href":"https:\/\/jakttokig.se\/index.php?rest_route=%2Fwp%2Fv2%2Fmedia&parent=95"}],"wp:term":[{"taxonomy":"product_brand","embeddable":true,"href":"https:\/\/jakttokig.se\/index.php?rest_route=%2Fwp%2Fv2%2Fproduct_brand&post=95"},{"taxonomy":"product_cat","embeddable":true,"href":"https:\/\/jakttokig.se\/index.php?rest_route=%2Fwp%2Fv2%2Fproduct_cat&post=95"},{"taxonomy":"product_tag","embeddable":true,"href":"https:\/\/jakttokig.se\/index.php?rest_route=%2Fwp%2Fv2%2Fproduct_tag&post=95"}],"curies":[{"name":"wp","href":"https:\/\/api.w.org\/{rel}","templated":true}]}}