{"id":93,"date":"2020-05-10T16:55:25","date_gmt":"2020-05-10T15:55:25","guid":{"rendered":"https:\/\/jakttokig.se\/?post_type=product&#038;p=93"},"modified":"2025-03-16T10:51:23","modified_gmt":"2025-03-16T09:51:23","slug":"pip-orm-kaliber-22","status":"publish","type":"product","link":"https:\/\/jakttokig.se\/?product=pip-orm-kaliber-22","title":{"rendered":"Pip-orm, kaliber 22"},"content":{"rendered":"<blockquote><p><a href=\"https:\/\/jakttokig.se\/wp-content\/uploads\/2020\/04\/pip-orm22_2.jpg\"><img loading=\"lazy\" decoding=\"async\" class=\"alignnone size-medium wp-image-84\" src=\"https:\/\/jakttokig.se\/wp-content\/uploads\/2020\/04\/pip-orm22_2-300x196.jpg\" alt=\"\" width=\"300\" height=\"196\" srcset=\"https:\/\/jakttokig.se\/wp-content\/uploads\/2020\/04\/pip-orm22_2-300x196.jpg 300w, https:\/\/jakttokig.se\/wp-content\/uploads\/2020\/04\/pip-orm22_2-416x272.jpg 416w, https:\/\/jakttokig.se\/wp-content\/uploads\/2020\/04\/pip-orm22_2.jpg 425w\" sizes=\"auto, (max-width: 300px) 100vw, 300px\" \/><\/a>Pip-orm, ett mycket enkelt s\u00e4tt att g\u00f6ra ren pipan i skogen! Perfekt att ha med i benfickan eller ryggs\u00e4cken, och efter avslutad jakt eller tr\u00e4ning dra igenom pipan en g\u00e5ng eller tv\u00e5, och ha vapenv\u00e5rden klar n\u00e4r man kommer hem. Ett litet tips: spraya sista 5 cm p\u00e5 pip-ormen med vapenolja, och f\u00f6rvara den ihoprullad i p\u00e5sen. d\u00e5 l\u00e4mnar den en tunn oljefilm i pipan n\u00e4r du drar igenom n\u00e4sta g\u00e5ng!<\/p><\/blockquote>\n<p>Kaliber .22\/.223,\u00a0 dubbla m\u00e4ssingsborstar inv\u00e4vda i materialet. Paracord draglina med m\u00e4ssings\u00e4nde.<\/p>\n<p><a href=\"https:\/\/jakttokig.se\/wp-content\/uploads\/2020\/04\/pip-orm22_2.jpg\"><br \/>\n<img loading=\"lazy\" decoding=\"async\" class=\"alignnone size-medium wp-image-84\" src=\"https:\/\/jakttokig.se\/wp-content\/uploads\/2020\/04\/pip-orm22_2-300x196.jpg\" alt=\"\" width=\"300\" height=\"196\" srcset=\"https:\/\/jakttokig.se\/wp-content\/uploads\/2020\/04\/pip-orm22_2-300x196.jpg 300w, https:\/\/jakttokig.se\/wp-content\/uploads\/2020\/04\/pip-orm22_2-416x272.jpg 416w, https:\/\/jakttokig.se\/wp-content\/uploads\/2020\/04\/pip-orm22_2.jpg 425w\" sizes=\"auto, (max-width: 300px) 100vw, 300px\" \/><\/a><\/p>\n","protected":false},"excerpt":{"rendered":"<p><a href=\"https:\/\/jakttokig.se\/wp-content\/uploads\/2020\/04\/pip-orm22_2.jpg\"><img loading=\"lazy\" decoding=\"async\" class=\"alignnone size-medium wp-image-84\" src=\"https:\/\/jakttokig.se\/wp-content\/uploads\/2020\/04\/pip-orm22_2-300x196.jpg\" alt=\"\" width=\"300\" height=\"196\" srcset=\"https:\/\/jakttokig.se\/wp-content\/uploads\/2020\/04\/pip-orm22_2-300x196.jpg 300w, https:\/\/jakttokig.se\/wp-content\/uploads\/2020\/04\/pip-orm22_2-416x272.jpg 416w, https:\/\/jakttokig.se\/wp-content\/uploads\/2020\/04\/pip-orm22_2.jpg 425w\" sizes=\"auto, (max-width: 300px) 100vw, 300px\" \/><\/a><\/p>\n","protected":false},"featured_media":84,"comment_status":"open","ping_status":"closed","template":"","meta":[],"product_brand":[],"product_cat":[22],"product_tag":[],"class_list":{"0":"post-93","1":"product","2":"type-product","3":"status-publish","4":"has-post-thumbnail","6":"product_cat-vapenvard","8":"first","9":"outofstock","10":"sale","11":"taxable","12":"shipping-taxable","13":"purchasable","14":"product-type-simple"},"jetpack_sharing_enabled":true,"_links":{"self":[{"href":"https:\/\/jakttokig.se\/index.php?rest_route=\/wp\/v2\/product\/93","targetHints":{"allow":["GET"]}}],"collection":[{"href":"https:\/\/jakttokig.se\/index.php?rest_route=\/wp\/v2\/product"}],"about":[{"href":"https:\/\/jakttokig.se\/index.php?rest_route=\/wp\/v2\/types\/product"}],"replies":[{"embeddable":true,"href":"https:\/\/jakttokig.se\/index.php?rest_route=%2Fwp%2Fv2%2Fcomments&post=93"}],"wp:featuredmedia":[{"embeddable":true,"href":"https:\/\/jakttokig.se\/index.php?rest_route=\/wp\/v2\/media\/84"}],"wp:attachment":[{"href":"https:\/\/jakttokig.se\/index.php?rest_route=%2Fwp%2Fv2%2Fmedia&parent=93"}],"wp:term":[{"taxonomy":"product_brand","embeddable":true,"href":"https:\/\/jakttokig.se\/index.php?rest_route=%2Fwp%2Fv2%2Fproduct_brand&post=93"},{"taxonomy":"product_cat","embeddable":true,"href":"https:\/\/jakttokig.se\/index.php?rest_route=%2Fwp%2Fv2%2Fproduct_cat&post=93"},{"taxonomy":"product_tag","embeddable":true,"href":"https:\/\/jakttokig.se\/index.php?rest_route=%2Fwp%2Fv2%2Fproduct_tag&post=93"}],"curies":[{"name":"wp","href":"https:\/\/api.w.org\/{rel}","templated":true}]}}