{"id":827,"date":"2026-05-07T15:31:57","date_gmt":"2026-05-07T14:31:57","guid":{"rendered":"https:\/\/jakttokig.se\/?post_type=product&#038;p=827"},"modified":"2026-05-08T09:49:34","modified_gmt":"2026-05-08T08:49:34","slug":"element-optics-etx-rodpunkt-3moa","status":"publish","type":"product","link":"https:\/\/jakttokig.se\/?product=element-optics-etx-rodpunkt-3moa","title":{"rendered":"Element Optics ETX R\u00f6dpunkt 3MOA"},"content":{"rendered":"<h2 class=\"tab-item-header\">BESKRIVNING<\/h2>\n<div class=\"tab-item-inner\">\n<div id=\"ctl00_ctl00_main_rightmain_ctl00_ctl00_tabContent_pnlProductDescription\" class=\"ajax__tab_panel\">\n<div id=\"ctl00_ctl00_main_rightmain_ctl00_ctl00_tabContent_pnlProductDescription_productDescription\" class=\"description\">\n<div class=\"table-2\">\n<p>\u2014 Auto ljusstyrka<\/p>\n<p>\u2014 Stort synf\u00e4lt<\/p>\n<p>\u2014 Toppmonterat batteri<\/p>\n<p>\u2014 St\u00f6ts\u00e4kert<\/p>\n<p>\u2014 &#8221;Shake-to-wake&#8221;<\/p>\n<p>\u2014 Parallax fri<\/p>\n<p>\u2014 Extra-l\u00e5g distortion<\/p>\n<p>\u2014 H\u00f6g energieffektivitet<\/p>\n<p>\u2014 RMR footprint<\/p>\n<p>\u2014 V\u00e4derbest\u00e4ndigt (ej dr\u00e4nkbar)<\/p>\n<p>\u2014 Batteri: CR1632<\/p>\n<p>&nbsp;<\/p>\n<p><iframe loading=\"lazy\" title=\"NEW for 2026 | Element ETX Red Dot\" width=\"980\" height=\"551\" src=\"https:\/\/www.youtube.com\/embed\/2DUjEykD_5I?feature=oembed\" frameborder=\"0\" allow=\"accelerometer; autoplay; clipboard-write; encrypted-media; gyroscope; picture-in-picture; web-share\" referrerpolicy=\"strict-origin-when-cross-origin\" allowfullscreen><\/iframe><\/p>\n<p><iframe loading=\"lazy\" title=\"The NEW Element ETX Red Dot | Product Overview\" width=\"980\" height=\"551\" src=\"https:\/\/www.youtube.com\/embed\/Q3Rzd7OeVVg?feature=oembed\" frameborder=\"0\" allow=\"accelerometer; autoplay; clipboard-write; encrypted-media; gyroscope; picture-in-picture; web-share\" referrerpolicy=\"strict-origin-when-cross-origin\" allowfullscreen><\/iframe><\/p>\n<\/div>\n<\/div>\n<\/div>\n<\/div>\n","protected":false},"excerpt":{"rendered":"<p>Element Optics ETX \u00e4r ett reflex r\u00f6dpunktssikte, en exakt och p\u00e5litlig l\u00f6sning f\u00f6r pistoler, hagelgev\u00e4r eller karbiner och gev\u00e4r. Byggd p\u00e5 det popul\u00e4ra &#8221;RMR footprint&#8221; (och med inkluderat picatinnyf\u00e4ste), s\u00e5 fyller ETX alla checkrutor f\u00f6r ett m\u00e5ngsidigt r\u00f6dpunktssikte: intuitiv funktion, stor display, l\u00e5gprofil bas och ruggat utseende. Vilket det sitter p\u00e5 ett dolt vapen i &#8221;auto-brightness&#8221; l\u00e4ge, anv\u00e4nds p\u00e5 ditt IPSC-vapen eller sitter som backup-sikte p\u00e5 ditt gev\u00e4r\/karbin,s\u00e5 \u00e4r ETX gjord f\u00f6r ett \u00e4ndam\u00e5l: att aldrig g\u00f6ra dig besviken!<\/p>\n","protected":false},"featured_media":830,"comment_status":"open","ping_status":"closed","template":"","meta":[],"product_brand":[],"product_cat":[20],"product_tag":[],"class_list":{"0":"post-827","1":"product","2":"type-product","3":"status-publish","4":"has-post-thumbnail","6":"product_cat-optik","8":"first","9":"instock","10":"taxable","11":"shipping-taxable","12":"purchasable","13":"product-type-simple"},"jetpack_sharing_enabled":true,"_links":{"self":[{"href":"https:\/\/jakttokig.se\/index.php?rest_route=\/wp\/v2\/product\/827","targetHints":{"allow":["GET"]}}],"collection":[{"href":"https:\/\/jakttokig.se\/index.php?rest_route=\/wp\/v2\/product"}],"about":[{"href":"https:\/\/jakttokig.se\/index.php?rest_route=\/wp\/v2\/types\/product"}],"replies":[{"embeddable":true,"href":"https:\/\/jakttokig.se\/index.php?rest_route=%2Fwp%2Fv2%2Fcomments&post=827"}],"wp:featuredmedia":[{"embeddable":true,"href":"https:\/\/jakttokig.se\/index.php?rest_route=\/wp\/v2\/media\/830"}],"wp:attachment":[{"href":"https:\/\/jakttokig.se\/index.php?rest_route=%2Fwp%2Fv2%2Fmedia&parent=827"}],"wp:term":[{"taxonomy":"product_brand","embeddable":true,"href":"https:\/\/jakttokig.se\/index.php?rest_route=%2Fwp%2Fv2%2Fproduct_brand&post=827"},{"taxonomy":"product_cat","embeddable":true,"href":"https:\/\/jakttokig.se\/index.php?rest_route=%2Fwp%2Fv2%2Fproduct_cat&post=827"},{"taxonomy":"product_tag","embeddable":true,"href":"https:\/\/jakttokig.se\/index.php?rest_route=%2Fwp%2Fv2%2Fproduct_tag&post=827"}],"curies":[{"name":"wp","href":"https:\/\/api.w.org\/{rel}","templated":true}]}}