{"id":799,"date":"2026-01-02T19:29:41","date_gmt":"2026-01-02T18:29:41","guid":{"rendered":"https:\/\/jakttokig.se\/?post_type=product&#038;p=799"},"modified":"2026-01-02T19:29:41","modified_gmt":"2026-01-02T18:29:41","slug":"spegel-hunt-eat-sleep-repeat","status":"publish","type":"product","link":"https:\/\/jakttokig.se\/?product=spegel-hunt-eat-sleep-repeat","title":{"rendered":"Spegel &#8221;Hunt Eat Sleep Repeat&#8221;"},"content":{"rendered":"<p><a href=\"https:\/\/jakttokig.se\/wp-content\/uploads\/2026\/01\/hesr-spegel_gra.jpg\"><img loading=\"lazy\" decoding=\"async\" class=\"alignnone size-medium wp-image-801\" src=\"https:\/\/jakttokig.se\/wp-content\/uploads\/2026\/01\/hesr-spegel_gra-243x300.jpg\" alt=\"\" width=\"243\" height=\"300\" \/><\/a><\/p>\n","protected":false},"excerpt":{"rendered":"<p><img loading=\"lazy\" decoding=\"async\" class=\"alignnone size-medium wp-image-801\" src=\"https:\/\/jakttokig.se\/wp-content\/uploads\/2026\/01\/hesr-spegel_gra-243x300.jpg\" alt=\"\" width=\"243\" height=\"300\" \/>Spegel med texten &#8221;Hunt Eat Sleep Repeat&#8221;, i f\u00e4rgerna skogsgr\u00f6nt, ljusgr\u00e5tt, svart och guld, allt inskuret i glaset. Storlek p\u00e5 spegeln 13&#215;18 cm, och den h\u00e4ngs l\u00e4tt upp p\u00e5 v\u00e4gg med dubbelh\u00e4ftande tape eller s\u00e4tts i en ram.<\/p>\n","protected":false},"featured_media":801,"comment_status":"open","ping_status":"closed","template":"","meta":[],"product_brand":[],"product_cat":[21,19],"product_tag":[],"class_list":{"0":"post-799","1":"product","2":"type-product","3":"status-publish","4":"has-post-thumbnail","6":"product_cat-eget","7":"product_cat-presentartiklar","9":"first","10":"instock","11":"taxable","12":"shipping-taxable","13":"purchasable","14":"product-type-simple"},"jetpack_sharing_enabled":true,"_links":{"self":[{"href":"https:\/\/jakttokig.se\/index.php?rest_route=\/wp\/v2\/product\/799","targetHints":{"allow":["GET"]}}],"collection":[{"href":"https:\/\/jakttokig.se\/index.php?rest_route=\/wp\/v2\/product"}],"about":[{"href":"https:\/\/jakttokig.se\/index.php?rest_route=\/wp\/v2\/types\/product"}],"replies":[{"embeddable":true,"href":"https:\/\/jakttokig.se\/index.php?rest_route=%2Fwp%2Fv2%2Fcomments&post=799"}],"wp:featuredmedia":[{"embeddable":true,"href":"https:\/\/jakttokig.se\/index.php?rest_route=\/wp\/v2\/media\/801"}],"wp:attachment":[{"href":"https:\/\/jakttokig.se\/index.php?rest_route=%2Fwp%2Fv2%2Fmedia&parent=799"}],"wp:term":[{"taxonomy":"product_brand","embeddable":true,"href":"https:\/\/jakttokig.se\/index.php?rest_route=%2Fwp%2Fv2%2Fproduct_brand&post=799"},{"taxonomy":"product_cat","embeddable":true,"href":"https:\/\/jakttokig.se\/index.php?rest_route=%2Fwp%2Fv2%2Fproduct_cat&post=799"},{"taxonomy":"product_tag","embeddable":true,"href":"https:\/\/jakttokig.se\/index.php?rest_route=%2Fwp%2Fv2%2Fproduct_tag&post=799"}],"curies":[{"name":"wp","href":"https:\/\/api.w.org\/{rel}","templated":true}]}}