{"id":793,"date":"2026-01-02T11:28:46","date_gmt":"2026-01-02T10:28:46","guid":{"rendered":"https:\/\/jakttokig.se\/?product=produkt"},"modified":"2026-01-02T17:55:45","modified_gmt":"2026-01-02T16:55:45","slug":"produkt","status":"publish","type":"product","link":"https:\/\/jakttokig.se\/?product=produkt","title":{"rendered":"Sm\u00f6rkniv i enetr\u00e4"},"content":{"rendered":"<p>Handgjorda sm\u00f6rknivar i enetr\u00e4, lasergraverade: &#8221;Idag \u00e4r en bra jaktdag!&#8221; och &#8221;Jakttokig.se &#8221; p\u00e5 motsatt sida.<\/p>\n<p>Att redan fr\u00e5n frukosten f\u00e5 en p\u00e5minnelse om att dagen kommer bli bra, g\u00f6r den bara b\u00e4ttre! K\u00e4nn den sk\u00f6na k\u00e4nslan av att stryka p\u00e5 sm\u00f6ret p\u00e5 frukostmackan med en tr\u00e4kniv som kommer att h\u00e5lla i flera \u00e5r!<\/p>\n","protected":false},"excerpt":{"rendered":"<p>Handgjorda sm\u00f6rknivar i enetr\u00e4, lasergraverade: &#8221;Idag \u00e4r en bra jaktdag!&#8221; och &#8221;Jakttokig.se &#8221; p\u00e5 motsatt sida. Att redan fr\u00e5n frukosten f\u00e5 en p\u00e5minnelse om att dagen kommer bli bra, g\u00f6r den bara b\u00e4ttre! K\u00e4nn den sk\u00f6na k\u00e4nslan av att stryka p\u00e5 sm\u00f6ret p\u00e5 frukostmackan med en tr\u00e4kniv som kommer att h\u00e5lla i flera \u00e5r!<\/p>\n","protected":false},"featured_media":791,"comment_status":"open","ping_status":"closed","template":"","meta":[],"product_brand":[],"product_cat":[21,19],"product_tag":[],"class_list":{"0":"post-793","1":"product","2":"type-product","3":"status-publish","4":"has-post-thumbnail","6":"product_cat-eget","7":"product_cat-presentartiklar","9":"first","10":"instock","11":"taxable","12":"shipping-taxable","13":"purchasable","14":"product-type-simple"},"jetpack_sharing_enabled":true,"_links":{"self":[{"href":"https:\/\/jakttokig.se\/index.php?rest_route=\/wp\/v2\/product\/793","targetHints":{"allow":["GET"]}}],"collection":[{"href":"https:\/\/jakttokig.se\/index.php?rest_route=\/wp\/v2\/product"}],"about":[{"href":"https:\/\/jakttokig.se\/index.php?rest_route=\/wp\/v2\/types\/product"}],"replies":[{"embeddable":true,"href":"https:\/\/jakttokig.se\/index.php?rest_route=%2Fwp%2Fv2%2Fcomments&post=793"}],"wp:featuredmedia":[{"embeddable":true,"href":"https:\/\/jakttokig.se\/index.php?rest_route=\/wp\/v2\/media\/791"}],"wp:attachment":[{"href":"https:\/\/jakttokig.se\/index.php?rest_route=%2Fwp%2Fv2%2Fmedia&parent=793"}],"wp:term":[{"taxonomy":"product_brand","embeddable":true,"href":"https:\/\/jakttokig.se\/index.php?rest_route=%2Fwp%2Fv2%2Fproduct_brand&post=793"},{"taxonomy":"product_cat","embeddable":true,"href":"https:\/\/jakttokig.se\/index.php?rest_route=%2Fwp%2Fv2%2Fproduct_cat&post=793"},{"taxonomy":"product_tag","embeddable":true,"href":"https:\/\/jakttokig.se\/index.php?rest_route=%2Fwp%2Fv2%2Fproduct_tag&post=793"}],"curies":[{"name":"wp","href":"https:\/\/api.w.org\/{rel}","templated":true}]}}