{"id":623,"date":"2024-07-31T13:05:58","date_gmt":"2024-07-31T12:05:58","guid":{"rendered":"https:\/\/jakttokig.se\/?post_type=product&#038;p=623"},"modified":"2024-09-01T00:08:09","modified_gmt":"2024-08-31T23:08:09","slug":"element-optics-titan-3k-rangefinder","status":"publish","type":"product","link":"https:\/\/jakttokig.se\/?product=element-optics-titan-3k-rangefinder","title":{"rendered":"Element Optics TITAN 3K Rangefinder"},"content":{"rendered":"<p><em><strong>TITAN 3K Rangefinder<\/strong><\/em><\/p>\n<p>TITAN 3K \u00e4r definitivt ingen vanlig avst\u00e5ndsm\u00e4tare! Med en knapptryckning m\u00e4ter du upp avst\u00e5ndet till m\u00e5l upp till 3000m (tester har gjorts d\u00e5 avst\u00e5nd upp till 4900 yards &#8211; 4480m &#8211; m\u00e4tts upp, s\u00e5 det finns viss marginal&#8230;). D\u00e4refter ber\u00e4knar det inbyggda ballistikchippet corioliseffektens inverkan p\u00e5 kulan, inverkan av skjutvinkel och v\u00e4derfaktorer och skickar \u00f6ver din data till appen i mobilen.<\/p>\n<p>18650-batteri som laddas via USB-C s\u00e4kerst\u00e4ller m\u00e5nga timmars kontinuerlig anv\u00e4ndning. Detta \u00e4r en &#8221;m\u00e5ste-ha&#8221;-produkt f\u00f6r den intresserade l\u00e5ngh\u00e5llsskytten! F\u00e4ste finns f\u00f6r att montera TITAN 3K p\u00e5 vanlig stativg\u00e4nga.<\/p>\n<p><iframe loading=\"lazy\" title=\"NEW Titan 3K Ballistic Rangefinder | Product Overview\" width=\"980\" height=\"551\" src=\"https:\/\/www.youtube.com\/embed\/6BBtvFyXLIQ?feature=oembed\" frameborder=\"0\" allow=\"accelerometer; autoplay; clipboard-write; encrypted-media; gyroscope; picture-in-picture; web-share\" referrerpolicy=\"strict-origin-when-cross-origin\" allowfullscreen><\/iframe><\/p>\n<ul>\n<li>Element Ballistics Chip<\/li>\n<li>Bluetooth Connectivity<\/li>\n<li>Dual-Color TOLED Display<\/li>\n<li>3000m range<\/li>\n<li>USB-C Charging<\/li>\n<li>18650 Battery<\/li>\n<li>7x Magnification<\/li>\n<li>Tripod Mountable<\/li>\n<li>Bag Included<\/li>\n<li>\n<table>\n<tbody>\n<tr>\n<td align=\"left\">MAGNIFICATION<\/td>\n<td align=\"left\">7x<\/td>\n<\/tr>\n<tr>\n<td align=\"left\">OBJECTIVE DIAMETER<\/td>\n<td align=\"left\">26mm<\/td>\n<\/tr>\n<tr>\n<td align=\"left\">LASER LENS<\/td>\n<td align=\"left\">32x26mm<\/td>\n<\/tr>\n<tr>\n<td align=\"left\">RANGING DISTANCE<\/td>\n<td align=\"left\">5-3000m<\/td>\n<\/tr>\n<tr>\n<td align=\"left\">CONNECTIVITY<\/td>\n<td align=\"left\">Bluetooth<\/td>\n<\/tr>\n<tr>\n<td align=\"left\">FIELD OF VIEW<\/td>\n<td align=\"left\">7 Degrees<\/td>\n<\/tr>\n<tr>\n<td align=\"left\">BATTERY<\/td>\n<td align=\"left\">USB Rechargeable 18650<\/td>\n<\/tr>\n<tr>\n<td align=\"left\">LENGTH<\/td>\n<td align=\"left\">126mm (4.96\u201d)<\/td>\n<\/tr>\n<tr>\n<td align=\"left\">WEIGHT<\/td>\n<td align=\"left\">362g (12.77oz)<\/td>\n<\/tr>\n<tr>\n<td align=\"left\">WEATHER RESISTANT<\/td>\n<td align=\"left\">YES<\/td>\n<\/tr>\n<tr>\n<td align=\"left\">BALLISTIC CHIP<\/td>\n<td align=\"left\">YES<\/td>\n<\/tr>\n<tr>\n<td align=\"left\">DISPLAY TYPE<\/td>\n<td align=\"left\">T-OLED<\/td>\n<\/tr>\n<\/tbody>\n<\/table>\n<\/li>\n<\/ul>\n","protected":false},"excerpt":{"rendered":"<p>TITAN 3K -avst\u00e5ndsm\u00e4taren f\u00f6r dig som vill utmana gr\u00e4nserna och spr\u00e4cka 2-kilometersvallen! Robust, laddbar avst\u00e5ndsm\u00e4tare med Bluetooth och inbyggd ballistikr\u00e4knare, som kan ge dig exakta m\u00e4tv\u00e4rden upp till &#8211; och troligen l\u00e4ngre \u00e4n &#8211; 3ooom!<\/p>\n","protected":false},"featured_media":614,"comment_status":"open","ping_status":"closed","template":"","meta":[],"product_brand":[],"product_cat":[40,20],"product_tag":[],"class_list":{"0":"post-623","1":"product","2":"type-product","3":"status-publish","4":"has-post-thumbnail","6":"product_cat-rf","7":"product_cat-optik","9":"first","10":"onbackorder","11":"taxable","12":"shipping-taxable","13":"purchasable","14":"product-type-simple"},"jetpack_sharing_enabled":true,"_links":{"self":[{"href":"https:\/\/jakttokig.se\/index.php?rest_route=\/wp\/v2\/product\/623","targetHints":{"allow":["GET"]}}],"collection":[{"href":"https:\/\/jakttokig.se\/index.php?rest_route=\/wp\/v2\/product"}],"about":[{"href":"https:\/\/jakttokig.se\/index.php?rest_route=\/wp\/v2\/types\/product"}],"replies":[{"embeddable":true,"href":"https:\/\/jakttokig.se\/index.php?rest_route=%2Fwp%2Fv2%2Fcomments&post=623"}],"wp:featuredmedia":[{"embeddable":true,"href":"https:\/\/jakttokig.se\/index.php?rest_route=\/wp\/v2\/media\/614"}],"wp:attachment":[{"href":"https:\/\/jakttokig.se\/index.php?rest_route=%2Fwp%2Fv2%2Fmedia&parent=623"}],"wp:term":[{"taxonomy":"product_brand","embeddable":true,"href":"https:\/\/jakttokig.se\/index.php?rest_route=%2Fwp%2Fv2%2Fproduct_brand&post=623"},{"taxonomy":"product_cat","embeddable":true,"href":"https:\/\/jakttokig.se\/index.php?rest_route=%2Fwp%2Fv2%2Fproduct_cat&post=623"},{"taxonomy":"product_tag","embeddable":true,"href":"https:\/\/jakttokig.se\/index.php?rest_route=%2Fwp%2Fv2%2Fproduct_tag&post=623"}],"curies":[{"name":"wp","href":"https:\/\/api.w.org\/{rel}","templated":true}]}}