{"id":619,"date":"2024-07-31T12:03:20","date_gmt":"2024-07-31T11:03:20","guid":{"rendered":"https:\/\/jakttokig.se\/?post_type=product&#038;p=619"},"modified":"2024-09-01T00:08:09","modified_gmt":"2024-08-31T23:08:09","slug":"element-optics-helix-rangefinder-1500","status":"publish","type":"product","link":"https:\/\/jakttokig.se\/?product=element-optics-helix-rangefinder-1500","title":{"rendered":"Element Optics Helix rangefinder 1500"},"content":{"rendered":"<p><em><strong>Helix rangefinder 1500<\/strong><\/em><\/p>\n<p>HELIX 1500 \u00e4r inte bara en vanlig avst\u00e5ndsm\u00e4tare! Trots det ultral\u00e4tta utf\u00f6randet kommer den ge dig en korrekt tr\u00e4ffl\u00e4gesber\u00e4kning ut till 1500 meter, med hj\u00e4lp av den fulla kraften av det integrerade ballistikchippet som Element Optics har utvecklat! Ange v\u00e4derf\u00f6rh\u00e5llande och avst\u00e5ndsm\u00e4taren tar h\u00e4nsyn till vinkel, corioliseffekten mm och skickar data till appen Element Ballistics i din iphone (https:\/\/apps.apple.com\/za\/app\/element-ballistics\/id6449587845) eller androidtelefon (https:\/\/play.google.com\/store\/apps\/details?id=com.microballistics.elementballistics&amp;pcampaignid=web_share), och visar relevant data p\u00e5 en kristallklar T-OLED display!<\/p>\n<p><iframe loading=\"lazy\" title=\"NEW Helix 1500 Ballistic Rangefinder | Product Overview\" width=\"980\" height=\"551\" src=\"https:\/\/www.youtube.com\/embed\/d8KhuHVcoI4?feature=oembed\" frameborder=\"0\" allow=\"accelerometer; autoplay; clipboard-write; encrypted-media; gyroscope; picture-in-picture; web-share\" referrerpolicy=\"strict-origin-when-cross-origin\" allowfullscreen><\/iframe><\/p>\n<ul>\n<li>Element Ballistics Chip<\/li>\n<li>Bluetooth Connectivity<\/li>\n<li>Dual-Color TOLED Display<\/li>\n<li>1500m range<\/li>\n<li>Featherweight Design<\/li>\n<li>6x Magnification<\/li>\n<li>Bag Included<\/li>\n<li>\n<table>\n<tbody>\n<tr>\n<td align=\"left\">MAGNIFICATION<\/td>\n<td align=\"left\">6x<\/td>\n<\/tr>\n<tr>\n<td align=\"left\">OBJECTIVE DIAMETER<\/td>\n<td align=\"left\">22mm<\/td>\n<\/tr>\n<tr>\n<td align=\"left\">LASER LENS<\/td>\n<td align=\"left\">10mm<\/td>\n<\/tr>\n<tr>\n<td align=\"left\">RANGING DISTANCE<\/td>\n<td align=\"left\">5-1500m<\/td>\n<\/tr>\n<tr>\n<td align=\"left\">CONNECTIVITY<\/td>\n<td align=\"left\">Bluetooth<\/td>\n<\/tr>\n<tr>\n<td align=\"left\">FIELD OF VIEW<\/td>\n<td align=\"left\">7 Degrees<\/td>\n<\/tr>\n<tr>\n<td align=\"left\">BATTERY<\/td>\n<td align=\"left\">CR2<\/td>\n<\/tr>\n<tr>\n<td align=\"left\">LENGTH<\/td>\n<td align=\"left\">100mm (3.94\u201d)<\/td>\n<\/tr>\n<tr>\n<td align=\"left\">WEIGHT<\/td>\n<td align=\"left\">150g (5.29oz)<\/td>\n<\/tr>\n<tr>\n<td align=\"left\">WEATHER RESISTANT<\/td>\n<td align=\"left\">YES<\/td>\n<\/tr>\n<tr>\n<td align=\"left\">BALLISTIC CHIP<\/td>\n<td align=\"left\">YES<\/td>\n<\/tr>\n<tr>\n<td align=\"left\">DISPLAY TYPE<\/td>\n<td align=\"left\">T-OLED<\/td>\n<\/tr>\n<\/tbody>\n<\/table>\n<\/li>\n<\/ul>\n","protected":false},"excerpt":{"rendered":"<p>HELIX rangefinder 1500 &#8211; en smidig avst\u00e5ndsm\u00e4tare f\u00f6r avst\u00e5nd upp till 1500m, med inbyggd ballistisk ber\u00e4kning och tydlig display. Den visar kompensationen f\u00f6r siktet i MRAD eller MOA, och kan s\u00e4nda data \u00f6ver till mobilen via Bluetooth!<\/p>\n","protected":false},"featured_media":620,"comment_status":"open","ping_status":"closed","template":"","meta":[],"product_brand":[],"product_cat":[40,20],"product_tag":[],"class_list":{"0":"post-619","1":"product","2":"type-product","3":"status-publish","4":"has-post-thumbnail","6":"product_cat-rf","7":"product_cat-optik","9":"first","10":"onbackorder","11":"taxable","12":"shipping-taxable","13":"purchasable","14":"product-type-simple"},"jetpack_sharing_enabled":true,"_links":{"self":[{"href":"https:\/\/jakttokig.se\/index.php?rest_route=\/wp\/v2\/product\/619","targetHints":{"allow":["GET"]}}],"collection":[{"href":"https:\/\/jakttokig.se\/index.php?rest_route=\/wp\/v2\/product"}],"about":[{"href":"https:\/\/jakttokig.se\/index.php?rest_route=\/wp\/v2\/types\/product"}],"replies":[{"embeddable":true,"href":"https:\/\/jakttokig.se\/index.php?rest_route=%2Fwp%2Fv2%2Fcomments&post=619"}],"wp:featuredmedia":[{"embeddable":true,"href":"https:\/\/jakttokig.se\/index.php?rest_route=\/wp\/v2\/media\/620"}],"wp:attachment":[{"href":"https:\/\/jakttokig.se\/index.php?rest_route=%2Fwp%2Fv2%2Fmedia&parent=619"}],"wp:term":[{"taxonomy":"product_brand","embeddable":true,"href":"https:\/\/jakttokig.se\/index.php?rest_route=%2Fwp%2Fv2%2Fproduct_brand&post=619"},{"taxonomy":"product_cat","embeddable":true,"href":"https:\/\/jakttokig.se\/index.php?rest_route=%2Fwp%2Fv2%2Fproduct_cat&post=619"},{"taxonomy":"product_tag","embeddable":true,"href":"https:\/\/jakttokig.se\/index.php?rest_route=%2Fwp%2Fv2%2Fproduct_tag&post=619"}],"curies":[{"name":"wp","href":"https:\/\/api.w.org\/{rel}","templated":true}]}}