{"id":604,"date":"2024-07-30T15:48:55","date_gmt":"2024-07-30T14:48:55","guid":{"rendered":"https:\/\/jakttokig.se\/?post_type=product&#038;p=604"},"modified":"2024-07-31T13:07:32","modified_gmt":"2024-07-31T12:07:32","slug":"element-optics-rf-module-avstandsmatare","status":"publish","type":"product","link":"https:\/\/jakttokig.se\/?product=element-optics-rf-module-avstandsmatare","title":{"rendered":"Element Optics RF MODULE &#8211; Avst\u00e5ndsm\u00e4tare"},"content":{"rendered":"<p><strong><em>Element Optics st\u00e4ller p\u00e5 vanligt vis allt p\u00e5 \u00e4nda, genom att utmana konceptet med en egen laser avst\u00e5ndsm\u00e4tare som placeras p\u00e5 siktet!<\/em><\/strong><\/p>\n<p>Ist\u00e4llet f\u00f6r att ha en avst\u00e5ndsm\u00e4tare som du f\u00e5r plocka upp och titta igenom, f\u00f6r att rikta m\u00e4tpunkten mot ditt m\u00e5l, monterar du och nollst\u00e4ller lasern mot ditt ordinarie riktmedel, och har en knapp att trycka p\u00e5 f\u00f6r att g\u00f6ra din m\u00e4tning p\u00e5 upp till 1000m. Avst\u00e5ndsm\u00e4taren\u00a0 har en liten men tydlig display som visar batteristatus, v\u00e4derleksf\u00f6rh\u00e5llandet, avst\u00e5ndet samt elevation och sidjustering, och kan \u00e4ven koppla via Bluetooth direkt till appen i mobilen, d\u00e4r du \u00e4ven har en grafisk bild \u00f6ver riktmedlet och hur du ska h\u00e5lla p\u00e5 m\u00e5let f\u00f6r att tr\u00e4ffa! Detta b\u00f6rjar n\u00e4rmast likna fusk, men som bekant &#8211; fusk \u00e4r det bara om n\u00e5gon annan kommer p\u00e5 det och anv\u00e4nder det f\u00f6r dig!<\/p>\n<p>Avst\u00e5ndsm\u00e4taren levereras tillsammans med ett justerbart Picatinnyf\u00e4ste och en &#8221;snabbknapp&#8221; som du ansluter i USB-C-uttaget och sedan kan f\u00e4sta p\u00e5 stocken p\u00e5 gev\u00e4ret.\u00a0 Allt f\u00f6r att underl\u00e4tta och g\u00f6ra s\u00e5 du p\u00e5 enklaste s\u00e4tt kan aktivera m\u00e4tningen. Element&#8217;s BallistikChip ger en korrekt siktl\u00e4gesber\u00e4kning, inkluderat lutning, Corioliseffektens &#8221;spin drift&#8221; och mycket mer, och appen fr\u00e5n Element Optics inneh\u00e5ller de olika riktmedlen p\u00e5 de olika siktena samt grundl\u00e4ggande ballistisk data f\u00f6r de vanligaste fabrikaten av ammunition i de vanligaste kalibrarna. Du kan v\u00e4lja mellan flera olika profiler f\u00f6r f\u00f6rinst\u00e4llning och du kan skapa egna ballilstikkort\u00a0 f\u00f6r den ammunition just du anv\u00e4nder, om den inte redan skulle finnas.<\/p>\n<p><iframe loading=\"lazy\" title=\"NEW Element Rangefinder Module | Product Overview\" width=\"980\" height=\"551\" src=\"https:\/\/www.youtube.com\/embed\/LBjAKZmfS_c?feature=oembed\" frameborder=\"0\" allow=\"accelerometer; autoplay; clipboard-write; encrypted-media; gyroscope; picture-in-picture; web-share\" referrerpolicy=\"strict-origin-when-cross-origin\" allowfullscreen><\/iframe><\/p>\n<ul>\n<li>Weapon Mountable<\/li>\n<li>Element Ballistics Chip<\/li>\n<li>Bluetooth Connectivity<\/li>\n<li>Remote Switch Included<\/li>\n<li>1000m range<\/li>\n<li>USB-C Charging<\/li>\n<li>\n<table>\n<tbody>\n<tr>\n<td align=\"left\">TUBE DIAMETER<\/td>\n<td align=\"left\">30mm<\/td>\n<\/tr>\n<tr>\n<td align=\"left\">RANGING DISTANCE<\/td>\n<td align=\"left\">5-1000m<\/td>\n<\/tr>\n<tr>\n<td align=\"left\">CONNECTIVITY<\/td>\n<td align=\"left\">Bluetooth<\/td>\n<\/tr>\n<tr>\n<td align=\"left\">BEAM DIVERGENCE<\/td>\n<td align=\"left\">2 MRAD<\/td>\n<\/tr>\n<tr>\n<td align=\"left\">BATTERY<\/td>\n<td align=\"left\">Rechargeable CR2<\/td>\n<\/tr>\n<tr>\n<td align=\"left\">LENGTH<\/td>\n<td align=\"left\">97.3mm (3.83\u201d)<\/td>\n<\/tr>\n<tr>\n<td align=\"left\">WEIGHT<\/td>\n<td align=\"left\">116g (4.09oz)<\/td>\n<\/tr>\n<tr>\n<td align=\"left\">WEATHER RESISTANT<\/td>\n<td align=\"left\">YES<\/td>\n<\/tr>\n<tr>\n<td align=\"left\">BALLISTIC CHIP<\/td>\n<td align=\"left\">YES<\/td>\n<\/tr>\n<\/tbody>\n<\/table>\n<\/li>\n<\/ul>\n","protected":false},"excerpt":{"rendered":"<p><a href=\"https:\/\/jakttokig.se\/wp-content\/uploads\/2024\/07\/EO-RF-1.png\"><img loading=\"lazy\" decoding=\"async\" class=\"alignnone size-medium wp-image-605\" src=\"https:\/\/jakttokig.se\/wp-content\/uploads\/2024\/07\/EO-RF-1-300x184.png\" alt=\"\" width=\"300\" height=\"184\" srcset=\"https:\/\/jakttokig.se\/wp-content\/uploads\/2024\/07\/EO-RF-1-300x184.png 300w, https:\/\/jakttokig.se\/wp-content\/uploads\/2024\/07\/EO-RF-1-416x255.png 416w, https:\/\/jakttokig.se\/wp-content\/uploads\/2024\/07\/EO-RF-1.png 460w\" sizes=\"auto, (max-width: 300px) 100vw, 300px\" \/><\/a> <a href=\"https:\/\/jakttokig.se\/wp-content\/uploads\/2024\/07\/rfmoudle2.png\"><img loading=\"lazy\" decoding=\"async\" class=\"alignnone size-medium wp-image-606\" src=\"https:\/\/jakttokig.se\/wp-content\/uploads\/2024\/07\/rfmoudle2-300x204.png\" alt=\"\" width=\"300\" height=\"204\" srcset=\"https:\/\/jakttokig.se\/wp-content\/uploads\/2024\/07\/rfmoudle2-300x204.png 300w, https:\/\/jakttokig.se\/wp-content\/uploads\/2024\/07\/rfmoudle2-416x283.png 416w, https:\/\/jakttokig.se\/wp-content\/uploads\/2024\/07\/rfmoudle2.png 460w\" sizes=\"auto, (max-width: 300px) 100vw, 300px\" \/><\/a> <a href=\"https:\/\/jakttokig.se\/wp-content\/uploads\/2024\/07\/rfmoudle4monterad-HYPR-7.png\"><img loading=\"lazy\" decoding=\"async\" class=\"alignnone size-medium wp-image-607\" src=\"https:\/\/jakttokig.se\/wp-content\/uploads\/2024\/07\/rfmoudle4monterad-HYPR-7-300x240.png\" alt=\"\" width=\"300\" height=\"240\" srcset=\"https:\/\/jakttokig.se\/wp-content\/uploads\/2024\/07\/rfmoudle4monterad-HYPR-7-300x240.png 300w, https:\/\/jakttokig.se\/wp-content\/uploads\/2024\/07\/rfmoudle4monterad-HYPR-7-416x333.png 416w, https:\/\/jakttokig.se\/wp-content\/uploads\/2024\/07\/rfmoudle4monterad-HYPR-7.png 460w\" sizes=\"auto, (max-width: 300px) 100vw, 300px\" \/><\/a> <a href=\"https:\/\/jakttokig.se\/wp-content\/uploads\/2024\/07\/rfmoudle6.png\"><img loading=\"lazy\" decoding=\"async\" class=\"alignnone size-medium wp-image-608\" src=\"https:\/\/jakttokig.se\/wp-content\/uploads\/2024\/07\/rfmoudle6-300x170.png\" alt=\"\" width=\"300\" height=\"170\" srcset=\"https:\/\/jakttokig.se\/wp-content\/uploads\/2024\/07\/rfmoudle6-300x170.png 300w, https:\/\/jakttokig.se\/wp-content\/uploads\/2024\/07\/rfmoudle6-416x235.png 416w, https:\/\/jakttokig.se\/wp-content\/uploads\/2024\/07\/rfmoudle6.png 460w\" sizes=\"auto, (max-width: 300px) 100vw, 300px\" \/><\/a> <a href=\"https:\/\/jakttokig.se\/wp-content\/uploads\/2024\/07\/rfmoudlebak.png\"><img loading=\"lazy\" decoding=\"async\" class=\"alignnone size-medium wp-image-609\" src=\"https:\/\/jakttokig.se\/wp-content\/uploads\/2024\/07\/rfmoudlebak.png\" alt=\"\" width=\"100\" height=\"84\" \/><\/a><\/p>\n","protected":false},"featured_media":605,"comment_status":"open","ping_status":"closed","template":"","meta":[],"product_brand":[],"product_cat":[40,20],"product_tag":[],"class_list":{"0":"post-604","1":"product","2":"type-product","3":"status-publish","4":"has-post-thumbnail","6":"product_cat-rf","7":"product_cat-optik","9":"first","10":"onbackorder","11":"taxable","12":"shipping-taxable","13":"purchasable","14":"product-type-simple"},"jetpack_sharing_enabled":true,"_links":{"self":[{"href":"https:\/\/jakttokig.se\/index.php?rest_route=\/wp\/v2\/product\/604","targetHints":{"allow":["GET"]}}],"collection":[{"href":"https:\/\/jakttokig.se\/index.php?rest_route=\/wp\/v2\/product"}],"about":[{"href":"https:\/\/jakttokig.se\/index.php?rest_route=\/wp\/v2\/types\/product"}],"replies":[{"embeddable":true,"href":"https:\/\/jakttokig.se\/index.php?rest_route=%2Fwp%2Fv2%2Fcomments&post=604"}],"wp:featuredmedia":[{"embeddable":true,"href":"https:\/\/jakttokig.se\/index.php?rest_route=\/wp\/v2\/media\/605"}],"wp:attachment":[{"href":"https:\/\/jakttokig.se\/index.php?rest_route=%2Fwp%2Fv2%2Fmedia&parent=604"}],"wp:term":[{"taxonomy":"product_brand","embeddable":true,"href":"https:\/\/jakttokig.se\/index.php?rest_route=%2Fwp%2Fv2%2Fproduct_brand&post=604"},{"taxonomy":"product_cat","embeddable":true,"href":"https:\/\/jakttokig.se\/index.php?rest_route=%2Fwp%2Fv2%2Fproduct_cat&post=604"},{"taxonomy":"product_tag","embeddable":true,"href":"https:\/\/jakttokig.se\/index.php?rest_route=%2Fwp%2Fv2%2Fproduct_tag&post=604"}],"curies":[{"name":"wp","href":"https:\/\/api.w.org\/{rel}","templated":true}]}}