{"id":55,"date":"2020-04-29T12:57:56","date_gmt":"2020-04-29T11:57:56","guid":{"rendered":"https:\/\/jakttokig.se\/?post_type=product&#038;p=55"},"modified":"2026-04-19T12:22:01","modified_gmt":"2026-04-19T11:22:01","slug":"hojt","status":"publish","type":"product","link":"https:\/\/jakttokig.se\/?product=hojt","title":{"rendered":"B\u00e4verhojt-essens, 3cl"},"content":{"rendered":"<p><a href=\"https:\/\/jakttokig.se\/wp-content\/uploads\/2020\/05\/hojt-2-1.jpg\"><img loading=\"lazy\" decoding=\"async\" class=\"alignnone size-medium wp-image-71\" src=\"https:\/\/jakttokig.se\/wp-content\/uploads\/2020\/05\/hojt-2-1-300x290.jpg\" alt=\"\" width=\"300\" height=\"290\" srcset=\"https:\/\/jakttokig.se\/wp-content\/uploads\/2020\/05\/hojt-2-1-300x290.jpg 300w, https:\/\/jakttokig.se\/wp-content\/uploads\/2020\/05\/hojt-2-1-416x402.jpg 416w, https:\/\/jakttokig.se\/wp-content\/uploads\/2020\/05\/hojt-2-1-1024x990.jpg 1024w, https:\/\/jakttokig.se\/wp-content\/uploads\/2020\/05\/hojt-2-1-768x742.jpg 768w, https:\/\/jakttokig.se\/wp-content\/uploads\/2020\/05\/hojt-2-1-1536x1484.jpg 1536w, https:\/\/jakttokig.se\/wp-content\/uploads\/2020\/05\/hojt-2-1.jpg 1723w\" sizes=\"auto, (max-width: 300px) 100vw, 300px\" \/><\/a><\/p>\n<p><strong>B\u00e4verhojt <\/strong><\/p>\n<blockquote>\n<h5>2025 \u00e5rs andra tappning \u00e4r sl\u00e4ppt!<\/h5>\n<h5><em>En tidl\u00f6s klassiker! Hojten har under \u00e5ren anv\u00e4nts som naturmedicin mot allehanda kr\u00e4mpor, fr\u00e5n nageltr\u00e5ng till potensproblem och Afrodisiak, och anv\u00e4ndningsomr\u00e5dena har varit lika m\u00e5nga som uppfattningen om hur det smakar. Essensen utvinns genom att b\u00e4verns g\u00e4ll-k\u00f6rtlar f\u00e5r ligga i 40-procentig sprit under minst 3 m\u00e5nader, ofta upp emot ett \u00e5r. Rester av alkohol kan f\u00f6rekomma i produkten. <\/em><\/h5>\n<\/blockquote>\n<p><strong>Denna produkt \u00e4r en essens<\/strong> &#8211; med andra ord s\u00e5 blandar man flaskans inneh\u00e5ll med 37 &#8211; 70 cl starksprit av okryddad karakt\u00e4r f\u00f6r att f\u00e5 den slutliga drycken. F\u00f6r de som tidigare &#8221;provat hojt&#8221; och tyckt att det smakat &#8221;b\u00e4ver&#8221; &#8211; grattis, ni har f\u00e5tt dricka denna typ av essens utan sp\u00e4dning, och uppt\u00e4ckt att man d\u00e5 b\u00e5de fiser och rapar &#8221;b\u00e4ver&#8221; i en vecka! Utblandat har drycken en angen\u00e4m doft och smak, och p\u00e5minner om b\u00e5de whiskey och cognac i karakt\u00e4ren.<\/p>\n<p><strong>Serveringsf\u00f6rslag:<\/strong> Serveras kyld, 3 &#8211; 8 grader Celsius, som snaps till Midsommarsillen eller rumsvarm, som avec till kaffet och som krydda till en god jakthistoria!<\/p>\n<p><strong>Smak och doft:<\/strong> toner av tobak, l\u00e4der, mysk, vilda blommor och vanilj.<\/p>\n<p><strong>Storlek:<\/strong> 3cl, garantif\u00f6rseglad PET. Sorteras som plastf\u00f6rpackning efter anv\u00e4ndning.<\/p>\n<p>Bild f\u00f6r flasketikett \u00e5terfinns i produktens bildgalleri.<\/p>\n","protected":false},"excerpt":{"rendered":"<p>Den perfekta drycken till Midsommarsillen!<\/p>\n<p>B\u00e4verhojt, en ren naturprodukt med m\u00e5nga, ur\u00e5ldriga anv\u00e4ndningsomr\u00e5den!<br \/>\n3cl essens, att blanda med valfri blanksprit!<\/p>\n","protected":false},"featured_media":71,"comment_status":"open","ping_status":"closed","template":"","meta":[],"product_brand":[],"product_cat":[16],"product_tag":[17,18],"class_list":{"0":"post-55","1":"product","2":"type-product","3":"status-publish","4":"has-post-thumbnail","6":"product_cat-essens","7":"product_tag-baverhojtessens","8":"product_tag-essens","10":"first","11":"instock","12":"taxable","13":"shipping-taxable","14":"purchasable","15":"product-type-simple"},"jetpack_sharing_enabled":true,"_links":{"self":[{"href":"https:\/\/jakttokig.se\/index.php?rest_route=\/wp\/v2\/product\/55","targetHints":{"allow":["GET"]}}],"collection":[{"href":"https:\/\/jakttokig.se\/index.php?rest_route=\/wp\/v2\/product"}],"about":[{"href":"https:\/\/jakttokig.se\/index.php?rest_route=\/wp\/v2\/types\/product"}],"replies":[{"embeddable":true,"href":"https:\/\/jakttokig.se\/index.php?rest_route=%2Fwp%2Fv2%2Fcomments&post=55"}],"wp:featuredmedia":[{"embeddable":true,"href":"https:\/\/jakttokig.se\/index.php?rest_route=\/wp\/v2\/media\/71"}],"wp:attachment":[{"href":"https:\/\/jakttokig.se\/index.php?rest_route=%2Fwp%2Fv2%2Fmedia&parent=55"}],"wp:term":[{"taxonomy":"product_brand","embeddable":true,"href":"https:\/\/jakttokig.se\/index.php?rest_route=%2Fwp%2Fv2%2Fproduct_brand&post=55"},{"taxonomy":"product_cat","embeddable":true,"href":"https:\/\/jakttokig.se\/index.php?rest_route=%2Fwp%2Fv2%2Fproduct_cat&post=55"},{"taxonomy":"product_tag","embeddable":true,"href":"https:\/\/jakttokig.se\/index.php?rest_route=%2Fwp%2Fv2%2Fproduct_tag&post=55"}],"curies":[{"name":"wp","href":"https:\/\/api.w.org\/{rel}","templated":true}]}}