{"id":514,"date":"2023-06-04T22:40:59","date_gmt":"2023-06-04T21:40:59","guid":{"rendered":"https:\/\/jakttokig.se\/?post_type=product&#038;p=514"},"modified":"2023-06-04T22:43:56","modified_gmt":"2023-06-04T21:43:56","slug":"theos-6-36x56-ffp-apr-2d","status":"publish","type":"product","link":"https:\/\/jakttokig.se\/?product=theos-6-36x56-ffp-apr-2d","title":{"rendered":"THEOS 6-36\u00d756 FFP APR-2D"},"content":{"rendered":"<h2 class=\"tab-item-header\">BESKRIVNING<\/h2>\n<div class=\"tab-item-inner\">\n<div id=\"ctl00_ctl00_main_rightmain_ctl00_ctl00_tabContent_pnlProductDescription\" class=\"ajax__tab_panel\">\n<div id=\"ctl00_ctl00_main_rightmain_ctl00_ctl00_tabContent_pnlProductDescription_productDescription\" class=\"description\">\n<ul>\n<li>34mm Main Body Tube<\/li>\n<li>Exposed Elevation (12 MRAD per Revolution)<\/li>\n<li>Capped Windage with Thread Protection Ring<\/li>\n<li>Illuminated, First Focal Plane Reticle<\/li>\n<li>Aircraft Grade Aluminium<\/li>\n<li>Side Parallax: 10m-Infinity<\/li>\n<li>Advanced Fully Multi-Coated Lenses with Anti-Fouling Layer<\/li>\n<li>Tool-free Resettable Turrets<\/li>\n<li>Hard Mechanical Zero-Stop &amp; Revolution Indicator Flag<\/li>\n<li>Removable Magnification Throw Lever<\/li>\n<li>Waterproof, Fogproof, Shockproof &amp; Nitrogen Purged<\/li>\n<li>Sunshade, Aperture Ring &amp; Neoprene Cover included<\/li>\n<li style=\"text-align: left;\">\n<div class=\"table-2\">\n<table>\n<tbody>\n<tr>\n<td align=\"left\">MAGNIFICATION RANGE<\/td>\n<td align=\"left\">6-36x<\/td>\n<\/tr>\n<tr>\n<td align=\"left\">TUBE DIAMETER<\/td>\n<td align=\"left\">34mm<\/td>\n<\/tr>\n<tr>\n<td align=\"left\">OBJECTIVE LENS DIAMETER<\/td>\n<td align=\"left\">55mm<\/td>\n<\/tr>\n<tr>\n<td align=\"left\">EXIT PUPIL<\/td>\n<td align=\"left\">8.8-1.6mm<\/td>\n<\/tr>\n<tr>\n<td align=\"left\">EYE RELIEF<\/td>\n<td align=\"left\">74-89mm<\/td>\n<\/tr>\n<tr>\n<td align=\"left\">FIELD OF VIEW<\/td>\n<td align=\"left\">@100m: 6.8 \u2013 1.1m | @100yds: 20.3-3.4ft<\/td>\n<\/tr>\n<\/tbody>\n<\/table>\n<\/div>\n<div class=\"table-2\">\n<table>\n<tbody>\n<tr>\n<td align=\"left\">CLICK VALUE<\/td>\n<td align=\"left\"><\/td>\n<td align=\"left\">1\/10 MRAD (12 MRAD \/ REV)<\/td>\n<\/tr>\n<tr>\n<td align=\"left\">ELEVATION ADJUSTMENT RANGE<\/td>\n<td align=\"left\">100 MOA<\/td>\n<td align=\"left\">29 MRAD<\/td>\n<\/tr>\n<tr>\n<td align=\"left\">WINDAGE ADJUSTMENT RANGE<\/td>\n<td align=\"left\">40 MOA<\/td>\n<td align=\"left\">11.6 MRAD<\/td>\n<\/tr>\n<tr>\n<td align=\"left\">MINIMUM PARALLAX<\/td>\n<td align=\"left\">10 YDS<\/td>\n<td align=\"left\">10 METERS<\/td>\n<\/tr>\n<tr>\n<td align=\"left\">LENGTH<\/td>\n<td align=\"left\">14.8\u2033<\/td>\n<td align=\"left\">377mm<\/td>\n<\/tr>\n<tr>\n<td align=\"left\">WEIGHT<\/td>\n<td align=\"left\">36.5oz<\/td>\n<td align=\"left\">1035gr<\/td>\n<\/tr>\n<\/tbody>\n<\/table>\n<\/div>\n<p>Titta g\u00e4rna p\u00e5 produktfilmen nedan<\/p>\n<p><a href=\"https:\/\/www.youtube.com\/embed\/wZC7zjzL5dQ\">https:\/\/www.youtube.com\/embed\/wZC7zjzL5dQ<\/a><\/li>\n<\/ul>\n<\/div>\n<\/div>\n<\/div>\n","protected":false},"excerpt":{"rendered":"<p>THEOS har kommit in i salongen! Skapad genom en tre\u00e5rsprocess av metodiskt planerande, f\u00f6rsiktigt hantverk och brutal testning. Med ett helt omarbetat optikhus, digital belysningskontroll och ett zoom-omf\u00e5ng p\u00e5 6-36x, har vi h\u00f6jt ribban rej\u00e4lt f\u00f6r vad ett flaggskepp ska vara och placerat THEOS-familjen p\u00e5 tronen. Nya funktioner p\u00e5 denna kikare innefattar bland annat en revolutionerande markering f\u00f6r n\u00e4r du passerar ett fullt varv p\u00e5 h\u00f6jdjusteringen, en ny ZeroStop-mekanism som \u00e4r helt verktygsl\u00f6st, digitalt styrd belysning som rensar upp runt parallaxratten och en bl\u00e4ndarring som manipulerarsk\u00e4rpedjupet n\u00e4r det beh\u00f6vs.<\/p>\n<p>Som med alla v\u00e5ra sikten g\u00e5r sj\u00e4lvklart ocks\u00e5 dessa genom h\u00e5rda kvalitetskontroller under testf\u00f6rh\u00e5llanden. Och om n\u00e5got skulle h\u00e4nda? V\u00e5r Paltinum Lifetime Warranty t\u00e4cker funktions- och fabrikationsfel &#8211; utan jobbigt pappersarbete eller produktregistrering!<\/p>\n","protected":false},"featured_media":519,"comment_status":"open","ping_status":"closed","template":"","meta":[],"product_brand":[],"product_cat":[20],"product_tag":[],"class_list":{"0":"post-514","1":"product","2":"type-product","3":"status-publish","4":"has-post-thumbnail","6":"product_cat-optik","8":"first","9":"onbackorder","10":"sale","11":"taxable","12":"shipping-taxable","13":"purchasable","14":"product-type-simple"},"jetpack_sharing_enabled":true,"_links":{"self":[{"href":"https:\/\/jakttokig.se\/index.php?rest_route=\/wp\/v2\/product\/514","targetHints":{"allow":["GET"]}}],"collection":[{"href":"https:\/\/jakttokig.se\/index.php?rest_route=\/wp\/v2\/product"}],"about":[{"href":"https:\/\/jakttokig.se\/index.php?rest_route=\/wp\/v2\/types\/product"}],"replies":[{"embeddable":true,"href":"https:\/\/jakttokig.se\/index.php?rest_route=%2Fwp%2Fv2%2Fcomments&post=514"}],"wp:featuredmedia":[{"embeddable":true,"href":"https:\/\/jakttokig.se\/index.php?rest_route=\/wp\/v2\/media\/519"}],"wp:attachment":[{"href":"https:\/\/jakttokig.se\/index.php?rest_route=%2Fwp%2Fv2%2Fmedia&parent=514"}],"wp:term":[{"taxonomy":"product_brand","embeddable":true,"href":"https:\/\/jakttokig.se\/index.php?rest_route=%2Fwp%2Fv2%2Fproduct_brand&post=514"},{"taxonomy":"product_cat","embeddable":true,"href":"https:\/\/jakttokig.se\/index.php?rest_route=%2Fwp%2Fv2%2Fproduct_cat&post=514"},{"taxonomy":"product_tag","embeddable":true,"href":"https:\/\/jakttokig.se\/index.php?rest_route=%2Fwp%2Fv2%2Fproduct_tag&post=514"}],"curies":[{"name":"wp","href":"https:\/\/api.w.org\/{rel}","templated":true}]}}