{"id":510,"date":"2023-06-04T21:33:38","date_gmt":"2023-06-04T20:33:38","guid":{"rendered":"https:\/\/jakttokig.se\/?post_type=product&#038;p=510"},"modified":"2024-08-30T09:10:59","modified_gmt":"2024-08-30T08:10:59","slug":"helix-hdlr-2-16x50-sfp-30mm-tub","status":"publish","type":"product","link":"https:\/\/jakttokig.se\/?product=helix-hdlr-2-16x50-sfp-30mm-tub","title":{"rendered":"HELIX HDLR 2-16&#215;50 SFP, 30mm tub"},"content":{"rendered":"<h2 class=\"tab-item-header\">BESKRIVNING<\/h2>\n<div class=\"tab-item-inner\">\n<div id=\"ctl00_ctl00_main_rightmain_ctl00_ctl00_tabContent_pnlProductDescription\" class=\"ajax__tab_panel\">\n<div id=\"ctl00_ctl00_main_rightmain_ctl00_ctl00_tabContent_pnlProductDescription_productDescription\" class=\"description\">\n<ul>\n<li>30mm Main Body Tube<\/li>\n<li>8x Zoom Optical System<\/li>\n<li>Compact, Lightweight design<\/li>\n<li>Second Focal Plane Reticle<\/li>\n<li>Aircraft Grade Aluminum<\/li>\n<li>Side Parallax: 10m-Infinity<\/li>\n<li>Fully Multi-Coated Lenses with HD Glass<\/li>\n<li>Tool-Free Exposed Elevation Turret, Capped Windage Turret<\/li>\n<li>Zero Stop<\/li>\n<li>Removable Magnification Throw Lever<\/li>\n<li>Waterproof, Fogproof, Shockproof &amp; Nitrogen Purged<\/li>\n<li>Sunshade, Lens Cloth &amp; Lens Caps Included\n<div class=\"table-2\">\n<table>\n<tbody>\n<tr>\n<td align=\"left\">MAGNIFICATION RANGE<\/td>\n<td align=\"left\">2-16x<\/td>\n<\/tr>\n<tr>\n<td align=\"left\">TUBE DIAMETER<\/td>\n<td align=\"left\">30mm<\/td>\n<\/tr>\n<tr>\n<td align=\"left\">OBJECTIVE LENS DIAMETER<\/td>\n<td align=\"left\">50mm<\/td>\n<\/tr>\n<tr>\n<td align=\"left\">EXIT PUPIL<\/td>\n<td align=\"left\">8.5-3.1mm<\/td>\n<\/tr>\n<tr>\n<td align=\"left\">EYE RELIEF<\/td>\n<td align=\"left\">101.6mm (4\u2033)<\/td>\n<\/tr>\n<tr>\n<td align=\"left\">FIELD OF VIEW<\/td>\n<td align=\"left\">@100m: 20.2 \u2013 2.51m<\/td>\n<\/tr>\n<\/tbody>\n<\/table>\n<\/div>\n<div class=\"table-2\">\n<table>\n<tbody>\n<tr>\n<td align=\"left\">CLICK VALUE<\/td>\n<td align=\"left\"><\/td>\n<td align=\"left\">1\/10 MRAD (6 MRAD \/ REV)<\/td>\n<\/tr>\n<tr>\n<td align=\"left\">ELEVATION ADJUSTMENT RANGE<\/td>\n<td align=\"left\">100 MOA<\/td>\n<td align=\"left\">29 MRAD<\/td>\n<\/tr>\n<tr>\n<td align=\"left\">WINDAGE ADJUSTMENT RANGE<\/td>\n<td align=\"left\">45 MOA<\/td>\n<td align=\"left\">13 MRAD<\/td>\n<\/tr>\n<tr>\n<td align=\"left\">MINIMUM PARALLAX<\/td>\n<td align=\"left\">10 YDS<\/td>\n<td align=\"left\">10 METERS<\/td>\n<\/tr>\n<tr>\n<td align=\"left\">LENGTH<\/td>\n<td align=\"left\">13.39 Inches<\/td>\n<td align=\"left\">340mm<\/td>\n<\/tr>\n<tr>\n<td align=\"left\">WEIGHT<\/td>\n<td align=\"left\">27.1oz<\/td>\n<td align=\"left\">770gr<\/td>\n<\/tr>\n<\/tbody>\n<\/table>\n<\/div>\n<\/li>\n<\/ul>\n<\/div>\n<\/div>\n<\/div>\n","protected":false},"excerpt":{"rendered":"<p><strong>Helix HD<\/strong> \u00e4r designad f\u00f6r att ge b\u00e4sta valutan f\u00f6r dina pengar: kristallklart glas, ett smart riktmedel, innovativa funktioner och ett optikhus som \u00e4r \u00f6verl\u00e4gset liknande produkter i samma prisl\u00e4ge. <strong>HDLR<\/strong> tar allt ett steg l\u00e4ngre, med ED-glas, belyst riktmedel (kors), ett stort zoom-omf\u00e5ng och st\u00f6rre h\u00f6jdjustering. Vi har beh\u00e5llit v\u00e5rt popul\u00e4ra system med ZeroStop p\u00e5 h\u00f6jdjusteringen f\u00f6r att enkelt kunna variera mellan olika skjutavst\u00e5nd och \u00e4nd\u00e5 p\u00e5 ett s\u00e4kert s\u00e4tt kunna g\u00e5 tillbaka till ditt ursprungliga inskjutningsavst\u00e5nd! Vindjusteringsratten har f\u00e5tt ett lock f\u00f6r att ge en mer kompakt, j\u00e4garm\u00e4ssig k\u00e4nsla, men vill du anv\u00e4nda siktet utan t\u00e4cklocket f\u00f6ljer en skyddsring f\u00f6r g\u00e4ngorna med i kartongen. Strikt kvalitetskontroll g\u00f6r att du kan k\u00e4nna dig s\u00e4ker p\u00e5 kikaren n\u00e4r du tar det d\u00e4r 1000-metersskottet. Skulle n\u00e5got \u00e4nd\u00e5 skulle h\u00e4nda med siktet s\u00e5 t\u00e4cker v\u00e5r Platinum Lifetime Warranty alla funktions &#8211; och fabrikationsfel!<a href=\"https:\/\/jakttokig.se\/wp-content\/uploads\/2023\/06\/apr-1c-2-16.png\"><img loading=\"lazy\" decoding=\"async\" class=\"alignnone size-full wp-image-511\" src=\"https:\/\/jakttokig.se\/wp-content\/uploads\/2023\/06\/apr-1c-2-16.png\" alt=\"\" width=\"100\" height=\"116\" \/><\/a> <a href=\"https:\/\/jakttokig.se\/wp-content\/uploads\/2023\/06\/helix2-hdlr-01.png\"><img loading=\"lazy\" decoding=\"async\" class=\"alignnone size-medium wp-image-512\" src=\"https:\/\/jakttokig.se\/wp-content\/uploads\/2023\/06\/helix2-hdlr-01-300x166.png\" alt=\"\" width=\"300\" height=\"166\" srcset=\"https:\/\/jakttokig.se\/wp-content\/uploads\/2023\/06\/helix2-hdlr-01-300x166.png 300w, https:\/\/jakttokig.se\/wp-content\/uploads\/2023\/06\/helix2-hdlr-01-416x230.png 416w, https:\/\/jakttokig.se\/wp-content\/uploads\/2023\/06\/helix2-hdlr-01.png 460w\" sizes=\"auto, (max-width: 300px) 100vw, 300px\" \/><\/a><\/p>\n","protected":false},"featured_media":512,"comment_status":"open","ping_status":"closed","template":"","meta":[],"product_brand":[],"product_cat":[20],"product_tag":[],"class_list":{"0":"post-510","1":"product","2":"type-product","3":"status-publish","4":"has-post-thumbnail","6":"product_cat-optik","8":"first","9":"instock","10":"taxable","11":"shipping-taxable","12":"purchasable","13":"product-type-simple"},"jetpack_sharing_enabled":true,"_links":{"self":[{"href":"https:\/\/jakttokig.se\/index.php?rest_route=\/wp\/v2\/product\/510","targetHints":{"allow":["GET"]}}],"collection":[{"href":"https:\/\/jakttokig.se\/index.php?rest_route=\/wp\/v2\/product"}],"about":[{"href":"https:\/\/jakttokig.se\/index.php?rest_route=\/wp\/v2\/types\/product"}],"replies":[{"embeddable":true,"href":"https:\/\/jakttokig.se\/index.php?rest_route=%2Fwp%2Fv2%2Fcomments&post=510"}],"wp:featuredmedia":[{"embeddable":true,"href":"https:\/\/jakttokig.se\/index.php?rest_route=\/wp\/v2\/media\/512"}],"wp:attachment":[{"href":"https:\/\/jakttokig.se\/index.php?rest_route=%2Fwp%2Fv2%2Fmedia&parent=510"}],"wp:term":[{"taxonomy":"product_brand","embeddable":true,"href":"https:\/\/jakttokig.se\/index.php?rest_route=%2Fwp%2Fv2%2Fproduct_brand&post=510"},{"taxonomy":"product_cat","embeddable":true,"href":"https:\/\/jakttokig.se\/index.php?rest_route=%2Fwp%2Fv2%2Fproduct_cat&post=510"},{"taxonomy":"product_tag","embeddable":true,"href":"https:\/\/jakttokig.se\/index.php?rest_route=%2Fwp%2Fv2%2Fproduct_tag&post=510"}],"curies":[{"name":"wp","href":"https:\/\/api.w.org\/{rel}","templated":true}]}}