{"id":507,"date":"2023-06-04T21:10:40","date_gmt":"2023-06-04T20:10:40","guid":{"rendered":"https:\/\/jakttokig.se\/?post_type=product&#038;p=507"},"modified":"2024-08-02T12:00:25","modified_gmt":"2024-08-02T11:00:25","slug":"element-optics-helix-hd-2-16x50-sfp-belyst-raptr-riktmedel","status":"publish","type":"product","link":"https:\/\/jakttokig.se\/?product=element-optics-helix-hd-2-16x50-sfp-belyst-raptr-riktmedel","title":{"rendered":"Element Optics Helix HD 2-16&#215;50 SFP belyst Raptr-riktmedel"},"content":{"rendered":"<h2 class=\"tab-item-header\">BESKRIVNING<\/h2>\n<div class=\"tab-item-inner\">\n<div id=\"ctl00_ctl00_main_rightmain_ctl00_ctl00_tabContent_pnlProductDescription\" class=\"ajax__tab_panel\">\n<div id=\"ctl00_ctl00_main_rightmain_ctl00_ctl00_tabContent_pnlProductDescription_productDescription\" class=\"description\">\n<div class=\"table-2\">\n<ul>\n<li>30mm Main Body Tube<\/li>\n<li>8x Zoom Optical System<\/li>\n<li>Compact, Lightweight design<\/li>\n<li>Second Focal Plane Reticle<\/li>\n<li>Aircraft Grade Aluminum<\/li>\n<li>Side Parallax: 10m-Infinity<\/li>\n<li>Fully Multi-Coated Lenses with HD Glass<\/li>\n<li>Capped, Resettable Turrets<\/li>\n<li>Removable Magnification Throw Lever<\/li>\n<li>Waterproof, Fogproof, Shockproof &amp; Nitrogen Purged<\/li>\n<li>Sunshade, Lens Cloth, \u2018Cheat Sheet\u2019 Stickers &amp; Clear Lens Caps Included<\/li>\n<\/ul>\n<table>\n<tbody>\n<tr>\n<td align=\"left\">MAGNIFICATION RANGE<\/td>\n<td align=\"left\">2-16x<\/td>\n<\/tr>\n<tr>\n<td align=\"left\">TUBE DIAMETER<\/td>\n<td align=\"left\">30mm<\/td>\n<\/tr>\n<tr>\n<td align=\"left\">OBJECTIVE LENS DIAMETER<\/td>\n<td align=\"left\">50mm<\/td>\n<\/tr>\n<tr>\n<td align=\"left\">EXIT PUPIL<\/td>\n<td align=\"left\">8.5-3.1mm<\/td>\n<\/tr>\n<tr>\n<td align=\"left\">EYE RELIEF<\/td>\n<td align=\"left\">101.6mm (4\u2033)<\/td>\n<\/tr>\n<tr>\n<td align=\"left\">FIELD OF VIEW<\/td>\n<td align=\"left\">@100m: 20.2 \u2013 2.51m<\/td>\n<\/tr>\n<\/tbody>\n<\/table>\n<\/div>\n<div class=\"table-2\">\n<table>\n<tbody>\n<tr>\n<td align=\"left\">CLICK VALUE<\/td>\n<td align=\"left\"><\/td>\n<td align=\"left\">1\/10 MRAD (6 MRAD \/ REV)<\/td>\n<\/tr>\n<tr>\n<td align=\"left\">ELEVATION ADJUSTMENT RANGE<\/td>\n<td align=\"left\">100 MOA<\/td>\n<td align=\"left\">29 MRAD<\/td>\n<\/tr>\n<tr>\n<td align=\"left\">WINDAGE ADJUSTMENT RANGE<\/td>\n<td align=\"left\">45 MOA<\/td>\n<td align=\"left\">13 MRAD<\/td>\n<\/tr>\n<tr>\n<td align=\"left\">MINIMUM PARALLAX<\/td>\n<td align=\"left\">10 YDS<\/td>\n<td align=\"left\">10 METERS<\/td>\n<\/tr>\n<tr>\n<td align=\"left\">LENGTH<\/td>\n<td align=\"left\">13.39 Inches<\/td>\n<td align=\"left\">340mm<\/td>\n<\/tr>\n<tr>\n<td align=\"left\">WEIGHT<\/td>\n<td align=\"left\">25.6oz<\/td>\n<td align=\"left\">728gr<\/td>\n<\/tr>\n<\/tbody>\n<\/table>\n<\/div>\n<\/div>\n<\/div>\n<\/div>\n","protected":false},"excerpt":{"rendered":"<p>&nbsp;<\/p>\n<p><strong>Element Optics f\u00f6rsta l\u00e5gf\u00f6rstorande sikte med nya Raptr &#8211; belyst r\u00f6dpunktkors!<\/strong><\/p>\n<p>Helix HD \u00e4r designad f\u00f6r att ge b\u00e4sta valutan f\u00f6r dina pengar: kristallklart gals, ett smart riktmedel, innovativa funktioner och ett optikhus som \u00e4r \u00f6verl\u00e4gset liknande produkter i samma prisl\u00e4ge. HD tar saken ytterligare ett steg l\u00e4ngre med ED-glas, belyst punkt i riktmedlet, ett stort zoom-omf\u00e5ng och st\u00f6rre h\u00f6jdjustering. Vi har satt lock p\u00e5 b\u00e5de h\u00f6jd-och sidojusteringen f\u00f6r en mer j\u00e4garv\u00e4nlig, kompakt k\u00e4nsla. Strikt kvaliteteskontroll ger dig sinnesro n\u00e4r du ska ta sv\u00e5ra jaktskott, och om n\u00e5got \u00e4nd\u00e5 skulle h\u00e4nda med siktet s\u00e5 t\u00e4cker v\u00e5r Platinum Lifetime Warranty alla funktions &#8211; och fabrikationsfel!<\/p>\n<p><a href=\"https:\/\/jakttokig.se\/wp-content\/uploads\/2023\/06\/2-16raptr-1.png\"><img loading=\"lazy\" decoding=\"async\" class=\"alignnone size-medium wp-image-508\" src=\"https:\/\/jakttokig.se\/wp-content\/uploads\/2023\/06\/2-16raptr-1-251x300.png\" alt=\"\" width=\"251\" height=\"300\" srcset=\"https:\/\/jakttokig.se\/wp-content\/uploads\/2023\/06\/2-16raptr-1-251x300.png 251w, https:\/\/jakttokig.se\/wp-content\/uploads\/2023\/06\/2-16raptr-1-416x496.png 416w, https:\/\/jakttokig.se\/wp-content\/uploads\/2023\/06\/2-16raptr-1.png 460w\" sizes=\"auto, (max-width: 251px) 100vw, 251px\" \/><\/a> <a href=\"https:\/\/jakttokig.se\/wp-content\/uploads\/2023\/06\/HELIX-HD-2-16x50-SFP-01-1024x576-1.jpg\"><img loading=\"lazy\" decoding=\"async\" class=\"alignnone size-medium wp-image-509\" src=\"https:\/\/jakttokig.se\/wp-content\/uploads\/2023\/06\/HELIX-HD-2-16x50-SFP-01-1024x576-1-300x169.jpg\" alt=\"\" width=\"300\" height=\"169\" srcset=\"https:\/\/jakttokig.se\/wp-content\/uploads\/2023\/06\/HELIX-HD-2-16x50-SFP-01-1024x576-1-300x169.jpg 300w, https:\/\/jakttokig.se\/wp-content\/uploads\/2023\/06\/HELIX-HD-2-16x50-SFP-01-1024x576-1-416x234.jpg 416w, https:\/\/jakttokig.se\/wp-content\/uploads\/2023\/06\/HELIX-HD-2-16x50-SFP-01-1024x576-1.jpg 460w\" sizes=\"auto, (max-width: 300px) 100vw, 300px\" \/><\/a><\/p>\n","protected":false},"featured_media":509,"comment_status":"open","ping_status":"closed","template":"","meta":[],"product_brand":[],"product_cat":[20],"product_tag":[],"class_list":{"0":"post-507","1":"product","2":"type-product","3":"status-publish","4":"has-post-thumbnail","6":"product_cat-optik","8":"first","9":"onbackorder","10":"taxable","11":"shipping-taxable","12":"purchasable","13":"product-type-simple"},"jetpack_sharing_enabled":true,"_links":{"self":[{"href":"https:\/\/jakttokig.se\/index.php?rest_route=\/wp\/v2\/product\/507","targetHints":{"allow":["GET"]}}],"collection":[{"href":"https:\/\/jakttokig.se\/index.php?rest_route=\/wp\/v2\/product"}],"about":[{"href":"https:\/\/jakttokig.se\/index.php?rest_route=\/wp\/v2\/types\/product"}],"replies":[{"embeddable":true,"href":"https:\/\/jakttokig.se\/index.php?rest_route=%2Fwp%2Fv2%2Fcomments&post=507"}],"wp:featuredmedia":[{"embeddable":true,"href":"https:\/\/jakttokig.se\/index.php?rest_route=\/wp\/v2\/media\/509"}],"wp:attachment":[{"href":"https:\/\/jakttokig.se\/index.php?rest_route=%2Fwp%2Fv2%2Fmedia&parent=507"}],"wp:term":[{"taxonomy":"product_brand","embeddable":true,"href":"https:\/\/jakttokig.se\/index.php?rest_route=%2Fwp%2Fv2%2Fproduct_brand&post=507"},{"taxonomy":"product_cat","embeddable":true,"href":"https:\/\/jakttokig.se\/index.php?rest_route=%2Fwp%2Fv2%2Fproduct_cat&post=507"},{"taxonomy":"product_tag","embeddable":true,"href":"https:\/\/jakttokig.se\/index.php?rest_route=%2Fwp%2Fv2%2Fproduct_tag&post=507"}],"curies":[{"name":"wp","href":"https:\/\/api.w.org\/{rel}","templated":true}]}}