{"id":402,"date":"2022-08-03T09:55:46","date_gmt":"2022-08-03T08:55:46","guid":{"rendered":"https:\/\/jakttokig.se\/?post_type=product&#038;p=402"},"modified":"2024-12-30T11:59:36","modified_gmt":"2024-12-30T10:59:36","slug":"element-optics-titan-3-18x50-ffp","status":"publish","type":"product","link":"https:\/\/jakttokig.se\/?product=element-optics-titan-3-18x50-ffp","title":{"rendered":"ELEMENT OPTICS TITAN 3-18X50 FFP"},"content":{"rendered":"<p><strong>TITAN 3-18&#215;50, 34mm tub<\/strong><\/p>\n<p>Ett nytt sikte i TITAN-klassen med f\u00f6rstoring riktad mer mot jakt med ett bredare synf\u00e4lt, men \u00e4ven kikarf\u00e4ltskytte eller toppf\u00e5gel p\u00e5 l\u00e5ngt h\u00e5ll!<\/p>\n<p>Parallax-justering fr\u00e5n 10m\u00a0 och upp\u00e5t, verktygsfri nollst\u00e4llning och h\u00e5rt Zero-stop-funktion \u00e4r bara n\u00e5gra av de tekniska data som g\u00f6r att du b\u00f6r satsa dina pengar p\u00e5 ett sikte fr\u00e5n Element-Optics! K\u00e4nner du dig fortfarande os\u00e4ker? Var d\u00e5 f\u00f6rvissad att OM det mot f\u00f6rmodan blir n\u00e5got fel p\u00e5 siktet s\u00e5 t\u00e4cks det av fabrikatets livstidsgaranti.<\/p>\n<p>Ta g\u00e4rna en titt p\u00e5 youtubeklippet nedan, d\u00e4r kikarsiktet visas upp!<br \/>\n<iframe loading=\"lazy\" title=\"OVERVIEW: TITAN 3-18x50 FFP [NEW]\" src=\"https:\/\/www.youtube.com\/embed\/5ytx9GbZlS0\" width=\"560\" height=\"315\" frameborder=\"0\" allowfullscreen=\"allowfullscreen\"><\/iframe><\/p>\n<p>Teknisk data.<\/p>\n<p>34mm tub tillverkad i flygplansaluminium, belyst riktmedel i f\u00f6rsta focusplanet (medf\u00f6rstorande). ED-linser i h\u00f6gsta kvalitet f\u00f6r att minska kromatisk abberation (f\u00e4rgstick och kantosk\u00e4rpa som kan uppst\u00e5 i billigare optik). 10 MRAD\/varv, verktygsfri justering vid nollst\u00e4llning. H\u00e5rt mekaniskt ZeroStop. Av\/p\u00e5monteringsbar Throw Lever. Vattent\u00e4t, dims\u00e4ker och st\u00f6ts\u00e4ker kv\u00e4vegasfylld tub f\u00f6r b\u00e4sta prestanda.<\/p>\n<div class=\"table-2\">\n<table>\n<tbody>\n<tr>\n<td align=\"left\">F\u00f6rstoringsgrad<\/td>\n<td align=\"left\">3-18x<\/td>\n<\/tr>\n<tr>\n<td align=\"left\">Tub diameter<\/td>\n<td align=\"left\">34mm<\/td>\n<\/tr>\n<tr>\n<td align=\"left\">Linsdiameter<\/td>\n<td align=\"left\">50mm<\/td>\n<\/tr>\n<tr>\n<td align=\"left\">EXIT pupill<\/td>\n<td align=\"left\">16.67-2.78mm<\/td>\n<\/tr>\n<tr>\n<td align=\"left\">\u00d6gonavst\u00e5nd<\/td>\n<td align=\"left\">10,16 cm<\/td>\n<\/tr>\n<tr>\n<td align=\"left\">Synf\u00e4lt vid 100m<\/td>\n<td align=\"left\">13.75-2.28m<\/td>\n<\/tr>\n<\/tbody>\n<\/table>\n<\/div>\n<div class=\"table-2\">\n<table>\n<tbody>\n<tr>\n<td align=\"left\">Klick justering<\/td>\n<td align=\"left\"><\/td>\n<td align=\"left\">1\/10 MRAD (10 MRAD \/ varv) (1\/10MRAD = 10mm\/100m)<\/td>\n<\/tr>\n<tr>\n<td align=\"left\">H\u00f6jdjustering<\/td>\n<td align=\"left\"><\/td>\n<td align=\"left\">43.6 MRAD<\/td>\n<\/tr>\n<tr>\n<td align=\"left\">Sidojustering<\/td>\n<td align=\"left\"><\/td>\n<td align=\"left\">14.5 MRAD<\/td>\n<\/tr>\n<tr>\n<td align=\"left\">Min. parallax<\/td>\n<td align=\"left\"><\/td>\n<td align=\"left\">10 meter<\/td>\n<\/tr>\n<tr>\n<td align=\"left\">L\u00e4ngd<\/td>\n<td align=\"left\"><\/td>\n<td align=\"left\">370mm<\/td>\n<\/tr>\n<tr>\n<td align=\"left\">Vikt<\/td>\n<td align=\"left\"><\/td>\n<td align=\"left\">976gr<\/td>\n<\/tr>\n<\/tbody>\n<\/table>\n<\/div>\n<p>&nbsp;<\/p>\n","protected":false},"excerpt":{"rendered":"<p><strong>Riktmedel MRAD 1D<\/strong><\/p>\n<p><strong>TITAN 3-18&#215;50<\/strong> ger ett bredare synf\u00e4lt och otroliga 43,6 MRAD i h\u00f6jdjustering &#8211; perfekt f\u00f6r kikarf\u00e4ltskytte eller toppf\u00e5geljakt p\u00e5 riktigt l\u00e5nga h\u00e5ll! Belyst riktmedel med nollsteg (effektl\u00e4ge 1, av, 2, av osv) f\u00f6r bekv\u00e4m justering av ljusstyrkan.<\/p>\n","protected":false},"featured_media":403,"comment_status":"open","ping_status":"closed","template":"","meta":[],"product_brand":[],"product_cat":[20],"product_tag":[],"class_list":{"0":"post-402","1":"product","2":"type-product","3":"status-publish","4":"has-post-thumbnail","6":"product_cat-optik","8":"first","9":"instock","10":"taxable","11":"shipping-taxable","12":"purchasable","13":"product-type-simple"},"jetpack_sharing_enabled":true,"_links":{"self":[{"href":"https:\/\/jakttokig.se\/index.php?rest_route=\/wp\/v2\/product\/402","targetHints":{"allow":["GET"]}}],"collection":[{"href":"https:\/\/jakttokig.se\/index.php?rest_route=\/wp\/v2\/product"}],"about":[{"href":"https:\/\/jakttokig.se\/index.php?rest_route=\/wp\/v2\/types\/product"}],"replies":[{"embeddable":true,"href":"https:\/\/jakttokig.se\/index.php?rest_route=%2Fwp%2Fv2%2Fcomments&post=402"}],"wp:featuredmedia":[{"embeddable":true,"href":"https:\/\/jakttokig.se\/index.php?rest_route=\/wp\/v2\/media\/403"}],"wp:attachment":[{"href":"https:\/\/jakttokig.se\/index.php?rest_route=%2Fwp%2Fv2%2Fmedia&parent=402"}],"wp:term":[{"taxonomy":"product_brand","embeddable":true,"href":"https:\/\/jakttokig.se\/index.php?rest_route=%2Fwp%2Fv2%2Fproduct_brand&post=402"},{"taxonomy":"product_cat","embeddable":true,"href":"https:\/\/jakttokig.se\/index.php?rest_route=%2Fwp%2Fv2%2Fproduct_cat&post=402"},{"taxonomy":"product_tag","embeddable":true,"href":"https:\/\/jakttokig.se\/index.php?rest_route=%2Fwp%2Fv2%2Fproduct_tag&post=402"}],"curies":[{"name":"wp","href":"https:\/\/api.w.org\/{rel}","templated":true}]}}