{"id":323,"date":"2022-03-25T16:02:21","date_gmt":"2022-03-25T15:02:21","guid":{"rendered":"https:\/\/jakttokig.se\/?post_type=product&#038;p=323"},"modified":"2022-03-28T15:03:15","modified_gmt":"2022-03-28T14:03:15","slug":"element-optics-accu-lite-34mm-medium","status":"publish","type":"product","link":"https:\/\/jakttokig.se\/?product=element-optics-accu-lite-34mm-medium","title":{"rendered":"Element-Optics Accu-Lite, 34mm, medium"},"content":{"rendered":"<p>Accu-Lite Medium 34mm<\/p>\n<p>F\u00e4ste f\u00f6r Picatinny-skena. Varje f\u00e4ste \u00e4r CNC-fr\u00e4st ur ett block 7075-T6 Aluminium, f\u00f6r att ge b\u00e4sta m\u00f6jliga kontakt med siktet, och f\u00e4stet har en korsbult i rostfritt st\u00e5l f\u00f6r att garantera en precis inf\u00e4stning mot klacken varje g\u00e5ng.<\/p>\n<p>Ett bra f\u00e4ste \u00e4r lika viktigt som ett bra sikte, och \u00e4r en f\u00f6ruts\u00e4ttning f\u00f6r ett konstant resultat &#8211; vilket det \u00e4r p\u00e5 banan eller i skogen! F\u00e4stets skruvar ska inte dras \u00e5t h\u00e5rdare \u00e4n till det specificerade &#8221;Torq&#8221;-v\u00e4rdet f\u00f6r att f\u00f6rhindra skador p\u00e5 siktets mekanik eller tub.<\/p>\n","protected":false},"excerpt":{"rendered":"<p>Accu-Lite 34mm, f\u00f6r Picatinny. H 22mm (klack till ring).<a href=\"https:\/\/jakttokig.se\/wp-content\/uploads\/2022\/03\/acculite1.png\"><img loading=\"lazy\" decoding=\"async\" class=\"alignnone size-medium wp-image-322\" src=\"https:\/\/jakttokig.se\/wp-content\/uploads\/2022\/03\/acculite1-300x200.png\" alt=\"\" width=\"300\" height=\"200\" srcset=\"https:\/\/jakttokig.se\/wp-content\/uploads\/2022\/03\/acculite1-300x200.png 300w, https:\/\/jakttokig.se\/wp-content\/uploads\/2022\/03\/acculite1-416x277.png 416w, https:\/\/jakttokig.se\/wp-content\/uploads\/2022\/03\/acculite1.png 460w\" sizes=\"auto, (max-width: 300px) 100vw, 300px\" \/><\/a><a href=\"https:\/\/jakttokig.se\/wp-content\/uploads\/2022\/03\/acculite2.png\"><img loading=\"lazy\" decoding=\"async\" class=\"alignnone size-medium wp-image-321\" src=\"https:\/\/jakttokig.se\/wp-content\/uploads\/2022\/03\/acculite2-300x215.png\" alt=\"\" width=\"300\" height=\"215\" srcset=\"https:\/\/jakttokig.se\/wp-content\/uploads\/2022\/03\/acculite2-300x215.png 300w, https:\/\/jakttokig.se\/wp-content\/uploads\/2022\/03\/acculite2-416x298.png 416w, https:\/\/jakttokig.se\/wp-content\/uploads\/2022\/03\/acculite2.png 460w\" sizes=\"auto, (max-width: 300px) 100vw, 300px\" \/><\/a><a href=\"https:\/\/jakttokig.se\/wp-content\/uploads\/2022\/03\/acculite3.png\"><img loading=\"lazy\" decoding=\"async\" class=\"alignnone size-medium wp-image-320\" src=\"https:\/\/jakttokig.se\/wp-content\/uploads\/2022\/03\/acculite3-286x300.png\" alt=\"\" width=\"286\" height=\"300\" srcset=\"https:\/\/jakttokig.se\/wp-content\/uploads\/2022\/03\/acculite3-286x300.png 286w, https:\/\/jakttokig.se\/wp-content\/uploads\/2022\/03\/acculite3-416x437.png 416w, https:\/\/jakttokig.se\/wp-content\/uploads\/2022\/03\/acculite3.png 460w\" sizes=\"auto, (max-width: 286px) 100vw, 286px\" \/><\/a><\/p>\n","protected":false},"featured_media":322,"comment_status":"open","ping_status":"closed","template":"","meta":[],"product_brand":[],"product_cat":[20],"product_tag":[],"class_list":{"0":"post-323","1":"product","2":"type-product","3":"status-publish","4":"has-post-thumbnail","6":"product_cat-optik","8":"first","9":"instock","10":"taxable","11":"shipping-taxable","12":"purchasable","13":"product-type-simple"},"jetpack_sharing_enabled":true,"_links":{"self":[{"href":"https:\/\/jakttokig.se\/index.php?rest_route=\/wp\/v2\/product\/323","targetHints":{"allow":["GET"]}}],"collection":[{"href":"https:\/\/jakttokig.se\/index.php?rest_route=\/wp\/v2\/product"}],"about":[{"href":"https:\/\/jakttokig.se\/index.php?rest_route=\/wp\/v2\/types\/product"}],"replies":[{"embeddable":true,"href":"https:\/\/jakttokig.se\/index.php?rest_route=%2Fwp%2Fv2%2Fcomments&post=323"}],"wp:featuredmedia":[{"embeddable":true,"href":"https:\/\/jakttokig.se\/index.php?rest_route=\/wp\/v2\/media\/322"}],"wp:attachment":[{"href":"https:\/\/jakttokig.se\/index.php?rest_route=%2Fwp%2Fv2%2Fmedia&parent=323"}],"wp:term":[{"taxonomy":"product_brand","embeddable":true,"href":"https:\/\/jakttokig.se\/index.php?rest_route=%2Fwp%2Fv2%2Fproduct_brand&post=323"},{"taxonomy":"product_cat","embeddable":true,"href":"https:\/\/jakttokig.se\/index.php?rest_route=%2Fwp%2Fv2%2Fproduct_cat&post=323"},{"taxonomy":"product_tag","embeddable":true,"href":"https:\/\/jakttokig.se\/index.php?rest_route=%2Fwp%2Fv2%2Fproduct_tag&post=323"}],"curies":[{"name":"wp","href":"https:\/\/api.w.org\/{rel}","templated":true}]}}