{"id":277,"date":"2021-10-04T12:06:07","date_gmt":"2021-10-04T11:06:07","guid":{"rendered":"https:\/\/jakttokig.se\/?post_type=product&#038;p=277"},"modified":"2023-02-04T15:34:15","modified_gmt":"2023-02-04T14:34:15","slug":"eldkorg","status":"publish","type":"product","link":"https:\/\/jakttokig.se\/?product=eldkorg","title":{"rendered":"Eldkorg"},"content":{"rendered":"<p><img loading=\"lazy\" decoding=\"async\" class=\"alignnone size-medium wp-image-278\" src=\"https:\/\/jakttokig.se\/wp-content\/uploads\/2021\/10\/eldkorg_1-300x170.jpg\" alt=\"Eldkorg p\u00e5 pass\" width=\"300\" height=\"170\" srcset=\"https:\/\/jakttokig.se\/wp-content\/uploads\/2021\/10\/eldkorg_1-300x170.jpg 300w, https:\/\/jakttokig.se\/wp-content\/uploads\/2021\/10\/eldkorg_1-416x235.jpg 416w, https:\/\/jakttokig.se\/wp-content\/uploads\/2021\/10\/eldkorg_1-1024x579.jpg 1024w, https:\/\/jakttokig.se\/wp-content\/uploads\/2021\/10\/eldkorg_1-768x434.jpg 768w, https:\/\/jakttokig.se\/wp-content\/uploads\/2021\/10\/eldkorg_1-1536x869.jpg 1536w, https:\/\/jakttokig.se\/wp-content\/uploads\/2021\/10\/eldkorg_1.jpg 1616w\" sizes=\"auto, (max-width: 300px) 100vw, 300px\" \/>En eldkorg kommer v\u00e4l till pass i skogen, b\u00e5de under \u00e4lgjakten eller fisketuren, och passar s\u00e5v\u00e4l f\u00f6r att ge en sk\u00f6n v\u00e4rme under ca 3 timmar (om man laddar med ca 8dl pellets) som f\u00f6r att koka kaffet eller steka lunchmaten p\u00e5!<\/p>\n<p>Tillverkad i rostfritt st\u00e5l, med handtag av wire. Eldas med pinnar\/kvistar, kol\/briketter eller pellets. Fyll med 0,8 &#8211; 1l pellets och t\u00e4nd med 1 &#8211; 2 t\u00e4ndkuber, f\u00f6r ca 3timmars sk\u00f6n v\u00e4rme!<\/p>\n<p>OBS! B\u00f6r inte b\u00e4ras t\u00e4nd, f\u00f6r att undvika br\u00e4nnskador! T\u00e4nk p\u00e5 att inte st\u00e4lla produkten p\u00e5 l\u00e4ttant\u00e4ndligt underlag, utan skrapa undan mossa\/gr\u00e4s n\u00e4rmast eldkorgen.<\/p>\n","protected":false},"excerpt":{"rendered":"<p><img loading=\"lazy\" decoding=\"async\" class=\"alignnone size-medium wp-image-276\" src=\"https:\/\/jakttokig.se\/wp-content\/uploads\/2021\/10\/eldkorg-204x300.jpg\" alt=\"\" width=\"204\" height=\"300\" srcset=\"https:\/\/jakttokig.se\/wp-content\/uploads\/2021\/10\/eldkorg-204x300.jpg 204w, https:\/\/jakttokig.se\/wp-content\/uploads\/2021\/10\/eldkorg-416x613.jpg 416w, https:\/\/jakttokig.se\/wp-content\/uploads\/2021\/10\/eldkorg-695x1024.jpg 695w, https:\/\/jakttokig.se\/wp-content\/uploads\/2021\/10\/eldkorg-768x1131.jpg 768w, https:\/\/jakttokig.se\/wp-content\/uploads\/2021\/10\/eldkorg-1043x1536.jpg 1043w, https:\/\/jakttokig.se\/wp-content\/uploads\/2021\/10\/eldkorg.jpg 1340w\" sizes=\"auto, (max-width: 204px) 100vw, 204px\" \/>3-bent eldkorg f\u00f6r pass-skytten eller fiskaren!<\/p>\n<p>&nbsp;<\/p>\n","protected":false},"featured_media":276,"comment_status":"open","ping_status":"closed","template":"","meta":[],"product_brand":[],"product_cat":[19],"product_tag":[],"class_list":{"0":"post-277","1":"product","2":"type-product","3":"status-publish","4":"has-post-thumbnail","6":"product_cat-presentartiklar","8":"first","9":"instock","10":"taxable","11":"shipping-taxable","12":"purchasable","13":"product-type-simple"},"jetpack_sharing_enabled":true,"_links":{"self":[{"href":"https:\/\/jakttokig.se\/index.php?rest_route=\/wp\/v2\/product\/277","targetHints":{"allow":["GET"]}}],"collection":[{"href":"https:\/\/jakttokig.se\/index.php?rest_route=\/wp\/v2\/product"}],"about":[{"href":"https:\/\/jakttokig.se\/index.php?rest_route=\/wp\/v2\/types\/product"}],"replies":[{"embeddable":true,"href":"https:\/\/jakttokig.se\/index.php?rest_route=%2Fwp%2Fv2%2Fcomments&post=277"}],"wp:featuredmedia":[{"embeddable":true,"href":"https:\/\/jakttokig.se\/index.php?rest_route=\/wp\/v2\/media\/276"}],"wp:attachment":[{"href":"https:\/\/jakttokig.se\/index.php?rest_route=%2Fwp%2Fv2%2Fmedia&parent=277"}],"wp:term":[{"taxonomy":"product_brand","embeddable":true,"href":"https:\/\/jakttokig.se\/index.php?rest_route=%2Fwp%2Fv2%2Fproduct_brand&post=277"},{"taxonomy":"product_cat","embeddable":true,"href":"https:\/\/jakttokig.se\/index.php?rest_route=%2Fwp%2Fv2%2Fproduct_cat&post=277"},{"taxonomy":"product_tag","embeddable":true,"href":"https:\/\/jakttokig.se\/index.php?rest_route=%2Fwp%2Fv2%2Fproduct_tag&post=277"}],"curies":[{"name":"wp","href":"https:\/\/api.w.org\/{rel}","templated":true}]}}