{"id":255,"date":"2021-08-19T12:28:12","date_gmt":"2021-08-19T11:28:12","guid":{"rendered":"https:\/\/jakttokig.se\/?post_type=product&#038;p=255"},"modified":"2025-08-18T16:44:21","modified_gmt":"2025-08-18T15:44:21","slug":"element-optics-helix-ffp-4-16x40","status":"publish","type":"product","link":"https:\/\/jakttokig.se\/?product=element-optics-helix-ffp-4-16x40","title":{"rendered":"ELEMENT OPTICS HELIX FFP 4-16&#215;44"},"content":{"rendered":"<h2 class=\"product-subname\"><span id=\"ctl00_ctl00_main_rightmain_ctl00_ctl00_labSubName\">APR -2D-MRAD riktmedel<\/span><\/h2>\n<div class=\"product-short-description\"><span id=\"ctl00_ctl00_main_rightmain_ctl00_ctl00_labShortDescription\" class=\"product-short-description-label display-block\">Nyhet fr\u00e5n Element Optics!<br \/>\nElement Optics HELIX med FFP 4-16&#215;40 MRAD, ett mycket prisv\u00e4rt sikte f\u00f6r jakt och m\u00e5lskytte!<\/span><\/div>\n<div><\/div>\n<div>F\u00f6rstoringsgrad 4-16x<\/div>\n<div>Tubdiameter 30mm<\/div>\n<div>Linsdiameter 44mm<\/div>\n<div>Utg\u00e5ng pupill 13,5-3,3mm<\/div>\n<div>\u00d6gonavst\u00e5nd 9,4cm<\/div>\n<div>Visninsgf\u00e4lt @100 yards, 26,2 &#8211; 6,55 fot (@91m, 7,9m &#8211; 1,9m)<\/div>\n<div>Klick 1\/10 MRAD<\/div>\n<div>H\u00f6jdjustering 23,3 MRAD<\/div>\n<div>Sidojustering 13,1 MRAD<\/div>\n<div>Min parallax 15m<\/div>\n<div>L\u00e4ngd 360mm<\/div>\n<div>Vikt 675g<\/div>\n<div><\/div>\n<div><\/div>\n","protected":false},"excerpt":{"rendered":"<blockquote><p>P\u00e5 HELIX har man lagt pengarna d\u00e4r de g\u00f6r en skillnad, med precisionstillverkning och inst\u00e4llningsrattar som sl\u00e5r andra produkter i samma prisl\u00e4ge. Komponenterna\u00a0 i mekaniken har bytts ut fr\u00e5n m\u00e4ssing till rostfritt st\u00e5l f\u00f6r att t\u00e5la frekvent anv\u00e4ndning, och justeringar kan g\u00f6ras utan verktyg. Zero-stop-mekaninsm och f\u00f6rstoringsgrad 4-16&#215;40! Sj\u00e4lvklart omfattas \u00e4ven detta sikte av \u201cPlatinum Lifetime\u201d-garanti om n\u00e5got skulle h\u00e4nda.<\/p><\/blockquote>\n<ul>\n<li>30mm tub<\/li>\n<li>Mycket kompaktare \u00e4n \u00f6vriga Helix-sikten, och endast 675g!<\/li>\n<li>F\u00f6rstoring 4-16x<\/li>\n<li>Riktmedel i f\u00f6rsta focusplanet! <a href=\"https:\/\/jakttokig.se\/wp-content\/uploads\/2020\/12\/Helix-FFP-3-scaled-1.jpeg\"><br \/>\n<\/a><\/li>\n<li>Flygplansaluminium<\/li>\n<li>Sido Parallax: 15m \u2013 o\u00e4ndligt<\/li>\n<li>\u201cMulti-Coat\u201d-behandlade linser<\/li>\n<li>Verktygs-fritt \u00e5terst\u00e4llbart ballistiktorn med 6 MRAD per varv<\/li>\n<li>L\u00e5sbart, mekaniskt Zero-Stop<\/li>\n<li>Avtagbar \u201cThrow Lever\u201d-handtag p\u00e5 f\u00f6rstoringsratten<\/li>\n<li>Vattent\u00e4tt, dims\u00e4kert, st\u00f6ts\u00e4kert &amp; kv\u00e4vegasfyllt<\/li>\n<li>Solskydd, Linsduk &amp; Linslock i gummi inkluderat<\/li>\n<li>Ej belyst riktmedel<\/li>\n<\/ul>\n<p>Normal leveranstid: 3-5 arbetsdagar.<\/p>\n","protected":false},"featured_media":265,"comment_status":"open","ping_status":"closed","template":"","meta":[],"product_brand":[],"product_cat":[20],"product_tag":[],"class_list":{"0":"post-255","1":"product","2":"type-product","3":"status-publish","4":"has-post-thumbnail","6":"product_cat-optik","8":"first","9":"instock","10":"taxable","11":"shipping-taxable","12":"purchasable","13":"product-type-simple"},"jetpack_sharing_enabled":true,"_links":{"self":[{"href":"https:\/\/jakttokig.se\/index.php?rest_route=\/wp\/v2\/product\/255","targetHints":{"allow":["GET"]}}],"collection":[{"href":"https:\/\/jakttokig.se\/index.php?rest_route=\/wp\/v2\/product"}],"about":[{"href":"https:\/\/jakttokig.se\/index.php?rest_route=\/wp\/v2\/types\/product"}],"replies":[{"embeddable":true,"href":"https:\/\/jakttokig.se\/index.php?rest_route=%2Fwp%2Fv2%2Fcomments&post=255"}],"wp:featuredmedia":[{"embeddable":true,"href":"https:\/\/jakttokig.se\/index.php?rest_route=\/wp\/v2\/media\/265"}],"wp:attachment":[{"href":"https:\/\/jakttokig.se\/index.php?rest_route=%2Fwp%2Fv2%2Fmedia&parent=255"}],"wp:term":[{"taxonomy":"product_brand","embeddable":true,"href":"https:\/\/jakttokig.se\/index.php?rest_route=%2Fwp%2Fv2%2Fproduct_brand&post=255"},{"taxonomy":"product_cat","embeddable":true,"href":"https:\/\/jakttokig.se\/index.php?rest_route=%2Fwp%2Fv2%2Fproduct_cat&post=255"},{"taxonomy":"product_tag","embeddable":true,"href":"https:\/\/jakttokig.se\/index.php?rest_route=%2Fwp%2Fv2%2Fproduct_tag&post=255"}],"curies":[{"name":"wp","href":"https:\/\/api.w.org\/{rel}","templated":true}]}}