{"id":223,"date":"2020-12-26T18:21:14","date_gmt":"2020-12-26T17:21:14","guid":{"rendered":"https:\/\/jakttokig.se\/?post_type=product&#038;p=223"},"modified":"2024-07-31T08:23:17","modified_gmt":"2024-07-31T07:23:17","slug":"element-optics-helix-ffp-6-24x50","status":"publish","type":"product","link":"https:\/\/jakttokig.se\/?product=element-optics-helix-ffp-6-24x50","title":{"rendered":"ELEMENT OPTICS HELIX FFP 6-24X50"},"content":{"rendered":"<h2 class=\"product-subname\"><span id=\"ctl00_ctl00_main_rightmain_ctl00_ctl00_labSubName\">MRAD<\/span><\/h2>\n<div class=\"product-short-description\"><span id=\"ctl00_ctl00_main_rightmain_ctl00_ctl00_labShortDescription\" class=\"product-short-description-label display-block\">Nu kan alla entusiaster som vill ha FFP till riktigt bra pris f\u00e5 Element Optics HELIX med FFP 6-24&#215;50 MRAD<\/span><\/div>\n","protected":false},"excerpt":{"rendered":"<blockquote><p>P\u00e5 HELIX har man lagt pengarna d\u00e4r de g\u00f6r en skillnad, med precisionstillverkning och inst\u00e4llningsrattar som sl\u00e5r andra produkter i samma prisl\u00e4ge. Komponenterna\u00a0 i mekaniken har bytts ut fr\u00e5n m\u00e4ssing till rostfritt st\u00e5l f\u00f6r att t\u00e5la frekvent anv\u00e4ndning, och justeringar kan g\u00f6ras utan verktyg. Zero-stop-mekaninsm, sikteskalibrering vid 24x f\u00f6rstoring g\u00f6r att man l\u00e4tt kan anv\u00e4nda 12x och 6x \u2013 med lite enkel matematik, s\u00e5 klart! Sj\u00e4lvklart omfattas \u00e4ven detta sikte av \u201cPlatinum Lifetime\u201d-garanti om n\u00e5got skulle h\u00e4nda.<\/p><\/blockquote>\n<ul>\n<li>30mm tub<\/li>\n<li>Kompakt, l\u00e4ttviktsdesign<\/li>\n<li>NYHET! Riktmedel i f\u00f6rsta focusplanet! <a href=\"https:\/\/jakttokig.se\/wp-content\/uploads\/2020\/12\/Helix-FFP-3-scaled-1.jpeg\"><br \/>\n<\/a><\/li>\n<li>Flygplansaluminium<\/li>\n<li>Sido Parallax: 10m \u2013 o\u00e4ndligt<\/li>\n<li>\u201cMulti-Coat\u201d-behandlade linser<\/li>\n<li>Verktygs-fritt \u00e5terst\u00e4llbart ballistiktorn med 6 MRAD per varv<\/li>\n<li>L\u00e5sbart, mekaniskt Zero-Stop<\/li>\n<li>Avtagbar \u201cThrow Lever\u201d-handtag p\u00e5 f\u00f6rstoringsratten<\/li>\n<li>Vattent\u00e4tt, dims\u00e4kert, st\u00f6ts\u00e4kert &amp; kv\u00e4vegasfyllt<\/li>\n<li>Solskydd, Linsduk &amp; Linslock i gummi inkluderat<\/li>\n<\/ul>\n<p>Normal leveranstid: 3-5 arbetsdagar.<\/p>\n","protected":false},"featured_media":225,"comment_status":"open","ping_status":"closed","template":"","meta":[],"product_brand":[],"product_cat":[20],"product_tag":[],"class_list":{"0":"post-223","1":"product","2":"type-product","3":"status-publish","4":"has-post-thumbnail","6":"product_cat-optik","8":"first","9":"instock","10":"taxable","11":"shipping-taxable","12":"purchasable","13":"product-type-simple"},"jetpack_sharing_enabled":true,"_links":{"self":[{"href":"https:\/\/jakttokig.se\/index.php?rest_route=\/wp\/v2\/product\/223","targetHints":{"allow":["GET"]}}],"collection":[{"href":"https:\/\/jakttokig.se\/index.php?rest_route=\/wp\/v2\/product"}],"about":[{"href":"https:\/\/jakttokig.se\/index.php?rest_route=\/wp\/v2\/types\/product"}],"replies":[{"embeddable":true,"href":"https:\/\/jakttokig.se\/index.php?rest_route=%2Fwp%2Fv2%2Fcomments&post=223"}],"wp:featuredmedia":[{"embeddable":true,"href":"https:\/\/jakttokig.se\/index.php?rest_route=\/wp\/v2\/media\/225"}],"wp:attachment":[{"href":"https:\/\/jakttokig.se\/index.php?rest_route=%2Fwp%2Fv2%2Fmedia&parent=223"}],"wp:term":[{"taxonomy":"product_brand","embeddable":true,"href":"https:\/\/jakttokig.se\/index.php?rest_route=%2Fwp%2Fv2%2Fproduct_brand&post=223"},{"taxonomy":"product_cat","embeddable":true,"href":"https:\/\/jakttokig.se\/index.php?rest_route=%2Fwp%2Fv2%2Fproduct_cat&post=223"},{"taxonomy":"product_tag","embeddable":true,"href":"https:\/\/jakttokig.se\/index.php?rest_route=%2Fwp%2Fv2%2Fproduct_tag&post=223"}],"curies":[{"name":"wp","href":"https:\/\/api.w.org\/{rel}","templated":true}]}}