{"id":196,"date":"2020-06-22T16:54:12","date_gmt":"2020-06-22T15:54:12","guid":{"rendered":"https:\/\/jakttokig.se\/?post_type=product&#038;p=196"},"modified":"2024-04-22T07:24:30","modified_gmt":"2024-04-22T06:24:30","slug":"radjursben","status":"publish","type":"product","link":"https:\/\/jakttokig.se\/?product=radjursben","title":{"rendered":"R\u00e5djursben &#8211; sp\u00e5rl\u00e4ggning"},"content":{"rendered":"<p><a href=\"https:\/\/jakttokig.se\/wp-content\/uploads\/2021\/10\/radjur_sparkit.jpg\"><img loading=\"lazy\" decoding=\"async\" class=\"alignnone size-medium wp-image-275\" src=\"https:\/\/jakttokig.se\/wp-content\/uploads\/2021\/10\/radjur_sparkit-192x300.jpg\" alt=\"\" width=\"192\" height=\"300\" srcset=\"https:\/\/jakttokig.se\/wp-content\/uploads\/2021\/10\/radjur_sparkit-192x300.jpg 192w, https:\/\/jakttokig.se\/wp-content\/uploads\/2021\/10\/radjur_sparkit-416x648.jpg 416w, https:\/\/jakttokig.se\/wp-content\/uploads\/2021\/10\/radjur_sparkit-657x1024.jpg 657w, https:\/\/jakttokig.se\/wp-content\/uploads\/2021\/10\/radjur_sparkit-768x1197.jpg 768w, https:\/\/jakttokig.se\/wp-content\/uploads\/2021\/10\/radjur_sparkit.jpg 947w\" sizes=\"auto, (max-width: 192px) 100vw, 192px\" \/><\/a><\/p>\n<p>Hur ofta tr\u00e4nar du din hund innan s\u00e4songsstart? Den 16 augusti och bockjaktspremi\u00e4ren\u00e4r f\u00f6r m\u00e5nga ett lika heligt datum som starten f\u00f6r \u00e4lgjakten, eller kr\u00e4ftpremi\u00e4ren, och m\u00e5nga har tillbringat timmar p\u00e5 skjutbanan f\u00f6r att hitta r\u00e4tta formen. \u00c4nd\u00e5 kan oturen och Murphy vara med, och djuret l\u00e4gger sig inte p\u00e5 plats och det kan vara besv\u00e4rliga f\u00f6rh\u00e5llanden f\u00f6r att hitta blodsp\u00e5r och liknande&#8230;<\/p>\n<p>L\u00e5t \u00e4ven din hund f\u00e5 m\u00f6jlighet att tr\u00e4na lite innan jakten b\u00f6rjar, med dessa r\u00e5djurskl\u00f6var, nu \u00e4ven med n\u00e5gra cl r\u00e5djursblod, f\u00f6r markering!<\/p>\n","protected":false},"excerpt":{"rendered":"<blockquote><p><a href=\"https:\/\/jakttokig.se\/wp-content\/uploads\/2021\/10\/radjur_sparkit.jpg\"><img loading=\"lazy\" decoding=\"async\" class=\"alignnone size-medium wp-image-275\" src=\"https:\/\/jakttokig.se\/wp-content\/uploads\/2021\/10\/radjur_sparkit-192x300.jpg\" alt=\"\" width=\"192\" height=\"300\" srcset=\"https:\/\/jakttokig.se\/wp-content\/uploads\/2021\/10\/radjur_sparkit-192x300.jpg 192w, https:\/\/jakttokig.se\/wp-content\/uploads\/2021\/10\/radjur_sparkit-416x648.jpg 416w, https:\/\/jakttokig.se\/wp-content\/uploads\/2021\/10\/radjur_sparkit-657x1024.jpg 657w, https:\/\/jakttokig.se\/wp-content\/uploads\/2021\/10\/radjur_sparkit-768x1197.jpg 768w, https:\/\/jakttokig.se\/wp-content\/uploads\/2021\/10\/radjur_sparkit.jpg 947w\" sizes=\"auto, (max-width: 192px) 100vw, 192px\" \/><\/a><a href=\"https:\/\/jakttokig.se\/wp-content\/uploads\/2020\/06\/Apport_roe-scaled.jpg\"><img loading=\"lazy\" decoding=\"async\" class=\"alignnone size-medium wp-image-194\" src=\"https:\/\/jakttokig.se\/wp-content\/uploads\/2020\/06\/Apport_roe-213x300.jpg\" alt=\"\" width=\"213\" height=\"300\" srcset=\"https:\/\/jakttokig.se\/wp-content\/uploads\/2020\/06\/Apport_roe-213x300.jpg 213w, https:\/\/jakttokig.se\/wp-content\/uploads\/2020\/06\/Apport_roe-scaled-416x585.jpg 416w, https:\/\/jakttokig.se\/wp-content\/uploads\/2020\/06\/Apport_roe-728x1024.jpg 728w, https:\/\/jakttokig.se\/wp-content\/uploads\/2020\/06\/Apport_roe-768x1081.jpg 768w, https:\/\/jakttokig.se\/wp-content\/uploads\/2020\/06\/Apport_roe-1091x1536.jpg 1091w, https:\/\/jakttokig.se\/wp-content\/uploads\/2020\/06\/Apport_roe-1455x2048.jpg 1455w, https:\/\/jakttokig.se\/wp-content\/uploads\/2020\/06\/Apport_roe-scaled.jpg 1819w\" sizes=\"auto, (max-width: 213px) 100vw, 213px\" \/><\/a>Styckfrysta r\u00e5djurskl\u00f6var f\u00f6r sp\u00e5rl\u00e4ggning. I p\u00e5sen ligger ocks\u00e5 en bomullstuss som kan stoppas i en helt ren burk med t\u00e4tslutande lock, att l\u00e5ta hunden nosa p\u00e5 innan tr\u00e4ning.<\/p><\/blockquote>\n","protected":false},"featured_media":195,"comment_status":"open","ping_status":"closed","template":"","meta":[],"product_brand":[],"product_cat":[31],"product_tag":[],"class_list":{"0":"post-196","1":"product","2":"type-product","3":"status-publish","4":"has-post-thumbnail","6":"product_cat-apportvilt","8":"first","9":"outofstock","10":"taxable","11":"shipping-taxable","12":"purchasable","13":"product-type-simple"},"jetpack_sharing_enabled":true,"_links":{"self":[{"href":"https:\/\/jakttokig.se\/index.php?rest_route=\/wp\/v2\/product\/196","targetHints":{"allow":["GET"]}}],"collection":[{"href":"https:\/\/jakttokig.se\/index.php?rest_route=\/wp\/v2\/product"}],"about":[{"href":"https:\/\/jakttokig.se\/index.php?rest_route=\/wp\/v2\/types\/product"}],"replies":[{"embeddable":true,"href":"https:\/\/jakttokig.se\/index.php?rest_route=%2Fwp%2Fv2%2Fcomments&post=196"}],"wp:featuredmedia":[{"embeddable":true,"href":"https:\/\/jakttokig.se\/index.php?rest_route=\/wp\/v2\/media\/195"}],"wp:attachment":[{"href":"https:\/\/jakttokig.se\/index.php?rest_route=%2Fwp%2Fv2%2Fmedia&parent=196"}],"wp:term":[{"taxonomy":"product_brand","embeddable":true,"href":"https:\/\/jakttokig.se\/index.php?rest_route=%2Fwp%2Fv2%2Fproduct_brand&post=196"},{"taxonomy":"product_cat","embeddable":true,"href":"https:\/\/jakttokig.se\/index.php?rest_route=%2Fwp%2Fv2%2Fproduct_cat&post=196"},{"taxonomy":"product_tag","embeddable":true,"href":"https:\/\/jakttokig.se\/index.php?rest_route=%2Fwp%2Fv2%2Fproduct_tag&post=196"}],"curies":[{"name":"wp","href":"https:\/\/api.w.org\/{rel}","templated":true}]}}