{"id":175,"date":"2020-06-11T16:24:16","date_gmt":"2020-06-11T15:24:16","guid":{"rendered":"https:\/\/jakttokig.se\/?post_type=product&#038;p=175"},"modified":"2020-12-29T10:50:22","modified_gmt":"2020-12-29T09:50:22","slug":"nexus-5-20x50-ffp-mrad","status":"publish","type":"product","link":"https:\/\/jakttokig.se\/?product=nexus-5-20x50-ffp-mrad","title":{"rendered":"NEXUS 5-20&#215;50 FFP MRAD"},"content":{"rendered":"<h2>ELEMENT OPTICS NEXUS 5-20&#215;50 FFP MRAD, 30MM TUB<\/h2>\n<p><a href=\"https:\/\/jakttokig.se\/wp-content\/uploads\/2020\/06\/Nexus-MRAD-1.jpg\"><br \/>\n<img loading=\"lazy\" decoding=\"async\" class=\"alignnone size-medium wp-image-178\" src=\"https:\/\/jakttokig.se\/wp-content\/uploads\/2020\/06\/Nexus-MRAD-1-300x169.jpg\" alt=\"\" width=\"300\" height=\"169\" srcset=\"https:\/\/jakttokig.se\/wp-content\/uploads\/2020\/06\/Nexus-MRAD-1-300x169.jpg 300w, https:\/\/jakttokig.se\/wp-content\/uploads\/2020\/06\/Nexus-MRAD-1-416x234.jpg 416w, https:\/\/jakttokig.se\/wp-content\/uploads\/2020\/06\/Nexus-MRAD-1-768x432.jpg 768w, https:\/\/jakttokig.se\/wp-content\/uploads\/2020\/06\/Nexus-MRAD-1.jpg 900w\" sizes=\"auto, (max-width: 300px) 100vw, 300px\" \/><\/a><\/p>\n<p>Ordet &#8221;NEXUS&#8221; betyder &#8221;Focuspunkt&#8221; och det \u00e4r vad den h\u00e4r modellen \u00e4r f\u00f6r ELEMENT OPTICS serie.<\/p>\n<blockquote><p>NEXUS kombinerar intuitiva funktioner som verktygsfritt taktiskt ballistiktorn, Zero-Stop och avtagbar &#8221;Throw Lever&#8221;-handtag med precisionstillverkning f\u00f6r att ge dig det ultimata 30-mm kikarsiktet.\u00a0 V\u00e5rt designteam med globalt meriterade t\u00e4vlingsskyttar och j\u00e4gare f\u00f6rst\u00e5r sig p\u00e5 optik, och har inf\u00f6rt strikta kvalitetskontroller f\u00f6r att s\u00e4kerst\u00e4lla perfekt funktion genom h\u00e5rda tester. Det finns en anledning till prislappen p\u00e5 detta sikte: vi har inte sparat p\u00e5 n\u00e5got, utan valt bara det b\u00e4sta materialet, produktionsteamet, tillverkningsprocessen och tekniska kvalitetskontrollen &#8211; det m\u00e4rker du redan n\u00e4r du packar upp och tar siktet i din hand.<\/p><\/blockquote>\n<p>Beh\u00f6ver du ett sikte som s\u00e4tter bock i kanten f\u00f6r alla dina krav? D\u00e5 beh\u00f6ver du inte leta l\u00e4ngre, utan h\u00e4r har du NEXUS.<\/p>\n<ul>\n<li>30mm tub<\/li>\n<li>Kompakt, l\u00e4ttviktsdesign<\/li>\n<li>Belyst riktmedel i f\u00f6rsta focusplanet<\/li>\n<li>Flygplansaluminium<\/li>\n<li>Sido Parallax: 10m \u2013 o\u00e4ndligt<\/li>\n<li>Avancerat \u201cMulti-Coat\u201d-behandlade linser med extra ytskyddsbehandling<\/li>\n<li>Verktygsfritt \u00e5terst\u00e4llbart ballistiktorn med 10 MRAD per varv<\/li>\n<li>L\u00e5sbart, mekaniskt Zero-Stop<\/li>\n<li>Avtagbar &#8221;Throw Lever&#8221;-handtag p\u00e5 f\u00f6rstoringsratten<\/li>\n<li>Vattent\u00e4tt, dims\u00e4kert, st\u00f6ts\u00e4kert &amp; kv\u00e4vegasfyllt<\/li>\n<li>Solskydd, Linsduk &amp; Linslock i gummi inkluderat<\/li>\n<\/ul>\n<p>Riktmedel: MRAD 1C<\/p>\n<p>Normal leveranstid: 3-5 arbetsdagar.<\/p>\n<p>OBS! Skickas fraktfritt vid F\u00f6rskottsbetalning via SWISH eller bank\u00f6verf\u00f6ring!<\/p>\n<p>&nbsp;<\/p>\n<p><span style=\"text-decoration: underline;\">Specifikationer (eng)<\/span><\/p>\n<div class=\"table-2\">\n<table width=\"100%\">\n<tbody>\n<tr>\n<td align=\"left\">MAGNIFICATION RANGE<\/td>\n<td align=\"left\">5-20x<\/td>\n<\/tr>\n<tr>\n<td align=\"left\">TUBE DIAMETER<\/td>\n<td align=\"left\">30mm<\/td>\n<\/tr>\n<tr>\n<td align=\"left\">OBJECTIVE LENS DIAMETER<\/td>\n<td align=\"left\">50mm<\/td>\n<\/tr>\n<tr>\n<td align=\"left\">EXIT PUPIL<\/td>\n<td align=\"left\">8-2.5mm<\/td>\n<\/tr>\n<tr>\n<td align=\"left\">EYE RELIEF<\/td>\n<td align=\"left\">77-93mm<\/td>\n<\/tr>\n<\/tbody>\n<\/table>\n<\/div>\n<div class=\"table-2\">\n<table width=\"100%\">\n<tbody>\n<tr>\n<td align=\"left\">FIELD OF VIEW<\/td>\n<td align=\"left\">@100yds: 23.3-5.8 ft<\/td>\n<td align=\"left\">@100m: 7.8-1.9m<\/td>\n<\/tr>\n<tr>\n<td align=\"left\">CLICK VALUE<\/td>\n<td align=\"left\">1\/4 MOA (20 MOA \/ REV)<\/td>\n<td align=\"left\">1\/10 MRAD (10 MRAD \/ REV)<\/td>\n<\/tr>\n<tr>\n<td align=\"left\">ELEVATION ADJUSTMENT RANGE<\/td>\n<td align=\"left\">80 MOA<\/td>\n<td align=\"left\">23.2 MRAD<\/td>\n<\/tr>\n<tr>\n<td align=\"left\">WINDAGE ADJUSTMENT RANGE<\/td>\n<td align=\"left\">50 MOA<\/td>\n<td align=\"left\">14.5 MRAD<\/td>\n<\/tr>\n<tr>\n<td align=\"left\">MINIMUM PARALLAX<\/td>\n<td align=\"left\">10 YDS<\/td>\n<td align=\"left\">10 METERS<\/td>\n<\/tr>\n<tr>\n<td align=\"left\">LENGTH<\/td>\n<td align=\"left\">13.8\u201d<\/td>\n<td align=\"left\">350mm<\/td>\n<\/tr>\n<tr>\n<td align=\"left\">WEIGHT<\/td>\n<td align=\"left\">28oz<\/td>\n<td align=\"left\">794gr<\/td>\n<\/tr>\n<\/tbody>\n<\/table>\n<\/div>\n","protected":false},"excerpt":{"rendered":"<p>ELEMENT OPTICS flaggskepp, d\u00e4r inget sparats in p\u00e5! H\u00f6gsta kvalitet och b\u00e4sta materialvalet rakt igenom, med belyst riktmedel i f\u00f6rsta focusplanet. T\u00e5l att j\u00e4mf\u00f6ras med &#8221;de Stora Drakarna&#8221; med lika stora prislappar!<\/p>\n<p>Min parallax: 10m. Vikt: 794g.<\/p>\n","protected":false},"featured_media":178,"comment_status":"open","ping_status":"closed","template":"","meta":[],"product_brand":[],"product_cat":[20],"product_tag":[],"class_list":{"0":"post-175","1":"product","2":"type-product","3":"status-publish","4":"has-post-thumbnail","6":"product_cat-optik","8":"first","9":"instock","10":"taxable","11":"shipping-taxable","12":"purchasable","13":"product-type-simple"},"jetpack_sharing_enabled":true,"_links":{"self":[{"href":"https:\/\/jakttokig.se\/index.php?rest_route=\/wp\/v2\/product\/175","targetHints":{"allow":["GET"]}}],"collection":[{"href":"https:\/\/jakttokig.se\/index.php?rest_route=\/wp\/v2\/product"}],"about":[{"href":"https:\/\/jakttokig.se\/index.php?rest_route=\/wp\/v2\/types\/product"}],"replies":[{"embeddable":true,"href":"https:\/\/jakttokig.se\/index.php?rest_route=%2Fwp%2Fv2%2Fcomments&post=175"}],"wp:featuredmedia":[{"embeddable":true,"href":"https:\/\/jakttokig.se\/index.php?rest_route=\/wp\/v2\/media\/178"}],"wp:attachment":[{"href":"https:\/\/jakttokig.se\/index.php?rest_route=%2Fwp%2Fv2%2Fmedia&parent=175"}],"wp:term":[{"taxonomy":"product_brand","embeddable":true,"href":"https:\/\/jakttokig.se\/index.php?rest_route=%2Fwp%2Fv2%2Fproduct_brand&post=175"},{"taxonomy":"product_cat","embeddable":true,"href":"https:\/\/jakttokig.se\/index.php?rest_route=%2Fwp%2Fv2%2Fproduct_cat&post=175"},{"taxonomy":"product_tag","embeddable":true,"href":"https:\/\/jakttokig.se\/index.php?rest_route=%2Fwp%2Fv2%2Fproduct_tag&post=175"}],"curies":[{"name":"wp","href":"https:\/\/api.w.org\/{rel}","templated":true}]}}