{"id":165,"date":"2020-06-05T08:27:18","date_gmt":"2020-06-05T07:27:18","guid":{"rendered":"https:\/\/jakttokig.se\/?post_type=product&#038;p=165"},"modified":"2024-07-30T08:14:34","modified_gmt":"2024-07-30T07:14:34","slug":"helix-6-24x50sfp-30mm-tub","status":"publish","type":"product","link":"https:\/\/jakttokig.se\/?product=helix-6-24x50sfp-30mm-tub","title":{"rendered":"HELIX 6-24x50SFP MRAD"},"content":{"rendered":"<p>ELEMENT OPTICS HELIX 6-24x50SFP MRAD, 30 MM TUB<\/p>\n<p><a href=\"https:\/\/jakttokig.se\/wp-content\/uploads\/2020\/05\/Helix-MOA-1.jpg\"><img loading=\"lazy\" decoding=\"async\" class=\"alignnone size-medium wp-image-113\" src=\"https:\/\/jakttokig.se\/wp-content\/uploads\/2020\/05\/Helix-MOA-1-300x169.jpg\" alt=\"HELIX MOA\" width=\"300\" height=\"169\" srcset=\"https:\/\/jakttokig.se\/wp-content\/uploads\/2020\/05\/Helix-MOA-1-300x169.jpg 300w, https:\/\/jakttokig.se\/wp-content\/uploads\/2020\/05\/Helix-MOA-1-416x234.jpg 416w, https:\/\/jakttokig.se\/wp-content\/uploads\/2020\/05\/Helix-MOA-1-768x432.jpg 768w, https:\/\/jakttokig.se\/wp-content\/uploads\/2020\/05\/Helix-MOA-1.jpg 900w\" sizes=\"auto, (max-width: 300px) 100vw, 300px\" \/><\/a><\/p>\n<p>Letar du efter ett sikte som h\u00e5ller mer \u00e4n det lovar? N\u00e5got som t\u00e5l att j\u00e4mf\u00f6ras med dubbelt s\u00e5 dyra produkter?<\/p>\n<blockquote><p>P\u00e5 HELIX har man lagt pengarna d\u00e4r de g\u00f6r en skillnad, med precisionstillverkning och inst\u00e4llningsrattar som sl\u00e5r andra produkter i samma prisl\u00e4ge. Komponenterna\u00a0 i mekaniken har bytts ut fr\u00e5n m\u00e4ssing till rostfritt st\u00e5l f\u00f6r att t\u00e5la frekvent anv\u00e4ndning, och justeringar kan g\u00f6ras utan verktyg. Zero-stop-mekaninsm, sikteskalibrering vid 24x f\u00f6rstoring g\u00f6r att man l\u00e4tt kan anv\u00e4nda 12x och 6x &#8211; med lite enkel matematik, s\u00e5 klart! Sj\u00e4lvklart omfattas \u00e4ven detta sikte av &#8221;Platinum Lifetime&#8221;-garanti om n\u00e5got skulle h\u00e4nda.<\/p><\/blockquote>\n<ul>\n<li>30mm tub<\/li>\n<li>Kompakt, l\u00e4ttviktsdesign<\/li>\n<li>Riktmedel i andra focusplanet \u2013 anv\u00e4ndbart vid 6x, 12x och 24x f\u00f6rstoring<\/li>\n<li>Flygplansaluminium<\/li>\n<li>Sido Parallax: 10m &#8211; o\u00e4ndligt<\/li>\n<li>&#8221;Multi-Coat&#8221;-behandlade linser<\/li>\n<li>Verktygs-fritt \u00e5terst\u00e4llbart ballistiktorn med 6 MRAD per varv<\/li>\n<li>L\u00e5sbart, mekaniskt Zero-Stop<\/li>\n<li>Avtagbar &#8221;Throw Lever&#8221;-handtag p\u00e5 f\u00f6rstoringsratten<\/li>\n<li>Vattent\u00e4tt, dims\u00e4kert, st\u00f6ts\u00e4kert &amp; kv\u00e4vegasfyllt<\/li>\n<li>Solskydd, Linsduk &amp; Linslock i gummi inkluderat<\/li>\n<\/ul>\n<p>Normal leveranstid: 3-5 arbetsdagar.<\/p>\n<p>OBS! Skickas fraktfritt vid F\u00f6rskottsbetalning via SWISH eller bank\u00f6verf\u00f6ring!<\/p>\n<p>&nbsp;<\/p>\n<p><span style=\"text-decoration: underline;\">Specifikationer (eng)<\/span><\/p>\n<div class=\"table-2\">\n<table width=\"100%\">\n<tbody>\n<tr>\n<td align=\"left\">MAGNIFICATION RANGE<\/td>\n<td align=\"left\">6-24x<\/td>\n<\/tr>\n<tr>\n<td align=\"left\">TUBE DIAMETER<\/td>\n<td align=\"left\">30mm<\/td>\n<\/tr>\n<tr>\n<td align=\"left\">OBJECTIVE LENS DIAMETER<\/td>\n<td align=\"left\">50mm<\/td>\n<\/tr>\n<tr>\n<td align=\"left\">EXIT PUPIL<\/td>\n<td align=\"left\">9-2mm<\/td>\n<\/tr>\n<tr>\n<td align=\"left\">EYE RELIEF<\/td>\n<td align=\"left\">3.94-3.54 Inches<\/td>\n<\/tr>\n<tr>\n<td align=\"left\">FIELD OF VIEW<\/td>\n<td align=\"left\">@100yds: 19.1-4.2 ft<\/td>\n<\/tr>\n<\/tbody>\n<\/table>\n<\/div>\n<div class=\"table-2\">\n<table width=\"100%\">\n<tbody>\n<tr>\n<td align=\"left\">CLICK VALUE<\/td>\n<td align=\"left\">1\/4 MOA (15 MOA \/ REV)<\/td>\n<td align=\"left\">1\/10 MRAD (6 MRAD \/ REV)<\/td>\n<\/tr>\n<tr>\n<td align=\"left\">ELEVATION ADJUSTMENT RANGE<\/td>\n<td align=\"left\">65 MOA<\/td>\n<td align=\"left\">18.9 MRAD<\/td>\n<\/tr>\n<tr>\n<td align=\"left\">WINDAGE ADJUSTMENT RANGE<\/td>\n<td align=\"left\">65 MOA<\/td>\n<td align=\"left\">18.9 MRAD<\/td>\n<\/tr>\n<tr>\n<td align=\"left\">MINIMUM PARALLAX<\/td>\n<td align=\"left\">10 YDS<\/td>\n<td align=\"left\">10 METERS<\/td>\n<\/tr>\n<tr>\n<td align=\"left\">LENGTH<\/td>\n<td align=\"left\">13.1 Inches<\/td>\n<td align=\"left\">333 mm<\/td>\n<\/tr>\n<tr>\n<td align=\"left\">WEIGHT<\/td>\n<td align=\"left\">26oz<\/td>\n<td align=\"left\">737gr<\/td>\n<\/tr>\n<\/tbody>\n<\/table>\n<\/div>\n","protected":false},"excerpt":{"rendered":"<p>Ett mycket prisv\u00e4rt, h\u00f6gklassigt instegs-sikte med 6-24 g\u00e5ngers f\u00f6rstoring, 30mm tub och 50mm linsdiameter.<\/p>\n<p>Min parallax: 10m. Vikt: 737g.<\/p>\n","protected":false},"featured_media":113,"comment_status":"open","ping_status":"closed","template":"","meta":[],"product_brand":[],"product_cat":[20],"product_tag":[],"class_list":{"0":"post-165","1":"product","2":"type-product","3":"status-publish","4":"has-post-thumbnail","6":"product_cat-optik","8":"first","9":"instock","10":"taxable","11":"shipping-taxable","12":"purchasable","13":"product-type-simple"},"jetpack_sharing_enabled":true,"_links":{"self":[{"href":"https:\/\/jakttokig.se\/index.php?rest_route=\/wp\/v2\/product\/165","targetHints":{"allow":["GET"]}}],"collection":[{"href":"https:\/\/jakttokig.se\/index.php?rest_route=\/wp\/v2\/product"}],"about":[{"href":"https:\/\/jakttokig.se\/index.php?rest_route=\/wp\/v2\/types\/product"}],"replies":[{"embeddable":true,"href":"https:\/\/jakttokig.se\/index.php?rest_route=%2Fwp%2Fv2%2Fcomments&post=165"}],"wp:featuredmedia":[{"embeddable":true,"href":"https:\/\/jakttokig.se\/index.php?rest_route=\/wp\/v2\/media\/113"}],"wp:attachment":[{"href":"https:\/\/jakttokig.se\/index.php?rest_route=%2Fwp%2Fv2%2Fmedia&parent=165"}],"wp:term":[{"taxonomy":"product_brand","embeddable":true,"href":"https:\/\/jakttokig.se\/index.php?rest_route=%2Fwp%2Fv2%2Fproduct_brand&post=165"},{"taxonomy":"product_cat","embeddable":true,"href":"https:\/\/jakttokig.se\/index.php?rest_route=%2Fwp%2Fv2%2Fproduct_cat&post=165"},{"taxonomy":"product_tag","embeddable":true,"href":"https:\/\/jakttokig.se\/index.php?rest_route=%2Fwp%2Fv2%2Fproduct_tag&post=165"}],"curies":[{"name":"wp","href":"https:\/\/api.w.org\/{rel}","templated":true}]}}