{"id":163,"date":"2020-06-05T07:52:29","date_gmt":"2020-06-05T06:52:29","guid":{"rendered":"https:\/\/jakttokig.se\/?post_type=product&#038;p=163"},"modified":"2020-06-05T07:53:21","modified_gmt":"2020-06-05T06:53:21","slug":"led-ultraviolett","status":"publish","type":"product","link":"https:\/\/jakttokig.se\/?product=led-ultraviolett","title":{"rendered":"LED Ultraviolett"},"content":{"rendered":"<p><a href=\"https:\/\/jakttokig.se\/wp-content\/uploads\/2020\/05\/led-UV.jpg\"><img loading=\"lazy\" decoding=\"async\" class=\"alignnone size-medium wp-image-133\" src=\"https:\/\/jakttokig.se\/wp-content\/uploads\/2020\/05\/led-UV-300x163.jpg\" alt=\"\" width=\"300\" height=\"163\" srcset=\"https:\/\/jakttokig.se\/wp-content\/uploads\/2020\/05\/led-UV-300x163.jpg 300w, https:\/\/jakttokig.se\/wp-content\/uploads\/2020\/05\/led-UV-416x227.jpg 416w, https:\/\/jakttokig.se\/wp-content\/uploads\/2020\/05\/led-UV.jpg 567w\" sizes=\"auto, (max-width: 300px) 100vw, 300px\" \/><\/a><\/p>\n","protected":false},"excerpt":{"rendered":"<p><a href=\"https:\/\/jakttokig.se\/wp-content\/uploads\/2020\/05\/led-UV-size.jpg\"><img loading=\"lazy\" decoding=\"async\" class=\"alignnone size-medium wp-image-134\" src=\"https:\/\/jakttokig.se\/wp-content\/uploads\/2020\/05\/led-UV-size-300x224.jpg\" alt=\"\" width=\"300\" height=\"224\" srcset=\"https:\/\/jakttokig.se\/wp-content\/uploads\/2020\/05\/led-UV-size-300x224.jpg 300w, https:\/\/jakttokig.se\/wp-content\/uploads\/2020\/05\/led-UV-size-416x311.jpg 416w, https:\/\/jakttokig.se\/wp-content\/uploads\/2020\/05\/led-UV-size.jpg 567w\" sizes=\"auto, (max-width: 300px) 100vw, 300px\" \/><\/a>En kompakt ficklampa med skarkt UV-ljus, l\u00e4mplig f\u00f6r allt fr\u00e5n kontroll av sedlar till att titta efter kissfl\u00e4ckar fr\u00e5n valpen. \u00c4ven blodfl\u00e4ckar reflekterar annorlunda i UV-ljus \u00e4n t ex l\u00f6vverk, men kan vara sv\u00e5rare att se.<\/p>\n<p>Batterier: 3 x LR03, ing\u00e5r ej.<\/p>\n","protected":false},"featured_media":133,"comment_status":"open","ping_status":"closed","template":"","meta":[],"product_brand":[],"product_cat":[30],"product_tag":[],"class_list":{"0":"post-163","1":"product","2":"type-product","3":"status-publish","4":"has-post-thumbnail","6":"product_cat-lampor","8":"first","9":"instock","10":"taxable","11":"shipping-taxable","12":"purchasable","13":"product-type-simple"},"jetpack_sharing_enabled":true,"_links":{"self":[{"href":"https:\/\/jakttokig.se\/index.php?rest_route=\/wp\/v2\/product\/163","targetHints":{"allow":["GET"]}}],"collection":[{"href":"https:\/\/jakttokig.se\/index.php?rest_route=\/wp\/v2\/product"}],"about":[{"href":"https:\/\/jakttokig.se\/index.php?rest_route=\/wp\/v2\/types\/product"}],"replies":[{"embeddable":true,"href":"https:\/\/jakttokig.se\/index.php?rest_route=%2Fwp%2Fv2%2Fcomments&post=163"}],"wp:featuredmedia":[{"embeddable":true,"href":"https:\/\/jakttokig.se\/index.php?rest_route=\/wp\/v2\/media\/133"}],"wp:attachment":[{"href":"https:\/\/jakttokig.se\/index.php?rest_route=%2Fwp%2Fv2%2Fmedia&parent=163"}],"wp:term":[{"taxonomy":"product_brand","embeddable":true,"href":"https:\/\/jakttokig.se\/index.php?rest_route=%2Fwp%2Fv2%2Fproduct_brand&post=163"},{"taxonomy":"product_cat","embeddable":true,"href":"https:\/\/jakttokig.se\/index.php?rest_route=%2Fwp%2Fv2%2Fproduct_cat&post=163"},{"taxonomy":"product_tag","embeddable":true,"href":"https:\/\/jakttokig.se\/index.php?rest_route=%2Fwp%2Fv2%2Fproduct_tag&post=163"}],"curies":[{"name":"wp","href":"https:\/\/api.w.org\/{rel}","templated":true}]}}