{"id":137,"date":"2020-05-29T15:55:43","date_gmt":"2020-05-29T14:55:43","guid":{"rendered":"https:\/\/jakttokig.se\/?post_type=product&#038;p=137"},"modified":"2024-05-18T12:31:01","modified_gmt":"2024-05-18T11:31:01","slug":"element-optics-titan","status":"publish","type":"product","link":"https:\/\/jakttokig.se\/?product=element-optics-titan","title":{"rendered":"TITAN 5-25X56FFP MRAD"},"content":{"rendered":"<h2 class=\"product-subname\"><span id=\"ctl00_ctl00_main_rightmain_ctl00_ctl00_labSubName\">ELEMENT OPTICS TITAN,\u00a0 5-25X56FFP 34MM TUB<a href=\"https:\/\/jakttokig.se\/wp-content\/uploads\/2020\/05\/Titan-MRAD-1.jpg\"><img loading=\"lazy\" decoding=\"async\" class=\"alignnone size-medium wp-image-153\" src=\"https:\/\/jakttokig.se\/wp-content\/uploads\/2020\/05\/Titan-MRAD-1-300x169.jpg\" alt=\"\" width=\"300\" height=\"169\" srcset=\"https:\/\/jakttokig.se\/wp-content\/uploads\/2020\/05\/Titan-MRAD-1-300x169.jpg 300w, https:\/\/jakttokig.se\/wp-content\/uploads\/2020\/05\/Titan-MRAD-1-416x234.jpg 416w, https:\/\/jakttokig.se\/wp-content\/uploads\/2020\/05\/Titan-MRAD-1-768x432.jpg 768w, https:\/\/jakttokig.se\/wp-content\/uploads\/2020\/05\/Titan-MRAD-1.jpg 900w\" sizes=\"auto, (max-width: 300px) 100vw, 300px\" \/><\/a><\/span><\/h2>\n<p>M\u00f6t siktet som \u00e4ndrar spelreglerna: TITAN.<\/p>\n<blockquote><p>Likt HELIX har vi p\u00e5 TITAN lagt pengarna d\u00e4r de g\u00f6r en skillnad, med precisionstillverkning och inst\u00e4llningsrattar som sl\u00e5r andra produkter i samma prisl\u00e4ge.<\/p>\n<p>F\u00f6r att g\u00f6ra det hela \u00e4nnu b\u00e4ttre, har Element Optics valt att bygga TITAN med 34mm tub och ED-glas. 34mm tub till\u00e5ter en st\u00f6rre elevation\/vindjustering f\u00f6r de d\u00e4r extrema l\u00e5ngh\u00e5llen, och 56mm linsdiameter tillsammans med ED-glaset ger dig en ultraskarp, klar bild med ett brett synf\u00e4lt. Siktet omfattas av &#8221;Platinum Lifetime&#8221;-garanti om n\u00e5got skulle h\u00e4nda.<\/p><\/blockquote>\n<p>&nbsp;<\/p>\n<div class=\"fusion-row\">\n<section id=\"content\">\n<div id=\"post-404\" class=\"post-404 product type-product status-publish has-post-thumbnail product_cat-uncategorized tm-has-options first instock shipping-taxable purchasable product-type-simple\">\n<div class=\"post-content\">\n<div class=\"fusion-fullwidth fullwidth-box fusion-builder-row-2 nonhundred-percent-fullwidth non-hundred-percent-height-scrolling\">\n<div class=\"fusion-builder-row fusion-row \">\n<div class=\"fusion-layout-column fusion_builder_column fusion_builder_column_1_1 fusion-builder-column-1 fusion-one-full fusion-column-first fusion-column-last 1_1\">\n<div class=\"fusion-column-wrapper\" data-bg-url=\"\">\n<div class=\"fusion-tabs fusion-tabs-1 clean horizontal-tabs icon-position-left\">\n<div class=\"tab-content\">\n<div id=\"tab-0c734669f39ed85818d\" class=\"tab-pane fade fusion-clearfix in active\">\n<ul>\n<li>34mm tub<\/li>\n<li>Belyst riktmedel, f\u00f6rsta focusplanet (medf\u00f6rstorande)<\/li>\n<li>Flygplansaluminium<\/li>\n<li>Sido Parallax: 15m &#8211; o\u00e4ndligt<\/li>\n<li>ED Glas f\u00f6r reducerad kromatisk aberration och f\u00f6rb\u00e4ttrad sk\u00e4rpa<\/li>\n<li>Verktygs-fritt \u00e5terst\u00e4llbart ballistiktorn med 10 MRAD per varv<\/li>\n<li>Uppgraderad ballistiktorns-mekanism i rostfritt st\u00e5l<\/li>\n<li>L\u00e5sbart, mekaniskt Zero-Stop<\/li>\n<li>Avtagbar &#8221;Throw Lever&#8221;-handtag p\u00e5 f\u00f6rstoringsratten<\/li>\n<li>Vattent\u00e4tt, dims\u00e4kert, st\u00f6ts\u00e4kert &amp; kv\u00e4vegasfyllt<\/li>\n<li>Solskydd, Linsduk &amp; Linslock i gummi inkluderat<\/li>\n<\/ul>\n<\/div>\n<\/div>\n<\/div>\n<div class=\"fusion-clearfix\"><\/div>\n<\/div>\n<\/div>\n<\/div>\n<\/div>\n<\/div>\n<\/div>\n<\/section>\n<\/div>\n<div class=\"fusion-tb-footer fusion-footer\">\n<div class=\"fusion-footer-widget-area fusion-widget-area\">\n<div class=\"fusion-fullwidth fullwidth-box fusion-builder-row-3 fusion-parallax-none nonhundred-percent-fullwidth non-hundred-percent-height-scrolling lazyloaded\" data-bg=\"https:\/\/element-optics.com\/wp-content\/uploads\/2020\/02\/footer-bg.jpg\">\n<div class=\"fusion-builder-row fusion-row \">\n<div class=\"fusion-layout-column fusion_builder_column fusion_builder_column_1_4 fusion-builder-column-2 fusion-one-fourth fusion-column-first 1_4\">\n<div class=\"fusion-column-wrapper\" data-bg-url=\"\">\n<div class=\"fusion-title title fusion-title-5 fusion-sep-none fusion-title-text fusion-title-size-five fusion-border-below-title\"><\/div>\n<\/div>\n<\/div>\n<\/div>\n<\/div>\n<\/div>\n<\/div>\n<p>Normal leveranstid: 3-5 arbetsdagar.<\/p>\n<p>&nbsp;<\/p>\n<p><span style=\"text-decoration: underline;\">Specifikationer (eng)<\/span><\/p>\n<div class=\"table-2\">\n<table width=\"100%\">\n<tbody>\n<tr>\n<td align=\"left\">MAGNIFICATION RANGE<\/td>\n<td align=\"left\">5-25x<\/td>\n<\/tr>\n<tr>\n<td align=\"left\">TUBE DIAMETER<\/td>\n<td align=\"left\">34mm<\/td>\n<\/tr>\n<tr>\n<td align=\"left\">OBJECTIVE LENS DIAMETER<\/td>\n<td align=\"left\">56mm<\/td>\n<\/tr>\n<tr>\n<td align=\"left\">EXIT PUPIL<\/td>\n<td align=\"left\">11.2\u20132.1<\/td>\n<\/tr>\n<tr>\n<td align=\"left\">EYE RELIEF<\/td>\n<td align=\"left\">3.74-3.54 Inches<\/td>\n<\/tr>\n<tr>\n<td align=\"left\">FIELD OF VIEW<\/td>\n<td align=\"left\">@100yds: 24.6-4.1<\/td>\n<\/tr>\n<\/tbody>\n<\/table>\n<\/div>\n<div class=\"table-2\">\n<table width=\"100%\">\n<tbody>\n<tr>\n<td align=\"left\">CLICK VALUE<\/td>\n<td align=\"left\">1\/4 MOA (25 MOA \/ REV)<\/td>\n<td align=\"left\">1\/10 MRAD (10 MRAD \/ REV)<\/td>\n<\/tr>\n<tr>\n<td align=\"left\">ELEVATION ADJUSTMENT RANGE<\/td>\n<td align=\"left\">80 MOA<\/td>\n<td align=\"left\">23.2 MRAD<\/td>\n<\/tr>\n<tr>\n<td align=\"left\">WINDAGE ADJUSTMENT RANGE<\/td>\n<td align=\"left\">80 MOA<\/td>\n<td align=\"left\">23.2 MRAD<\/td>\n<\/tr>\n<tr>\n<td align=\"left\">MINIMUM PARALLAX<\/td>\n<td align=\"left\">15 YDS<\/td>\n<td align=\"left\">15 METERS<\/td>\n<\/tr>\n<tr>\n<td align=\"left\">LENGTH<\/td>\n<td align=\"left\">15.16 Inches<\/td>\n<td align=\"left\">385mm<\/td>\n<\/tr>\n<tr>\n<td align=\"left\">WEIGHT<\/td>\n<td align=\"left\">39oz<\/td>\n<td align=\"left\">1105gr<\/td>\n<\/tr>\n<\/tbody>\n<\/table>\n<\/div>\n","protected":false},"excerpt":{"rendered":"<p>Med 5-25x f\u00f6rstoring, 56mm objektivdiameter och 34mm tub \u00e4r detta sikte fr\u00e5n ELEMENT OPTICS med medf\u00f6rstorande riktmedel i f\u00f6rsta focusplan, f\u00f6r den kr\u00e4sne skytten!<\/p>\n<p>Min. parallax. 15m. Vikt: 1105g.<\/p>\n","protected":false},"featured_media":150,"comment_status":"open","ping_status":"closed","template":"","meta":[],"product_brand":[],"product_cat":[20],"product_tag":[],"class_list":{"0":"post-137","1":"product","2":"type-product","3":"status-publish","4":"has-post-thumbnail","6":"product_cat-optik","8":"first","9":"outofstock","10":"taxable","11":"shipping-taxable","12":"purchasable","13":"product-type-simple"},"jetpack_sharing_enabled":true,"_links":{"self":[{"href":"https:\/\/jakttokig.se\/index.php?rest_route=\/wp\/v2\/product\/137","targetHints":{"allow":["GET"]}}],"collection":[{"href":"https:\/\/jakttokig.se\/index.php?rest_route=\/wp\/v2\/product"}],"about":[{"href":"https:\/\/jakttokig.se\/index.php?rest_route=\/wp\/v2\/types\/product"}],"replies":[{"embeddable":true,"href":"https:\/\/jakttokig.se\/index.php?rest_route=%2Fwp%2Fv2%2Fcomments&post=137"}],"wp:featuredmedia":[{"embeddable":true,"href":"https:\/\/jakttokig.se\/index.php?rest_route=\/wp\/v2\/media\/150"}],"wp:attachment":[{"href":"https:\/\/jakttokig.se\/index.php?rest_route=%2Fwp%2Fv2%2Fmedia&parent=137"}],"wp:term":[{"taxonomy":"product_brand","embeddable":true,"href":"https:\/\/jakttokig.se\/index.php?rest_route=%2Fwp%2Fv2%2Fproduct_brand&post=137"},{"taxonomy":"product_cat","embeddable":true,"href":"https:\/\/jakttokig.se\/index.php?rest_route=%2Fwp%2Fv2%2Fproduct_cat&post=137"},{"taxonomy":"product_tag","embeddable":true,"href":"https:\/\/jakttokig.se\/index.php?rest_route=%2Fwp%2Fv2%2Fproduct_tag&post=137"}],"curies":[{"name":"wp","href":"https:\/\/api.w.org\/{rel}","templated":true}]}}