{"id":130,"date":"2020-05-28T20:56:11","date_gmt":"2020-05-28T19:56:11","guid":{"rendered":"https:\/\/jakttokig.se\/?post_type=product&#038;p=130"},"modified":"2022-02-24T14:24:02","modified_gmt":"2022-02-24T13:24:02","slug":"kylskapsmagneter-cal-12","status":"publish","type":"product","link":"https:\/\/jakttokig.se\/?product=kylskapsmagneter-cal-12","title":{"rendered":"Kylsk\u00e5psmagneter cal. 12"},"content":{"rendered":"<p><a href=\"https:\/\/jakttokig.se\/wp-content\/uploads\/2020\/05\/m2_12.jpg\"><img loading=\"lazy\" decoding=\"async\" class=\"alignnone size-medium wp-image-131\" src=\"https:\/\/jakttokig.se\/wp-content\/uploads\/2020\/05\/m2_12-219x300.jpg\" alt=\"\" width=\"219\" height=\"300\" srcset=\"https:\/\/jakttokig.se\/wp-content\/uploads\/2020\/05\/m2_12-219x300.jpg 219w, https:\/\/jakttokig.se\/wp-content\/uploads\/2020\/05\/m2_12-416x570.jpg 416w, https:\/\/jakttokig.se\/wp-content\/uploads\/2020\/05\/m2_12.jpg 425w\" sizes=\"auto, (max-width: 219px) 100vw, 219px\" \/><\/a><\/p>\n<p>Kylsk\u00e5psmagnet, cal. 12, 5-pack<a href=\"https:\/\/jakttokig.se\/wp-content\/uploads\/2020\/05\/m2_12.jpg\">.\u00a0<\/a>Stark neodyn-magnet ingjuten i epoxy.<\/p>\n<p>&nbsp;<\/p>\n","protected":false},"excerpt":{"rendered":"<p>Kraftfulla, h\u00f6gglanspolerade kylsk\u00e5psmagneter. Perfekt present till j\u00e4garen &#8221;som har allt&#8221;!<\/p>\n<p>&nbsp;<\/p>\n","protected":false},"featured_media":135,"comment_status":"open","ping_status":"closed","template":"","meta":[],"product_brand":[],"product_cat":[19],"product_tag":[],"class_list":{"0":"post-130","1":"product","2":"type-product","3":"status-publish","4":"has-post-thumbnail","6":"product_cat-presentartiklar","8":"first","9":"instock","10":"sale","11":"taxable","12":"shipping-taxable","13":"purchasable","14":"product-type-simple"},"jetpack_sharing_enabled":true,"_links":{"self":[{"href":"https:\/\/jakttokig.se\/index.php?rest_route=\/wp\/v2\/product\/130","targetHints":{"allow":["GET"]}}],"collection":[{"href":"https:\/\/jakttokig.se\/index.php?rest_route=\/wp\/v2\/product"}],"about":[{"href":"https:\/\/jakttokig.se\/index.php?rest_route=\/wp\/v2\/types\/product"}],"replies":[{"embeddable":true,"href":"https:\/\/jakttokig.se\/index.php?rest_route=%2Fwp%2Fv2%2Fcomments&post=130"}],"wp:featuredmedia":[{"embeddable":true,"href":"https:\/\/jakttokig.se\/index.php?rest_route=\/wp\/v2\/media\/135"}],"wp:attachment":[{"href":"https:\/\/jakttokig.se\/index.php?rest_route=%2Fwp%2Fv2%2Fmedia&parent=130"}],"wp:term":[{"taxonomy":"product_brand","embeddable":true,"href":"https:\/\/jakttokig.se\/index.php?rest_route=%2Fwp%2Fv2%2Fproduct_brand&post=130"},{"taxonomy":"product_cat","embeddable":true,"href":"https:\/\/jakttokig.se\/index.php?rest_route=%2Fwp%2Fv2%2Fproduct_cat&post=130"},{"taxonomy":"product_tag","embeddable":true,"href":"https:\/\/jakttokig.se\/index.php?rest_route=%2Fwp%2Fv2%2Fproduct_tag&post=130"}],"curies":[{"name":"wp","href":"https:\/\/api.w.org\/{rel}","templated":true}]}}