{"id":541,"date":"2023-12-21T12:07:26","date_gmt":"2023-12-21T11:07:26","guid":{"rendered":"https:\/\/jakttokig.se\/?page_id=541"},"modified":"2023-12-21T12:16:14","modified_gmt":"2023-12-21T11:16:14","slug":"kontakt","status":"publish","type":"page","link":"https:\/\/jakttokig.se\/?page_id=541","title":{"rendered":"Kontakt"},"content":{"rendered":"\n<p>Jag n\u00e5s f\u00f6rutom via Facebook &amp; Instagram &#8211; d\u00e4r jag s\u00e5klart heter <strong>jakttokig.se<\/strong> &#8211; \u00e4ven per telefon eller mail. \u00c4r det n\u00e5got br\u00e5dskande, skicka ett SMS eller ring &#8211; jag svarar i regel n\u00e4stan j\u00e4mt (om jag inte sitter p\u00e5 pass, med fingret p\u00e5 avtryckaren&#8230;). I annat fall, om det g\u00e4ller produktfr\u00e5gor eller samarbete och liknande, s\u00e5 maila g\u00e4rna, och jag svarar oftast inom n\u00e5gra timmar.<\/p>\n\n\n\n<p>Mats Cederl\u00f6f, +4670 &#8211; 604 11 66<\/p>\n\n\n\n<p>mats@jakttokig.se<\/p>\n\n\n\n<p><\/p>\n","protected":false},"excerpt":{"rendered":"<p>Jag n\u00e5s f\u00f6rutom via Facebook &amp; Instagram &#8211; d\u00e4r jag s\u00e5klart heter jakttokig.se &#8211; \u00e4ven per telefon eller mail. \u00c4r det n\u00e5got br\u00e5dskande, skicka ett SMS eller ring &#8211; jag svarar i regel n\u00e4stan j\u00e4mt (om jag inte sitter p\u00e5 pass, med fingret p\u00e5 avtryckaren&#8230;). I annat fall, om det g\u00e4ller produktfr\u00e5gor eller samarbete och [&hellip;]<\/p>\n","protected":false},"author":2,"featured_media":0,"parent":0,"menu_order":0,"comment_status":"closed","ping_status":"closed","template":"","meta":{"footnotes":""},"class_list":["post-541","page","type-page","status-publish","hentry"],"jetpack_sharing_enabled":true,"_links":{"self":[{"href":"https:\/\/jakttokig.se\/index.php?rest_route=\/wp\/v2\/pages\/541","targetHints":{"allow":["GET"]}}],"collection":[{"href":"https:\/\/jakttokig.se\/index.php?rest_route=\/wp\/v2\/pages"}],"about":[{"href":"https:\/\/jakttokig.se\/index.php?rest_route=\/wp\/v2\/types\/page"}],"author":[{"embeddable":true,"href":"https:\/\/jakttokig.se\/index.php?rest_route=\/wp\/v2\/users\/2"}],"replies":[{"embeddable":true,"href":"https:\/\/jakttokig.se\/index.php?rest_route=%2Fwp%2Fv2%2Fcomments&post=541"}],"version-history":[{"count":3,"href":"https:\/\/jakttokig.se\/index.php?rest_route=\/wp\/v2\/pages\/541\/revisions"}],"predecessor-version":[{"id":545,"href":"https:\/\/jakttokig.se\/index.php?rest_route=\/wp\/v2\/pages\/541\/revisions\/545"}],"wp:attachment":[{"href":"https:\/\/jakttokig.se\/index.php?rest_route=%2Fwp%2Fv2%2Fmedia&parent=541"}],"curies":[{"name":"wp","href":"https:\/\/api.w.org\/{rel}","templated":true}]}}