{"id":502,"date":"2023-04-18T10:55:54","date_gmt":"2023-04-18T09:55:54","guid":{"rendered":"https:\/\/jakttokig.se\/?page_id=502"},"modified":"2023-09-27T15:52:50","modified_gmt":"2023-09-27T14:52:50","slug":"samarbeten","status":"publish","type":"page","link":"https:\/\/jakttokig.se\/?page_id=502","title":{"rendered":"Samarbeten"},"content":{"rendered":"\n<p><strong>Waffenschmiede K\u00fchn<\/strong><\/p>\n\n\n\n<p>Jag \u00e4r glad och stolt \u00f6ver att kunna ber\u00e4tta om mitt samarbete med den tyske <strong>vapensmeden Pascal K\u00fchn<\/strong> fr\u00e5n staden Biebergem\u00fcnd, strax utanf\u00f6r Frankfurt Am Mein!<\/p>\n\n\n\n<p>Pascal har m\u00e5ng\u00e5rig erfarenhet av vapenbearbetning och tillverkning, och har \u00e4ven utvecklat en del egna produkter vilka jag nu blir \u00e5terf\u00f6rs\u00e4ljare av genom generalagentur.<\/p>\n\n\n\n<p>Jag kommer undan f\u00f6r undan ut\u00f6ka mitt sortiment av Waffenschmiede K\u00fchns kvalitetsprodukter och tar g\u00e4rna hem vad ni beh\u00f6ver!<\/p>\n\n\n\n<p>Maila mig p\u00e5 info (at) jakttokig.se eller via DM p\u00e5 Instagram eller Facebook om det \u00e4r n\u00e5gon av Pascals produkter ni vill att jag tar hem \u00e5t er!<\/p>\n\n\n\n<p><\/p>\n\n\n\n<p><strong>Hurricane AB \/ Luftvapen.se<\/strong> &#8211; Element Optics kikarsikten<\/p>\n\n\n\n<p>Sedan Element Optics f\u00f6rst kom till Sverige har jag genom ett samarbete med Tobbe p\u00e5 Hurricane f\u00e5tt \u00e4ran att vara \u00e5terf\u00f6rs\u00e4ljare av dessa h\u00f6gkvalitativa kikarsikten! F\u00f6retaget Element Optics \u00e4r ett samarbete mellan FX Airguns i Mariestad och tv\u00e5 youtubers, Matt Dubber i Sydafrika och Ted Bier i USA, b\u00e5da k\u00e4nda genom sina kanaler &#8221;The Oxwagon Diaries&#8221; och &#8221;Teds Holdover&#8221;.  Matt och Ted \u00e4r b\u00e5da h\u00e4ngivna j\u00e4gare och tr\u00f6ttnade lite p\u00e5 att h\u00f6gt prissatta sikten av v\u00e4lk\u00e4nda fabrikat \u00e4nd\u00e5 saknade det d\u00e4r &#8221;lilla extra&#8221; som g\u00f6r att man kan lita p\u00e5 dem i alla situationer, och utvecklade d\u00e4rf\u00f6r fr\u00e5n b\u00f6rjan serierna HELIX, TITAN och NEXUS och nu \u00e4ven THEOS, IMMERSIVE och HYPR-7. <\/p>\n\n\n\n<p><\/p>\n","protected":false},"excerpt":{"rendered":"<p>Waffenschmiede K\u00fchn Jag \u00e4r glad och stolt \u00f6ver att kunna ber\u00e4tta om mitt samarbete med den tyske vapensmeden Pascal K\u00fchn fr\u00e5n staden Biebergem\u00fcnd, strax utanf\u00f6r Frankfurt Am Mein! Pascal har m\u00e5ng\u00e5rig erfarenhet av vapenbearbetning och tillverkning, och har \u00e4ven utvecklat en del egna produkter vilka jag nu blir \u00e5terf\u00f6rs\u00e4ljare av genom generalagentur. Jag kommer undan [&hellip;]<\/p>\n","protected":false},"author":2,"featured_media":0,"parent":0,"menu_order":0,"comment_status":"closed","ping_status":"closed","template":"","meta":{"footnotes":""},"class_list":["post-502","page","type-page","status-publish","hentry"],"jetpack_sharing_enabled":true,"_links":{"self":[{"href":"https:\/\/jakttokig.se\/index.php?rest_route=\/wp\/v2\/pages\/502","targetHints":{"allow":["GET"]}}],"collection":[{"href":"https:\/\/jakttokig.se\/index.php?rest_route=\/wp\/v2\/pages"}],"about":[{"href":"https:\/\/jakttokig.se\/index.php?rest_route=\/wp\/v2\/types\/page"}],"author":[{"embeddable":true,"href":"https:\/\/jakttokig.se\/index.php?rest_route=\/wp\/v2\/users\/2"}],"replies":[{"embeddable":true,"href":"https:\/\/jakttokig.se\/index.php?rest_route=%2Fwp%2Fv2%2Fcomments&post=502"}],"version-history":[{"count":6,"href":"https:\/\/jakttokig.se\/index.php?rest_route=\/wp\/v2\/pages\/502\/revisions"}],"predecessor-version":[{"id":536,"href":"https:\/\/jakttokig.se\/index.php?rest_route=\/wp\/v2\/pages\/502\/revisions\/536"}],"wp:attachment":[{"href":"https:\/\/jakttokig.se\/index.php?rest_route=%2Fwp%2Fv2%2Fmedia&parent=502"}],"curies":[{"name":"wp","href":"https:\/\/api.w.org\/{rel}","templated":true}]}}