{"id":20,"date":"2019-08-26T17:55:02","date_gmt":"2019-08-26T16:55:02","guid":{"rendered":"http:\/\/jakttokig.se\/?page_id=20"},"modified":"2024-07-31T13:53:43","modified_gmt":"2024-07-31T12:53:43","slug":"mina-tjanster","status":"publish","type":"page","link":"https:\/\/jakttokig.se\/?page_id=20","title":{"rendered":"Mina tj\u00e4nster"},"content":{"rendered":"\n<p>F\u00f6r mark- fastighets\u00e4gare och arrendatorer &#8211; privatpersoner som f\u00f6retag &#8211; erbjuder jag tj\u00e4nster inom viltv\u00e5rd, skyddsjakt eller jakt, d\u00e4r jakten inte redan \u00e4r utarrenderad till annan.<\/p>\n\n\n\n<p>Jag har tillst\u00e5nd f\u00f6r skjutning inom Ludvika Kommuns t\u00e4tbebyggelse, och f\u00e5r \u00e4ven r\u00f6ra mig \u00f6ver kommunens mark vid t ex jakt efter skabbr\u00e4v. <\/p>\n\n\n\n<p><strong>Viltv\u00e5rd<\/strong><\/p>\n\n\n\n<p>Har du en mark d\u00e4r djuren inte riktigt trivs? Jag kan hj\u00e4lpa dig med planering av marken, var  t ex en vilt\u00e5ker b\u00f6r anl\u00e4ggas, en saltsten placeras eller andra \u00e5tg\u00e4rder som kan g\u00f6ras f\u00f6r att viltet ska trivas b\u00e4ttre. Kontakta mig f\u00f6r en konsultation, s\u00e5 g\u00e5r vi genom f\u00f6rv\u00e4ntat resultat och vad som kr\u00e4vs f\u00f6r att n\u00e5 dit!<\/p>\n\n\n\n<p><strong>Aktiv skyddsjakt<\/strong><\/p>\n\n\n\n<p>F\u00f6r att g\u00e5 genomf\u00f6ra en skyddsjakt p\u00e5 en fastighet i Ludvika t\u00e4tort, beh\u00f6ver jag mark\u00e4gares tillst\u00e5nd. Efter att det \u00e4r klart, kontaktar jag Polisen, och meddelar att en skyddsjaktsinsats kommer att genomf\u00f6ras och var detta g\u00f6rs &#8211; allt f\u00f6r att undvika problem om n\u00e5gon granne eller f\u00f6rbipasserande blir oroad \u00f6ver att se en bev\u00e4pnad person i ett villaomr\u00e5de eller stadsk\u00e4rna. <\/p>\n\n\n\n<p>R\u00f6r skyddsjakten t ex skabbr\u00e4v, kan man med f\u00f6rdel prata med alla grannar i kvarteret och f\u00e5 deras OK att jag f\u00e5r f\u00f6lja r\u00e4ven \u00e4ven \u00f6ver deras tomter. Skapa g\u00e4rna en Facebook-grupp f\u00f6r kvarteret, d\u00e4r alla bjuds in och f\u00e5r ge sitt medgivande, och bjud \u00e4ven in mig i denna grupp. Detta fungerar ocks\u00e5 utm\u00e4rkt f\u00f6r att tala om var och n\u00e4r man senast sett r\u00e4ven, vilket g\u00f6r min insats snabbare, och djurets lidande kan f\u00f6rkortas!<\/p>\n\n\n\n<p><strong>F\u00e4llf\u00e5ngst &#8211; passiv skyddsjakt<\/strong><\/p>\n\n\n\n<p>Skyddsjakt kan \u00e4ven bedrivas med hj\u00e4lp av f\u00e4lla, och jag anv\u00e4nder bara typgodk\u00e4nda f\u00e4llor enligt Naturv\u00e5rdsverkets kriterier. F\u00e4llan placeras p\u00e5 tomt\/industrimark och maskeras i m\u00f6jligaste m\u00e5n. F\u00e4llan kan sedan kontrolleras av mark\u00e4garen, f\u00f6r att efter att den l\u00f6st ut direkt kontakta mig, alternativt s\u00e4tts en kamera upp som kontrollerar om f\u00e4llan l\u00f6st ut.<\/p>\n\n\n\n<p><strong>Viltinventering med dr\u00f6nare<\/strong><\/p>\n\n\n\n<p>Jag kan med hj\u00e4lp av dr\u00f6nare inventera viltbest\u00e5nd, sp\u00e5rs\u00e4kra, dokumentera skador orsakade av betning\/nedtrampning, samt \u00e4ven driva undan t ex f\u00e5gel fr\u00e5n platser d\u00e4r de inte ska vara. Kanske \u00e4ven ta hj\u00e4lp av mig och min dr\u00f6nare f\u00f6r att kontrollera s\u00e4kra\/farliga skjutriktningar vid skapande av nya fasta passlinjer f\u00f6r drevjakt?<\/p>\n\n\n\n<p><strong>Jakt<\/strong><\/p>\n\n\n\n<p>Har stammen av ett vilt v\u00e4xt sig f\u00f6r stor, och du beh\u00f6ver hj\u00e4lp med en riktad insats f\u00f6r att t ex sl\u00e4ppa upp yngre djur med bra f\u00f6ruts\u00e4ttningar? Har du starkt revirh\u00e4vdande djur som motar undan andra arter?<\/p>\n\n\n\n<p>Kontakta mig och vi kan gemensamt se vad som beh\u00f6ver g\u00f6ras!<\/p>\n\n\n\n<p><\/p>\n\n\n\n<p><\/p>\n","protected":false},"excerpt":{"rendered":"<p>F\u00f6r mark- fastighets\u00e4gare och arrendatorer &#8211; privatpersoner som f\u00f6retag &#8211; erbjuder jag tj\u00e4nster inom viltv\u00e5rd, skyddsjakt eller jakt, d\u00e4r jakten inte redan \u00e4r utarrenderad till annan. Jag har tillst\u00e5nd f\u00f6r skjutning inom Ludvika Kommuns t\u00e4tbebyggelse, och f\u00e5r \u00e4ven r\u00f6ra mig \u00f6ver kommunens mark vid t ex jakt efter skabbr\u00e4v. Viltv\u00e5rd Har du en mark d\u00e4r [&hellip;]<\/p>\n","protected":false},"author":2,"featured_media":0,"parent":0,"menu_order":0,"comment_status":"closed","ping_status":"closed","template":"","meta":{"footnotes":""},"class_list":["post-20","page","type-page","status-publish","hentry"],"jetpack_sharing_enabled":true,"_links":{"self":[{"href":"https:\/\/jakttokig.se\/index.php?rest_route=\/wp\/v2\/pages\/20","targetHints":{"allow":["GET"]}}],"collection":[{"href":"https:\/\/jakttokig.se\/index.php?rest_route=\/wp\/v2\/pages"}],"about":[{"href":"https:\/\/jakttokig.se\/index.php?rest_route=\/wp\/v2\/types\/page"}],"author":[{"embeddable":true,"href":"https:\/\/jakttokig.se\/index.php?rest_route=\/wp\/v2\/users\/2"}],"replies":[{"embeddable":true,"href":"https:\/\/jakttokig.se\/index.php?rest_route=%2Fwp%2Fv2%2Fcomments&post=20"}],"version-history":[{"count":8,"href":"https:\/\/jakttokig.se\/index.php?rest_route=\/wp\/v2\/pages\/20\/revisions"}],"predecessor-version":[{"id":625,"href":"https:\/\/jakttokig.se\/index.php?rest_route=\/wp\/v2\/pages\/20\/revisions\/625"}],"wp:attachment":[{"href":"https:\/\/jakttokig.se\/index.php?rest_route=%2Fwp%2Fv2%2Fmedia&parent=20"}],"curies":[{"name":"wp","href":"https:\/\/api.w.org\/{rel}","templated":true}]}}