{"id":19,"date":"2019-08-26T17:55:02","date_gmt":"2019-08-26T16:55:02","guid":{"rendered":"http:\/\/jakttokig.se\/?page_id=19"},"modified":"2022-12-29T16:31:57","modified_gmt":"2022-12-29T15:31:57","slug":"om-mig","status":"publish","type":"page","link":"https:\/\/jakttokig.se\/?page_id=19","title":{"rendered":"M\u00e5nga \u00e5r som j\u00e4gare"},"content":{"rendered":"\n<p><strong>Med mer \u00e4n 25 \u00e5r i kunskapsbagaget som j\u00e4gare, har jag b\u00f6rjat utveckla mitt intresse till n\u00e5got mer \u00e4n en ren fritidssyssels\u00e4ttning!<\/strong> <\/p>\n\n\n\n<p><strong>Jag \u00e4r uppvuxen i skogarna<\/strong> ett par mil utanf\u00f6r Arvika, men bor sedan 2003 i Ludvika, s\u00f6dra Dalarna. Jag delar min tid mellan familjen, mitt jobb p\u00e5 IT-firman <a href=\"http:\/\/www.lgit.se\">LG IT<\/a> och jakten och jakttokig.<\/p>\n\n\n\n<p><strong>Fr\u00e5n det att jag fick f\u00f6lja med<\/strong> min morbror p\u00e5 \u00e4lgjakt f\u00f6rsta g\u00e5ngen 1983 har jag haft ett stort intresse f\u00f6r jakt i alla dess former. N\u00e5got som med \u00e5ren har blivit en favorit, \u00e4r v\u00e5rjakten p\u00e5 b\u00e4ver, d\u00e5 man under f\u00f6rhoppningsvis ljumma v\u00e5rkv\u00e4llar sitter i skjort\u00e4rmarna, viftar bort n\u00e5gra av de f\u00f6rsta myggorna f\u00f6r s\u00e4songen och h\u00f6r f\u00e5glarna kvittra frenetiskt i skogen &#8211; eller en vindstilla morgon n\u00e4r man st\u00e4ller klockan p\u00e5 halv fyra, \u00e5ker ut och h\u00f6r skogen vakna&#8230; Har man sedan riktig tur kommer b\u00e4vern simmande och g\u00e5r upp p\u00e5 land inom skjuth\u00e5ll!<\/p>\n\n\n\n<p><strong>Det m\u00e5nga inte t\u00e4nker p\u00e5<\/strong>, som sj\u00e4lva inte jagar, \u00e4r att jakt \u00e4r s\u00e5 mycket mer \u00e4n att bara g\u00e5 ut i skogen och &#8221;skjuta ett djur&#8221; och ta med det hem till grillen. Alla dessa timmar man tillbringar med att l\u00e4ra k\u00e4nna sina marker, s\u00e4tta saltstenar p\u00e5 l\u00e4mpliga st\u00e4llen, st\u00f6dutfordra eller bara se till att mat finns p\u00e5 l\u00e4mplig plats i form av en vilt\u00e5ker eller tr\u00e4d och buskar. Det finns ingen riktig facit f\u00f6r varje mark, utan man f\u00e5r ta den kunskap man har, och helt enkelt pr\u00f6va sig fram.<\/p>\n\n\n\n<p><strong>Sedan n\u00e5gra \u00e5r \u00e4r jag skyddsj\u00e4gare<\/strong>, med tillst\u00e5nd att f\u00e5 skjuta inom t\u00e4tbebyggt omr\u00e5de i Ludvika kommun . D\u00e5 det \u00e4r m\u00e5nga b\u00e5de privatpersoner och f\u00f6retag som v\u00e4nt sig till mig med behov av hj\u00e4lp att ta bort skadade eller sjuka djur, eller djur som riskerar att skada eller f\u00f6rst\u00f6ra f\u00f6r en verksamhet, \u00e4r jag sedan den 20 maj 2019 FA-skatteregistrerad och  momsregistrerad. Detta inneb\u00e4r att jag kan fakturera dig, ditt f\u00f6retag eller bostadsr\u00e4ttsf\u00f6rening n\u00e4r jag hj\u00e4lper till med skyddsjakt eller annan form av viltv\u00e5rd. <\/p>\n\n\n\n<p><em><strong>Det \u00e4r jag<\/strong><\/em>, och ingen annan, som avg\u00f6r om ett djur \u00e4r skjutbart eller om det finns m\u00f6jlighet att t ex f\u00e4ll-f\u00e5nga eller sl\u00e4ppa ut djuret utan att orsaka on\u00f6digt lidande n\u00e4r jag \u00e5ker ut p\u00e5 ett uppdrag. All skyddsjakt och jakt jag bedriver, g\u00f6r jag med st\u00f6d i jaktlagstiftningen och enligt Naturv\u00e5rdsverkets riktlinjer.<\/p>\n\n\n\n<p><\/p>\n","protected":false},"excerpt":{"rendered":"<p>Med mer \u00e4n 25 \u00e5r i kunskapsbagaget som j\u00e4gare, har jag b\u00f6rjat utveckla mitt intresse till n\u00e5got mer \u00e4n en ren fritidssyssels\u00e4ttning! Jag \u00e4r uppvuxen i skogarna ett par mil utanf\u00f6r Arvika, men bor sedan 2003 i Ludvika, s\u00f6dra Dalarna. Jag delar min tid mellan familjen, mitt jobb p\u00e5 IT-firman LG IT och jakten och [&hellip;]<\/p>\n","protected":false},"author":2,"featured_media":0,"parent":0,"menu_order":0,"comment_status":"closed","ping_status":"closed","template":"","meta":{"footnotes":""},"class_list":["post-19","page","type-page","status-publish","hentry"],"jetpack_sharing_enabled":true,"_links":{"self":[{"href":"https:\/\/jakttokig.se\/index.php?rest_route=\/wp\/v2\/pages\/19","targetHints":{"allow":["GET"]}}],"collection":[{"href":"https:\/\/jakttokig.se\/index.php?rest_route=\/wp\/v2\/pages"}],"about":[{"href":"https:\/\/jakttokig.se\/index.php?rest_route=\/wp\/v2\/types\/page"}],"author":[{"embeddable":true,"href":"https:\/\/jakttokig.se\/index.php?rest_route=\/wp\/v2\/users\/2"}],"replies":[{"embeddable":true,"href":"https:\/\/jakttokig.se\/index.php?rest_route=%2Fwp%2Fv2%2Fcomments&post=19"}],"version-history":[{"count":8,"href":"https:\/\/jakttokig.se\/index.php?rest_route=\/wp\/v2\/pages\/19\/revisions"}],"predecessor-version":[{"id":439,"href":"https:\/\/jakttokig.se\/index.php?rest_route=\/wp\/v2\/pages\/19\/revisions\/439"}],"wp:attachment":[{"href":"https:\/\/jakttokig.se\/index.php?rest_route=%2Fwp%2Fv2%2Fmedia&parent=19"}],"curies":[{"name":"wp","href":"https:\/\/api.w.org\/{rel}","templated":true}]}}