{"id":112,"date":"2020-05-25T13:39:27","date_gmt":"2020-05-25T12:39:27","guid":{"rendered":"https:\/\/jakttokig.se\/?page_id=112"},"modified":"2024-07-31T15:50:26","modified_gmt":"2024-07-31T14:50:26","slug":"optik","status":"publish","type":"page","link":"https:\/\/jakttokig.se\/?page_id=112","title":{"rendered":"Optik &amp; Avst\u00e5ndsm\u00e4tare"},"content":{"rendered":"\n<p><strong>Element Optics &#8211; en intressant akt\u00f6r p\u00e5 marknaden!<\/strong><\/p>\n\n\n\n<blockquote class=\"wp-block-quote is-layout-flow wp-block-quote-is-layout-flow\">\n<p>Optikm\u00e4rket <strong>Element Optics<\/strong> \u00e4r ett samarbete mellan <strong>FX Airguns<\/strong> i Mariestad, <strong>Ted Bier<\/strong>, Youtuber fr\u00e5n USA och <strong>Matt Dubber<\/strong>, Youtuber fr\u00e5n Sydafrika. Tillsammans har de tagit fram <strong>HELIX<\/strong>, <strong>TITAN<\/strong> och <strong>NEXUS<\/strong> &#8211; kikarsikten skapade av skyttar, f\u00f6r skyttar!<\/p>\n<\/blockquote>\n\n\n\n<p><strong>Element Optics<\/strong> designar och tillverkar sikten av h\u00f6gsta kvalitet, och \u00e4r tillverkade f\u00f6r att passa lika bra ihop med luftgev\u00e4r som jakt- och t\u00e4vlingsvapen. Varje kikarsikte g\u00e5r igenom noggranna kontroller, och kommer levererat med ett testcertifikat, tillsammans med &#8221;<strong>Platinum Lifetime Warranty<\/strong>&#8221; &#8211; livstidsgaranti vid normal anv\u00e4ndning. Garantin kr\u00e4ver inte registrering eller kvitto om siktet s\u00e4ljs vidare.<\/p>\n\n\n\n<figure class=\"wp-block-gallery has-nested-images columns-default is-cropped wp-block-gallery-1 is-layout-flex wp-block-gallery-is-layout-flex\">\n<figure class=\"wp-block-image size-large\"><img loading=\"lazy\" decoding=\"async\" width=\"1024\" height=\"615\" data-id=\"228\" src=\"https:\/\/jakttokig.se\/wp-content\/uploads\/2020\/12\/Helix-FFP-4-scaled-1-1024x615.jpeg\" alt=\"HELIX 6-24 FFP\" class=\"wp-image-228\" srcset=\"https:\/\/jakttokig.se\/wp-content\/uploads\/2020\/12\/Helix-FFP-4-scaled-1-1024x615.jpeg 1024w, https:\/\/jakttokig.se\/wp-content\/uploads\/2020\/12\/Helix-FFP-4-scaled-1-416x250.jpeg 416w, https:\/\/jakttokig.se\/wp-content\/uploads\/2020\/12\/Helix-FFP-4-scaled-1-300x180.jpeg 300w, https:\/\/jakttokig.se\/wp-content\/uploads\/2020\/12\/Helix-FFP-4-scaled-1-768x461.jpeg 768w, https:\/\/jakttokig.se\/wp-content\/uploads\/2020\/12\/Helix-FFP-4-scaled-1-1536x922.jpeg 1536w, https:\/\/jakttokig.se\/wp-content\/uploads\/2020\/12\/Helix-FFP-4-scaled-1-2048x1230.jpeg 2048w\" sizes=\"auto, (max-width: 1024px) 100vw, 1024px\" \/><figcaption class=\"wp-element-caption\">HELIX<\/figcaption><\/figure>\n\n\n\n<figure class=\"wp-block-image size-large\"><img loading=\"lazy\" decoding=\"async\" width=\"900\" height=\"506\" data-id=\"118\" src=\"https:\/\/jakttokig.se\/wp-content\/uploads\/2020\/05\/Nexus-MOA-1-1.jpg\" alt=\"\" class=\"wp-image-118\" srcset=\"https:\/\/jakttokig.se\/wp-content\/uploads\/2020\/05\/Nexus-MOA-1-1.jpg 900w, https:\/\/jakttokig.se\/wp-content\/uploads\/2020\/05\/Nexus-MOA-1-1-416x234.jpg 416w, https:\/\/jakttokig.se\/wp-content\/uploads\/2020\/05\/Nexus-MOA-1-1-300x169.jpg 300w, https:\/\/jakttokig.se\/wp-content\/uploads\/2020\/05\/Nexus-MOA-1-1-768x432.jpg 768w\" sizes=\"auto, (max-width: 900px) 100vw, 900px\" \/><figcaption class=\"wp-element-caption\">TITAN<\/figcaption><\/figure>\n\n\n\n<figure class=\"wp-block-image size-large\"><img loading=\"lazy\" decoding=\"async\" width=\"900\" height=\"506\" data-id=\"119\" src=\"https:\/\/jakttokig.se\/wp-content\/uploads\/2020\/05\/Titan-MOA-1-1.jpg\" alt=\"\" class=\"wp-image-119\" srcset=\"https:\/\/jakttokig.se\/wp-content\/uploads\/2020\/05\/Titan-MOA-1-1.jpg 900w, https:\/\/jakttokig.se\/wp-content\/uploads\/2020\/05\/Titan-MOA-1-1-416x234.jpg 416w, https:\/\/jakttokig.se\/wp-content\/uploads\/2020\/05\/Titan-MOA-1-1-300x169.jpg 300w, https:\/\/jakttokig.se\/wp-content\/uploads\/2020\/05\/Titan-MOA-1-1-768x432.jpg 768w\" sizes=\"auto, (max-width: 900px) 100vw, 900px\" \/><figcaption class=\"wp-element-caption\">NEXUS<\/figcaption><\/figure>\n<\/figure>\n\n\n\n<p><strong>Element Optics <\/strong>optikserie omfattar idag:<\/p>\n\n\n\n<p>Fem modeller av HELIX &#8211; 6-24&#215;50 FFP, 6-24&#215;50 SFP och 4-16&#215;44 FFP, HD 2-16&#215;50 SFP samt HDLR 2-16&#215;50 SFP &#8211; ytterst prisv\u00e4rda sikten f\u00f6r den som vill se vad m\u00e4rkt g\u00e5r f\u00f6r!<\/p>\n\n\n\n<p>Tv\u00e5 modeller av TITAN &#8211; 5-25&#215;56 FFP och 3-18&#215;50 FFP, b\u00e5da med 34mm tub och belyst riktmedel!<\/p>\n\n\n\n<p>Toppmodellerna NEXUS &#8211; 5-25&#215;50 FFP 30mm tub, belyst riktmedel och kristallklara japanlinser av absolut b\u00e4sta kvalitet, och THEOS 6-36&#215;56 FFP f\u00f6r extremt l\u00e5ngh\u00e5llskytte eller &#8221;Benchrest&#8221; t\u00e4vlingsskytte!<\/p>\n\n\n\n<p>Alla sikten utom HELIX HD och HDLR har paralaxjustering, Zero Stop-funktion och verktygsfri justering av nollst\u00e4llning vid inskjutning. De \u00e4r tillverkade i t\u00e5lig eloxiderad flygplansaluminium och fyllda med kv\u00e4ve.<\/p>\n\n\n\n<p><strong>Nytt f\u00f6r 2024!<\/strong><\/p>\n\n\n\n<p>\u00c5rets stora nyhet \u00e4r tre stycken avst\u00e5ndsm\u00e4tare, som p\u00e5 allvar utmanar det som vi tidigare ansett vara avst\u00e5ndsm\u00e4tare! Fr\u00e5n superkompakta HELIX RF Module som monteras p\u00e5 ditt ordinarie sikte och m\u00e4ter ut till 1000m, till HELIX 1500 som klarar avst\u00e5nd upp till 1500m till HELX 3K som m\u00e4ter upp till otroliga 3000m med h\u00f6g noggrannhet &#8211; och alla tre modellerna \u00e4r utrustade med egenutvecklat ballistikchip och Bluetooth f\u00f6r att fungera ihop med den egenutvecklade appen! Match made in heaven, som det s\u00e4gs!<\/p>\n\n\n\n<p>Titta g\u00e4rna p\u00e5 klipp hur du st\u00e4ller in Zero Stop och anv\u00e4nder appen i mobilen, oavsett om du k\u00f6r den tillsammans med avst\u00e5ndsm\u00e4tare eller ej.<\/p>\n\n\n\n<figure class=\"wp-block-embed is-type-rich is-provider-inb-ddningshanterare wp-block-embed-inb-ddningshanterare wp-embed-aspect-16-9 wp-has-aspect-ratio\"><div class=\"wp-block-embed__wrapper\">\n<iframe loading=\"lazy\" title=\"How To Set your Zero-Stop (Helix, Titan &amp; Nexus)\" width=\"980\" height=\"551\" src=\"https:\/\/www.youtube.com\/embed\/JVVzHIX2RXs?feature=oembed\" frameborder=\"0\" allow=\"accelerometer; autoplay; clipboard-write; encrypted-media; gyroscope; picture-in-picture; web-share\" referrerpolicy=\"strict-origin-when-cross-origin\" allowfullscreen><\/iframe>\n<\/div><\/figure>\n\n\n\n<figure class=\"wp-block-embed is-type-video is-provider-youtube wp-block-embed-youtube wp-embed-aspect-16-9 wp-has-aspect-ratio\"><div class=\"wp-block-embed__wrapper\">\n<iframe loading=\"lazy\" title=\"NEW Titan 3K Ballistic Rangefinder | Product Overview\" width=\"980\" height=\"551\" src=\"https:\/\/www.youtube.com\/embed\/6BBtvFyXLIQ?feature=oembed\" frameborder=\"0\" allow=\"accelerometer; autoplay; clipboard-write; encrypted-media; gyroscope; picture-in-picture; web-share\" referrerpolicy=\"strict-origin-when-cross-origin\" allowfullscreen><\/iframe>\n<\/div><\/figure>\n\n\n\n<figure class=\"wp-block-embed is-type-video is-provider-youtube wp-block-embed-youtube wp-embed-aspect-16-9 wp-has-aspect-ratio\"><div class=\"wp-block-embed__wrapper\">\n<iframe loading=\"lazy\" title=\"The Element Optics HYPR-7 | Part 3: The Element Ballistics App\" width=\"980\" height=\"551\" src=\"https:\/\/www.youtube.com\/embed\/uwbDk5oTaa0?feature=oembed\" frameborder=\"0\" allow=\"accelerometer; autoplay; clipboard-write; encrypted-media; gyroscope; picture-in-picture; web-share\" referrerpolicy=\"strict-origin-when-cross-origin\" allowfullscreen><\/iframe>\n<\/div><\/figure>\n","protected":false},"excerpt":{"rendered":"<p>Element Optics &#8211; en intressant akt\u00f6r p\u00e5 marknaden! Optikm\u00e4rket Element Optics \u00e4r ett samarbete mellan FX Airguns i Mariestad, Ted Bier, Youtuber fr\u00e5n USA och Matt Dubber, Youtuber fr\u00e5n Sydafrika. Tillsammans har de tagit fram HELIX, TITAN och NEXUS &#8211; kikarsikten skapade av skyttar, f\u00f6r skyttar! Element Optics designar och tillverkar sikten av h\u00f6gsta kvalitet, [&hellip;]<\/p>\n","protected":false},"author":2,"featured_media":159,"parent":0,"menu_order":0,"comment_status":"closed","ping_status":"closed","template":"","meta":{"footnotes":""},"class_list":["post-112","page","type-page","status-publish","has-post-thumbnail","hentry"],"jetpack_sharing_enabled":true,"_links":{"self":[{"href":"https:\/\/jakttokig.se\/index.php?rest_route=\/wp\/v2\/pages\/112","targetHints":{"allow":["GET"]}}],"collection":[{"href":"https:\/\/jakttokig.se\/index.php?rest_route=\/wp\/v2\/pages"}],"about":[{"href":"https:\/\/jakttokig.se\/index.php?rest_route=\/wp\/v2\/types\/page"}],"author":[{"embeddable":true,"href":"https:\/\/jakttokig.se\/index.php?rest_route=\/wp\/v2\/users\/2"}],"replies":[{"embeddable":true,"href":"https:\/\/jakttokig.se\/index.php?rest_route=%2Fwp%2Fv2%2Fcomments&post=112"}],"version-history":[{"count":14,"href":"https:\/\/jakttokig.se\/index.php?rest_route=\/wp\/v2\/pages\/112\/revisions"}],"predecessor-version":[{"id":690,"href":"https:\/\/jakttokig.se\/index.php?rest_route=\/wp\/v2\/pages\/112\/revisions\/690"}],"wp:featuredmedia":[{"embeddable":true,"href":"https:\/\/jakttokig.se\/index.php?rest_route=\/wp\/v2\/media\/159"}],"wp:attachment":[{"href":"https:\/\/jakttokig.se\/index.php?rest_route=%2Fwp%2Fv2%2Fmedia&parent=112"}],"curies":[{"name":"wp","href":"https:\/\/api.w.org\/{rel}","templated":true}]}}